{"id":135,"date":"2015-07-23T23:05:48","date_gmt":"2015-07-23T23:05:48","guid":{"rendered":"http:\/\/inspirythemesdemo.com\/realplaces\/?page_id=135"},"modified":"2022-02-04T10:39:23","modified_gmt":"2022-02-04T10:39:23","slug":"properties-search","status":"publish","type":"page","link":"https:\/\/desrealestate.al\/en\/properties-search\/","title":{"rendered":"Properties Search"},"content":{"rendered":"","protected":false},"excerpt":{"rendered":"","protected":false},"author":1,"featured_media":0,"parent":0,"menu_order":0,"comment_status":"open","ping_status":"open","template":"page-templates\/properties-search.php","meta":{"footnotes":""},"class_list":["post-135","page","type-page","status-publish","hentry"],"yoast_head":"<!-- This site is optimized with the Yoast SEO Premium plugin v15.2 - https:\/\/yoast.com\/wordpress\/plugins\/seo\/ -->\n<title>Apartamente ne shitje okazion - DES Real Estate - Properties Search<\/title>\n<meta name=\"description\" content=\"Apartamente n\u00eb shitje okazion, sht\u00ebpi me qera, prona n\u00eb shitje, zyra me qira n\u00eb Tiran\u00eb, shitblerje sht\u00ebpish, vila me qera.\" \/>\n<meta name=\"robots\" content=\"index, follow, max-snippet:-1, max-image-preview:large, max-video-preview:-1\" \/>\n<link rel=\"canonical\" href=\"https:\/\/desrealestate.al\/properties-search\/\" \/>\n<meta property=\"og:locale\" content=\"en_GB\" \/>\n<meta property=\"og:type\" content=\"article\" \/>\n<meta property=\"og:title\" content=\"Apartamente ne shitje okazion - DES Real Estate - Properties Search\" \/>\n<meta property=\"og:description\" content=\"Apartamente n\u00eb shitje okazion, sht\u00ebpi me qera, prona n\u00eb shitje, zyra me qira n\u00eb Tiran\u00eb, shitblerje sht\u00ebpish, vila me qera.\" \/>\n<meta property=\"og:url\" content=\"https:\/\/desrealestate.al\/properties-search\/\" \/>\n<meta property=\"og:site_name\" content=\"DES Real Estate\" \/>\n<meta property=\"article:publisher\" content=\"https:\/\/www.facebook.com\/DesRealEstate.al\/\" \/>\n<meta property=\"article:modified_time\" content=\"2022-02-04T10:39:23+00:00\" \/>\n<meta property=\"og:image\" content=\"https:\/\/desrealestate.al\/wp-content\/uploads\/2020\/11\/DES-Real-Estate-Logo-Vertikale-fb.jpg\" \/>\n\t<meta property=\"og:image:width\" content=\"1102\" \/>\n\t<meta property=\"og:image:height\" content=\"596\" \/>\n<meta property=\"fb:app_id\" content=\"387924425682656\" \/>\n<meta name=\"twitter:card\" content=\"summary_large_image\" \/>\n<meta name=\"twitter:label1\" value=\"Written by\">\n\t<meta name=\"twitter:data1\" value=\"master\">\n<script type=\"application\/ld+json\" class=\"yoast-schema-graph\">{\"@context\":\"https:\/\/schema.org\",\"@graph\":[{\"@type\":\"Organization\",\"@id\":\"https:\/\/desrealestate.al\/sq\/#organization\",\"name\":\"DES Real Estate\",\"url\":\"https:\/\/desrealestate.al\/sq\/\",\"sameAs\":[\"https:\/\/www.facebook.com\/DesRealEstate.al\/\",\"https:\/\/www.instagram.com\/desrealestate.al\/\"],\"logo\":{\"@type\":\"ImageObject\",\"@id\":\"https:\/\/desrealestate.al\/sq\/#logo\",\"inLanguage\":\"en-GB\",\"url\":\"https:\/\/desrealestate.al\/wp-content\/uploads\/2020\/05\/DES-Real-Estate-Logo-Vertikale.png\",\"width\":171,\"height\":115,\"caption\":\"DES Real Estate\"},\"image\":{\"@id\":\"https:\/\/desrealestate.al\/sq\/#logo\"}},{\"@type\":\"WebSite\",\"@id\":\"https:\/\/desrealestate.al\/sq\/#website\",\"url\":\"https:\/\/desrealestate.al\/sq\/\",\"name\":\"DES Real Estate\",\"description\":\"Sht\\u00ebpia \\u00ebsht\\u00eb e para\",\"publisher\":{\"@id\":\"https:\/\/desrealestate.al\/sq\/#organization\"},\"potentialAction\":[{\"@type\":\"SearchAction\",\"target\":\"https:\/\/desrealestate.al\/sq\/?s={search_term_string}\",\"query-input\":\"required name=search_term_string\"}],\"inLanguage\":\"en-GB\"},{\"@type\":\"WebPage\",\"@id\":\"https:\/\/desrealestate.al\/properties-search\/#webpage\",\"url\":\"https:\/\/desrealestate.al\/properties-search\/\",\"name\":\"Apartamente ne shitje okazion - DES Real Estate - Properties Search\",\"isPartOf\":{\"@id\":\"https:\/\/desrealestate.al\/sq\/#website\"},\"datePublished\":\"2015-07-23T23:05:48+00:00\",\"dateModified\":\"2022-02-04T10:39:23+00:00\",\"description\":\"Apartamente n\\u00eb shitje okazion, sht\\u00ebpi me qera, prona n\\u00eb shitje, zyra me qira n\\u00eb Tiran\\u00eb, shitblerje sht\\u00ebpish, vila me qera.\",\"inLanguage\":\"en-GB\",\"potentialAction\":[{\"@type\":\"ReadAction\",\"target\":[\"https:\/\/desrealestate.al\/properties-search\/\"]}]}]}<\/script>\n<!-- \/ Yoast SEO Premium plugin. -->","_links":{"self":[{"href":"https:\/\/desrealestate.al\/en\/wp-json\/wp\/v2\/pages\/135"}],"collection":[{"href":"https:\/\/desrealestate.al\/en\/wp-json\/wp\/v2\/pages"}],"about":[{"href":"https:\/\/desrealestate.al\/en\/wp-json\/wp\/v2\/types\/page"}],"author":[{"embeddable":true,"href":"https:\/\/desrealestate.al\/en\/wp-json\/wp\/v2\/users\/1"}],"replies":[{"embeddable":true,"href":"https:\/\/desrealestate.al\/en\/wp-json\/wp\/v2\/comments?post=135"}],"version-history":[{"count":2,"href":"https:\/\/desrealestate.al\/en\/wp-json\/wp\/v2\/pages\/135\/revisions"}],"predecessor-version":[{"id":48026,"href":"https:\/\/desrealestate.al\/en\/wp-json\/wp\/v2\/pages\/135\/revisions\/48026"}],"wp:attachment":[{"href":"https:\/\/desrealestate.al\/en\/wp-json\/wp\/v2\/media?parent=135"}],"curies":[{"name":"wp","href":"https:\/\/api.w.org\/{rel}","templated":true}]}}