{"id":15181,"date":"2020-05-06T16:10:35","date_gmt":"2020-05-06T16:10:35","guid":{"rendered":"https:\/\/desrealestate.al\/?page_id=15181"},"modified":"2025-07-16T09:21:58","modified_gmt":"2025-07-16T09:21:58","slug":"franchise-des-real-estate","status":"publish","type":"page","link":"https:\/\/desrealestate.al\/en\/franchise-des-real-estate\/","title":{"rendered":"Franchise"},"content":{"rendered":"<p>[vc_row][vc_column][vc_column_text]<\/p>\n<h3><strong>Nj\u00eb prezantim i shkurt\u00ebr i DES Real Estate sh.p.k!<\/strong><\/h3>\n<h5>DES Real Estate sh.p.k\u00a0\u00a0\u00ebsht\u00eb kompania q\u00eb operon prej 3 vitesh n\u00eb tregun e\u00a0\u00a0nd\u00ebrmjet\u00ebsimit, shit-blerje, dh\u00ebnie-marrje me qira t\u00eb pronave t\u00eb paluajtshme.<\/h5>\n<h5>Modeli yn\u00eb i biznesit \u00ebsht\u00eb operimi p\u00ebrmes zyrave t\u00eb pavarura, t\u00eb cilat marrin\u00a0\u00a0Franchizen &#8220;DES Real Estate&#8221; dhe operojn\u00eb s\u00eb bashku e ve\u00e7 e ve\u00e7 n\u00eb nd\u00ebrmjet\u00ebsime n\u00eb tregun e patundshm\u00ebrive.<\/h5>\n<h5>Deri tani DES Real Estate sh.p.k operon me nj\u00eb rrjet t\u00eb suksessh\u00ebm prej 9 zyrash n\u00eb Tiran\u00eb, Shkod\u00ebr, Elbasan, Vlor\u00eb (Lungomare), Fier, Lushnj\u00eb, Himar\u00eb, Sarand\u00eb s\u00eb shpejti. Jan\u00eb edhe 3 zyra t\u00eb reja q\u00eb jan\u00eb n\u00eb negocim dhe do t\u00eb hapen s\u00eb shpejti n\u00eb Tiran\u00eb dhe Kosov\u00eb.<\/h5>\n<h5>Organizimi i kompanis\u00eb son\u00eb \u00ebsht\u00eb i strukturuar n\u00eb m\u00ebnyr\u00ebn e duhur, ku \u00e7do zyr\u00eb\/broker merr mb\u00ebshtetjen maksimale nga zyra MASTER dhe i p\u00ebrmbahet dokumentacionit, standardeve dhe rregullave t\u00eb vendosura p\u00ebr t\u00eb gjith\u00eb e q\u00eb respektohen nga t\u00eb gjith\u00eb.<\/h5>\n<h5>Masteri e k\u00ebrkon nga brokerat respektimin e standardeve t\u00eb vendosura dhe i garanton ato.<\/h5>\n<h4><strong>\u00c7far\u00eb ofron Master DES p\u00ebr Zyrat e Brokerave?<\/strong><\/h4>\n<h5>Ajo \u00e7far\u00eb ofrojm\u00eb ndryshe nga franchizat e tjera jan\u00eb:<\/h5>\n<ul>\n<li>\n<h5>Roli shum\u00eb suportues p\u00ebr brokerat e DES Real Estate sh.p.k.<\/h5>\n<\/li>\n<li>\n<h5>Referimin te brokerat t\u00eb t\u00eb gjitha kontakteve q\u00eb vijn\u00eb te MASTERI p\u00ebr sh\u00ebrbimet e DES Real Estate.<\/h5>\n<\/li>\n<li>\n<h5>Marketingu n\u00eb nivel lokal e komb\u00ebtar.<\/h5>\n<\/li>\n<li>\n<h5>K\u00ebshillim juridik n\u00eb t\u00eb gjitha rastet e nevojshme p\u00ebr \u00e7do agjent dhe broker.<\/h5>\n<\/li>\n<li>\n<h5>K\u00ebshillim financiar.<\/h5>\n<\/li>\n<li>\n<h5>K\u00ebshillim menaxherial.<\/h5>\n<\/li>\n<li>\n<h5>Trajnime t\u00eb vazhdueshme.<\/h5>\n<\/li>\n<li>\n<h5>Mb\u00ebshtetje non stop p\u00ebr \u00e7do zyr\u00eb e agjent.<\/h5>\n<\/li>\n<li>\n<h5>Shitje n\u00eb bashk\u00ebpunim midis\u00a0\u00a0zyrave\u00a0\u00a0me p\u00ebrfitim reciprok p\u00ebr secilin broker e agjent t\u00eb p\u00ebrfshir\u00eb.<\/h5>\n<\/li>\n<li>\n<h5>Referime rekrut\u00ebsh t\u00eb rinj (agjent\u00eb).<\/h5>\n<\/li>\n<li>\n<h5>Dizajnimin e plot\u00eb t\u00eb interiorit dhe eksteriorit t\u00eb zyrave t\u00eb brokerave.<\/h5>\n<\/li>\n<li>\n<h5>\u00c7mime t\u00eb arsyeshme dhe krejt t\u00eb justifikuara t\u00eb Licenc\u00ebs s\u00eb Brokerit dhe t\u00eb nd\u00ebrmjet\u00ebsimit.<\/h5>\n<\/li>\n<li>\n<h5>Masteri nuk ka zyr\u00eb t\u00eb vet\u00ebn nd\u00ebrmjet\u00ebsimi dhe nuk konkuron asnj\u00eb zyr\u00eb t\u00eb borkerave.<\/h5>\n<\/li>\n<\/ul>\n<h5>Nj\u00eb zyr\u00eb e vetme i ka shum\u00eb t\u00eb limituara mund\u00ebsit\u00eb p\u00ebr biznes, zhvillim, shitje dhe p\u00ebr t\u2019i mbijetuar kompanive m\u00eb t\u00eb m\u00ebdha, t\u00eb mir\u00eborganizuara dhe ofensive n\u00eb treg si\u00e7 \u00ebsht\u00eb DES Real Estate sh.p.k.<\/h5>\n<h4><strong>Jemi krenar\u00eb p\u00ebr skuadr\u00ebn ton\u00eb!<\/strong><\/h4>\n<h5>Skuadra jon\u00eb ka njer\u00ebz energjik\u00eb dhe profesionist\u00eb t\u00eb shk\u00eblqyer, q\u00eb kan\u00eb d\u00ebshir\u00eb p\u00ebr pun\u00eb, karrier\u00eb dhe q\u00eb e kan\u00eb kthyer k\u00ebt\u00eb profesion n\u00eb biznesin e jet\u00ebs.<\/h5>\n<h5>N\u00ebse jeni i interesuar p\u00ebr t\u00eb qen\u00eb BROKER &#8220;DES Real\u00a0\u00a0Estate&#8221;, ju lutem na shkruani.<\/h5>\n<h5>Ne do t\u00eb organizojm\u00eb\u00a0 takimin me ju apo me drejtuesit tuaj p\u00ebr t\u00eb diskutuar nga af\u00ebr mbi p\u00ebrfitimet dhe mund\u00ebsit\u00eb p\u00ebr t\u00eb qen\u00eb Broker i DES Real Estate.<\/h5>\n<p><strong>D\u00ebshironi t\u00eb b\u00ebheni broker i DES Real Estate<\/strong> ?<\/p>\n<h6><strong>Jeni t\u00eb interesuar t\u00eb krijoni nj\u00eb agjenci imobiliare franshis\u00eb t\u00eb DES Real Estate ? <\/strong><strong>Ju lutem kontaktoni:<br \/>\n<\/strong><\/h6>\n<h5><b>Brixhida Kokedhima<br \/>\n<\/b><b>CEO<br \/>\n<\/b><b>DES Real Estate sh.p.k<\/b><\/h5>\n<h6><b>Adresa: RR. Ismail Qemali,<br \/>\n<\/b><b>\u00a0 \u00a0 \u00a0 \u00a0 \u00a0 \u00a0 \u00a0 \u00a0 \u00a0Ish Blloku<br \/>\n<\/b><b>\u00a0 \u00a0 \u00a0 \u00a0 \u00a0 \u00a0 \u00a0 \u00a0 \u00a0Pallati Abissnet, Tiran\u00eb<br \/>\n<\/b><b>\u00a0 \u00a0 \u00a0 \u00a0 \u00a0 \u00a0 \u00a0 \u00a0 \u00a0Shqip\u00ebri<\/b><\/h6>\n<h6><b>E-mail:\u00a0 <a style=\"color: #000000;\" href=\"mailto:brixhida.kokedhima@desrealestate.al\" rel=\"noreferrer\">brixhida.kokedhima@desrealestate.al<\/a><br \/>\n<\/b><b>Mob:\u00a0 \u00a0(00355) 69 703 2247<\/b><\/h6>\n<h5><\/h5>\n<p>[\/vc_column_text][\/vc_column][\/vc_row]<\/p>","protected":false},"excerpt":{"rendered":"<p>[vc_row][vc_column][vc_column_text] Nj\u00eb prezantim i shkurt\u00ebr i DES Real Estate sh.p.k! DES Real Estate sh.p.k\u00a0\u00a0\u00ebsht\u00eb kompania q\u00eb operon prej 3 vitesh n\u00eb tregun e\u00a0\u00a0nd\u00ebrmjet\u00ebsimit, shit-blerje, dh\u00ebnie-marrje me qira t\u00eb pronave t\u00eb paluajtshme. Modeli yn\u00eb i biznesit \u00ebsht\u00eb operimi p\u00ebrmes zyrave t\u00eb pavarura, t\u00eb cilat marrin\u00a0\u00a0Franchizen &#8220;DES Real Estate&#8221; dhe operojn\u00eb s\u00eb bashku e ve\u00e7 e ve\u00e7 [&hellip;]<\/p>","protected":false},"author":1,"featured_media":0,"parent":0,"menu_order":0,"comment_status":"closed","ping_status":"closed","template":"","meta":{"footnotes":""},"class_list":["post-15181","page","type-page","status-publish","hentry"],"yoast_head":"<!-- This site is optimized with the Yoast SEO Premium plugin v15.2 - https:\/\/yoast.com\/wordpress\/plugins\/seo\/ -->\n<title>Franchise - DES Real Estate - Zyrat DES Real Estate.<\/title>\n<meta name=\"description\" content=\"DES operon p\u00ebrmes zyrave t\u00eb pavarura, t\u00eb cilat marrin Franchizen \u201cDES Real Estate\u201d dhe operojn\u00eb n\u00eb nd\u00ebrmjet\u00ebsime n\u00eb tregun e patundshm\u00ebrive.\" \/>\n<meta name=\"robots\" content=\"index, follow, max-snippet:-1, max-image-preview:large, max-video-preview:-1\" \/>\n<link rel=\"canonical\" href=\"https:\/\/desrealestate.al\/franchise-des-real-estate\/\" \/>\n<meta property=\"og:locale\" content=\"en_GB\" \/>\n<meta property=\"og:type\" content=\"article\" \/>\n<meta property=\"og:title\" content=\"Franchise - DES Real Estate - Zyrat DES Real Estate.\" \/>\n<meta property=\"og:description\" content=\"DES operon p\u00ebrmes zyrave t\u00eb pavarura, t\u00eb cilat marrin Franchizen \u201cDES Real Estate\u201d dhe operojn\u00eb n\u00eb nd\u00ebrmjet\u00ebsime n\u00eb tregun e patundshm\u00ebrive.\" \/>\n<meta property=\"og:url\" content=\"https:\/\/desrealestate.al\/franchise-des-real-estate\/\" \/>\n<meta property=\"og:site_name\" content=\"DES Real Estate\" \/>\n<meta property=\"article:publisher\" content=\"https:\/\/www.facebook.com\/DesRealEstate.al\/\" \/>\n<meta property=\"article:modified_time\" content=\"2025-07-16T09:21:58+00:00\" \/>\n<meta property=\"og:image\" content=\"https:\/\/desrealestate.al\/wp-content\/uploads\/2020\/11\/DES-Real-Estate-Logo-Vertikale-fb.jpg\" \/>\n\t<meta property=\"og:image:width\" content=\"1102\" \/>\n\t<meta property=\"og:image:height\" content=\"596\" \/>\n<meta property=\"fb:app_id\" content=\"387924425682656\" \/>\n<meta name=\"twitter:card\" content=\"summary_large_image\" \/>\n<meta name=\"twitter:label1\" value=\"Written by\">\n\t<meta name=\"twitter:data1\" value=\"master\">\n\t<meta name=\"twitter:label2\" value=\"Estimated reading time\">\n\t<meta name=\"twitter:data2\" value=\"2 minutes\">\n<script type=\"application\/ld+json\" class=\"yoast-schema-graph\">{\"@context\":\"https:\/\/schema.org\",\"@graph\":[{\"@type\":\"Organization\",\"@id\":\"https:\/\/desrealestate.al\/sq\/#organization\",\"name\":\"DES Real Estate\",\"url\":\"https:\/\/desrealestate.al\/sq\/\",\"sameAs\":[\"https:\/\/www.facebook.com\/DesRealEstate.al\/\",\"https:\/\/www.instagram.com\/desrealestate.al\/\"],\"logo\":{\"@type\":\"ImageObject\",\"@id\":\"https:\/\/desrealestate.al\/sq\/#logo\",\"inLanguage\":\"en-GB\",\"url\":\"https:\/\/desrealestate.al\/wp-content\/uploads\/2020\/05\/DES-Real-Estate-Logo-Vertikale.png\",\"width\":171,\"height\":115,\"caption\":\"DES Real Estate\"},\"image\":{\"@id\":\"https:\/\/desrealestate.al\/sq\/#logo\"}},{\"@type\":\"WebSite\",\"@id\":\"https:\/\/desrealestate.al\/sq\/#website\",\"url\":\"https:\/\/desrealestate.al\/sq\/\",\"name\":\"DES Real Estate\",\"description\":\"Sht\\u00ebpia \\u00ebsht\\u00eb e para\",\"publisher\":{\"@id\":\"https:\/\/desrealestate.al\/sq\/#organization\"},\"potentialAction\":[{\"@type\":\"SearchAction\",\"target\":\"https:\/\/desrealestate.al\/sq\/?s={search_term_string}\",\"query-input\":\"required name=search_term_string\"}],\"inLanguage\":\"en-GB\"},{\"@type\":\"WebPage\",\"@id\":\"https:\/\/desrealestate.al\/franchise-des-real-estate\/#webpage\",\"url\":\"https:\/\/desrealestate.al\/franchise-des-real-estate\/\",\"name\":\"Franchise - DES Real Estate - Zyrat DES Real Estate.\",\"isPartOf\":{\"@id\":\"https:\/\/desrealestate.al\/sq\/#website\"},\"datePublished\":\"2020-05-06T16:10:35+00:00\",\"dateModified\":\"2025-07-16T09:21:58+00:00\",\"description\":\"DES operon p\\u00ebrmes zyrave t\\u00eb pavarura, t\\u00eb cilat marrin Franchizen \\u201cDES Real Estate\\u201d dhe operojn\\u00eb n\\u00eb nd\\u00ebrmjet\\u00ebsime n\\u00eb tregun e patundshm\\u00ebrive.\",\"inLanguage\":\"en-GB\",\"potentialAction\":[{\"@type\":\"ReadAction\",\"target\":[\"https:\/\/desrealestate.al\/franchise-des-real-estate\/\"]}]}]}<\/script>\n<!-- \/ Yoast SEO Premium plugin. -->","_links":{"self":[{"href":"https:\/\/desrealestate.al\/en\/wp-json\/wp\/v2\/pages\/15181"}],"collection":[{"href":"https:\/\/desrealestate.al\/en\/wp-json\/wp\/v2\/pages"}],"about":[{"href":"https:\/\/desrealestate.al\/en\/wp-json\/wp\/v2\/types\/page"}],"author":[{"embeddable":true,"href":"https:\/\/desrealestate.al\/en\/wp-json\/wp\/v2\/users\/1"}],"replies":[{"embeddable":true,"href":"https:\/\/desrealestate.al\/en\/wp-json\/wp\/v2\/comments?post=15181"}],"version-history":[{"count":27,"href":"https:\/\/desrealestate.al\/en\/wp-json\/wp\/v2\/pages\/15181\/revisions"}],"predecessor-version":[{"id":81613,"href":"https:\/\/desrealestate.al\/en\/wp-json\/wp\/v2\/pages\/15181\/revisions\/81613"}],"wp:attachment":[{"href":"https:\/\/desrealestate.al\/en\/wp-json\/wp\/v2\/media?parent=15181"}],"curies":[{"name":"wp","href":"https:\/\/api.w.org\/{rel}","templated":true}]}}