{"id":3906,"date":"2018-12-03T11:27:05","date_gmt":"2018-12-03T11:27:05","guid":{"rendered":"https:\/\/desrealestate.al\/?page_id=3906"},"modified":"2022-02-04T10:48:23","modified_gmt":"2022-02-04T10:48:23","slug":"publiko-prona","status":"publish","type":"page","link":"https:\/\/desrealestate.al\/en\/publiko-prona\/","title":{"rendered":"Publiko prona"},"content":{"rendered":"<p>[vc_row][vc_column][vc_raw_html]JTNDc3R5bGUlM0UlMEEuZmxleGllLWZvcm0tcmVuZGVyJTIwLmJ0bi1zdWNjZXNzJTIwJTdCJTBBJTIwJTIwJTIwJTIwYmFja2dyb3VuZC1jb2xvciUzQSUyMCUyM2VkMWMyNCUyMWltcG9ydGFudCUzQiUwQSU3RCUwQS5mbGV4aWUtZm9ybS1yZW5kZXIlMjAuc21hbGwlMjAlN0IlMjBmb250LXNpemUlM0ElMjA4MCUyNSUyMCUyMWltcG9ydGFudCUzQiUyMCU3RCUwQS5mbGV4aWUtZm9ybS1yZW5kZXIlMjBsYWJlbCUyMCU3QiUyMG1hcmdpbi1ib3R0b20lM0ElMjAwJTIwJTIxaW1wb3J0YW50JTNCJTIwZm9udC13ZWlnaHQlM0ElMjBub3JtYWwlMjAlMjFpbXBvcnRhbnQlM0IlMjAlN0QlMEEuZmxleGllLWZvcm0tcmVuZGVyJTIwaW5wdXQlNUJ0eXBlJTNEJTIycmFkaW8lMjIlNUQlMkMlMjAuZmxleGllLWZvcm0tcmVuZGVyJTIwaW5wdXQlNUJ0eXBlJTNEJTIyY2hlY2tib3glMjIlNUQlMjAlN0IlMjBkaXNwbGF5JTNBJTIwaW5saW5lLWJsb2NrJTIwJTIxaW1wb3J0YW50JTNCJTIwJTdEJTBBLmZsZXhpZS1mb3JtLXJlbmRlciUyMGlucHV0JTVCdHlwZSUzRCUyMmNoZWNrYm94JTIyJTVEJTIwJTdCJTIwLXdlYmtpdC1hcHBlYXJhbmNlJTNBJTIwY2hlY2tib3glMjAlMjFpbXBvcnRhbnQlM0IlMjAlN0QlMEEuZmxleGllLWZvcm0tcmVuZGVyJTIwaW5wdXQlNUJ0eXBlJTNEJTIycmFkaW8lMjIlNUQlMjAlN0IlMjAtd2Via2l0LWFwcGVhcmFuY2UlM0ElMjByYWRpbyUyMCUyMWltcG9ydGFudCUzQiUyMCU3RCUwQSUzQyUyRnN0eWxlJTNFJTBBJTBBJTNDc2NyaXB0JTIwc3JjJTNEJTIyaHR0cHMlM0ElMkYlMkZkZXMuZmxleGllLmlvJTJGbG9hZC1mb3JtLmpzJTNGaWRmJTNENDVjNWFlMTg5NTU2MjhkOTg3NTdhNGFhNTRkYTFlN2MlMjIlM0UlM0MlMkZzY3JpcHQlM0U=[\/vc_raw_html][\/vc_column][\/vc_row]<\/p>","protected":false},"excerpt":{"rendered":"<p>[vc_row][vc_column][vc_raw_html]JTNDc3R5bGUlM0UlMEEuZmxleGllLWZvcm0tcmVuZGVyJTIwLmJ0bi1zdWNjZXNzJTIwJTdCJTBBJTIwJTIwJTIwJTIwYmFja2dyb3VuZC1jb2xvciUzQSUyMCUyM2VkMWMyNCUyMWltcG9ydGFudCUzQiUwQSU3RCUwQS5mbGV4aWUtZm9ybS1yZW5kZXIlMjAuc21hbGwlMjAlN0IlMjBmb250LXNpemUlM0ElMjA4MCUyNSUyMCUyMWltcG9ydGFudCUzQiUyMCU3RCUwQS5mbGV4aWUtZm9ybS1yZW5kZXIlMjBsYWJlbCUyMCU3QiUyMG1hcmdpbi1ib3R0b20lM0ElMjAwJTIwJTIxaW1wb3J0YW50JTNCJTIwZm9udC13ZWlnaHQlM0ElMjBub3JtYWwlMjAlMjFpbXBvcnRhbnQlM0IlMjAlN0QlMEEuZmxleGllLWZvcm0tcmVuZGVyJTIwaW5wdXQlNUJ0eXBlJTNEJTIycmFkaW8lMjIlNUQlMkMlMjAuZmxleGllLWZvcm0tcmVuZGVyJTIwaW5wdXQlNUJ0eXBlJTNEJTIyY2hlY2tib3glMjIlNUQlMjAlN0IlMjBkaXNwbGF5JTNBJTIwaW5saW5lLWJsb2NrJTIwJTIxaW1wb3J0YW50JTNCJTIwJTdEJTBBLmZsZXhpZS1mb3JtLXJlbmRlciUyMGlucHV0JTVCdHlwZSUzRCUyMmNoZWNrYm94JTIyJTVEJTIwJTdCJTIwLXdlYmtpdC1hcHBlYXJhbmNlJTNBJTIwY2hlY2tib3glMjAlMjFpbXBvcnRhbnQlM0IlMjAlN0QlMEEuZmxleGllLWZvcm0tcmVuZGVyJTIwaW5wdXQlNUJ0eXBlJTNEJTIycmFkaW8lMjIlNUQlMjAlN0IlMjAtd2Via2l0LWFwcGVhcmFuY2UlM0ElMjByYWRpbyUyMCUyMWltcG9ydGFudCUzQiUyMCU3RCUwQSUzQyUyRnN0eWxlJTNFJTBBJTBBJTNDc2NyaXB0JTIwc3JjJTNEJTIyaHR0cHMlM0ElMkYlMkZkZXMuZmxleGllLmlvJTJGbG9hZC1mb3JtLmpzJTNGaWRmJTNENDVjNWFlMTg5NTU2MjhkOTg3NTdhNGFhNTRkYTFlN2MlMjIlM0UlM0MlMkZzY3JpcHQlM0U=[\/vc_raw_html][\/vc_column][\/vc_row]<\/p>","protected":false},"author":1,"featured_media":0,"parent":0,"menu_order":0,"comment_status":"closed","ping_status":"closed","template":"page-templates\/full-width-side-bar.php","meta":{"footnotes":""},"class_list":["post-3906","page","type-page","status-publish","hentry"],"yoast_head":"<!-- This site is optimized with the Yoast SEO Premium plugin v15.2 - https:\/\/yoast.com\/wordpress\/plugins\/seo\/ -->\n<title>Shitblerje shtepish - DES Real Estate - Publiko prona<\/title>\n<meta name=\"description\" content=\"Publiko pron\u00ebn n\u00eb DES, nj\u00eb real estate me zyra n\u00eb Tiran\u00eb dhe gjith\u00eb Shqip\u00ebrin\u00eb, me eksperienc\u00eb disa vje\u00e7are n\u00eb shitbljerje sht\u00ebpish.\" \/>\n<meta name=\"robots\" content=\"index, follow, max-snippet:-1, max-image-preview:large, max-video-preview:-1\" \/>\n<link rel=\"canonical\" href=\"https:\/\/desrealestate.al\/publiko-prona\/\" \/>\n<meta property=\"og:locale\" content=\"en_GB\" \/>\n<meta property=\"og:type\" content=\"article\" \/>\n<meta property=\"og:title\" content=\"Shitblerje shtepish - DES Real Estate - Publiko prona\" \/>\n<meta property=\"og:description\" content=\"Publiko pron\u00ebn n\u00eb DES, nj\u00eb real estate me zyra n\u00eb Tiran\u00eb dhe gjith\u00eb Shqip\u00ebrin\u00eb, me eksperienc\u00eb disa vje\u00e7are n\u00eb shitbljerje sht\u00ebpish.\" \/>\n<meta property=\"og:url\" content=\"https:\/\/desrealestate.al\/publiko-prona\/\" \/>\n<meta property=\"og:site_name\" content=\"DES Real Estate\" \/>\n<meta property=\"article:publisher\" content=\"https:\/\/www.facebook.com\/DesRealEstate.al\/\" \/>\n<meta property=\"article:modified_time\" content=\"2022-02-04T10:48:23+00:00\" \/>\n<meta property=\"og:image\" content=\"https:\/\/desrealestate.al\/wp-content\/uploads\/2020\/11\/DES-Real-Estate-Logo-Vertikale-fb.jpg\" \/>\n\t<meta property=\"og:image:width\" content=\"1102\" \/>\n\t<meta property=\"og:image:height\" content=\"596\" \/>\n<meta property=\"fb:app_id\" content=\"387924425682656\" \/>\n<meta name=\"twitter:card\" content=\"summary_large_image\" \/>\n<meta name=\"twitter:label1\" value=\"Written by\">\n\t<meta name=\"twitter:data1\" value=\"master\">\n\t<meta name=\"twitter:label2\" value=\"Estimated reading time\">\n\t<meta name=\"twitter:data2\" value=\"0 minutes\">\n<script type=\"application\/ld+json\" class=\"yoast-schema-graph\">{\"@context\":\"https:\/\/schema.org\",\"@graph\":[{\"@type\":\"Organization\",\"@id\":\"https:\/\/desrealestate.al\/sq\/#organization\",\"name\":\"DES Real Estate\",\"url\":\"https:\/\/desrealestate.al\/sq\/\",\"sameAs\":[\"https:\/\/www.facebook.com\/DesRealEstate.al\/\",\"https:\/\/www.instagram.com\/desrealestate.al\/\"],\"logo\":{\"@type\":\"ImageObject\",\"@id\":\"https:\/\/desrealestate.al\/sq\/#logo\",\"inLanguage\":\"en-GB\",\"url\":\"https:\/\/desrealestate.al\/wp-content\/uploads\/2020\/05\/DES-Real-Estate-Logo-Vertikale.png\",\"width\":171,\"height\":115,\"caption\":\"DES Real Estate\"},\"image\":{\"@id\":\"https:\/\/desrealestate.al\/sq\/#logo\"}},{\"@type\":\"WebSite\",\"@id\":\"https:\/\/desrealestate.al\/sq\/#website\",\"url\":\"https:\/\/desrealestate.al\/sq\/\",\"name\":\"DES Real Estate\",\"description\":\"Sht\\u00ebpia \\u00ebsht\\u00eb e para\",\"publisher\":{\"@id\":\"https:\/\/desrealestate.al\/sq\/#organization\"},\"potentialAction\":[{\"@type\":\"SearchAction\",\"target\":\"https:\/\/desrealestate.al\/sq\/?s={search_term_string}\",\"query-input\":\"required name=search_term_string\"}],\"inLanguage\":\"en-GB\"},{\"@type\":\"WebPage\",\"@id\":\"https:\/\/desrealestate.al\/publiko-prona\/#webpage\",\"url\":\"https:\/\/desrealestate.al\/publiko-prona\/\",\"name\":\"Shitblerje shtepish - DES Real Estate - Publiko prona\",\"isPartOf\":{\"@id\":\"https:\/\/desrealestate.al\/sq\/#website\"},\"datePublished\":\"2018-12-03T11:27:05+00:00\",\"dateModified\":\"2022-02-04T10:48:23+00:00\",\"description\":\"Publiko pron\\u00ebn n\\u00eb DES, nj\\u00eb real estate me zyra n\\u00eb Tiran\\u00eb dhe gjith\\u00eb Shqip\\u00ebrin\\u00eb, me eksperienc\\u00eb disa vje\\u00e7are n\\u00eb shitbljerje sht\\u00ebpish.\",\"inLanguage\":\"en-GB\",\"potentialAction\":[{\"@type\":\"ReadAction\",\"target\":[\"https:\/\/desrealestate.al\/publiko-prona\/\"]}]}]}<\/script>\n<!-- \/ Yoast SEO Premium plugin. -->","_links":{"self":[{"href":"https:\/\/desrealestate.al\/en\/wp-json\/wp\/v2\/pages\/3906"}],"collection":[{"href":"https:\/\/desrealestate.al\/en\/wp-json\/wp\/v2\/pages"}],"about":[{"href":"https:\/\/desrealestate.al\/en\/wp-json\/wp\/v2\/types\/page"}],"author":[{"embeddable":true,"href":"https:\/\/desrealestate.al\/en\/wp-json\/wp\/v2\/users\/1"}],"replies":[{"embeddable":true,"href":"https:\/\/desrealestate.al\/en\/wp-json\/wp\/v2\/comments?post=3906"}],"version-history":[{"count":1,"href":"https:\/\/desrealestate.al\/en\/wp-json\/wp\/v2\/pages\/3906\/revisions"}],"predecessor-version":[{"id":48027,"href":"https:\/\/desrealestate.al\/en\/wp-json\/wp\/v2\/pages\/3906\/revisions\/48027"}],"wp:attachment":[{"href":"https:\/\/desrealestate.al\/en\/wp-json\/wp\/v2\/media?parent=3906"}],"curies":[{"name":"wp","href":"https:\/\/api.w.org\/{rel}","templated":true}]}}