{"id":3989,"date":"2018-12-11T09:13:44","date_gmt":"2018-12-11T09:13:44","guid":{"rendered":"https:\/\/desrealestate.al\/?page_id=3989"},"modified":"2025-12-04T14:54:35","modified_gmt":"2025-12-04T14:54:35","slug":"agjencite-real-estate","status":"publish","type":"page","link":"https:\/\/desrealestate.al\/en\/agjencite-real-estate\/","title":{"rendered":"Agencies"},"content":{"rendered":"<p><img loading=\"lazy\" decoding=\"async\" src=\"https:\/\/desrealestate.al\/wp-content\/uploads\/2024\/07\/real-estate-bllok-tirane.png\" alt=\"\" width=\"300\" height=\"287\" \/><\/p>\n<h2>DES Blloku Tiran\u00eb<\/h2>\n<p><strong>Address<\/strong><\/p>\n<h6><strong>Rruga &#8220;Ismail Qemali&#8221;, Pallati Abissnet, Ish-Blloku<\/strong><\/h6>\n<p><iframe style=\"border: 0;\" src=\"https:\/\/www.google.com\/maps\/embed?pb=!1m21!1m12!1m3!1d187.27909044646097!2d19.816838934681513!3d41.32049117080338!2m3!1f0!2f0!3f0!3m2!1i1024!2i768!4f13.1!4m6!3e6!4m0!4m3!3m2!1d41.3205053!2d19.8169958!5e0!3m2!1sen!2s!4v1583232249146!5m2!1sen!2s\" height=\"130\" frameborder=\"0\" allowfullscreen=\"allowfullscreen\"><\/iframe><\/p>\n<p><strong>Contact<\/strong><\/p>\n<h6><strong>Tel: (00355) <b>69 70 32 333<\/b><\/strong><\/h6>\n<h6><strong>Email :<br \/>\n<\/strong><strong>info@desrealestate.al<\/strong><\/h6>\n<p><img loading=\"lazy\" decoding=\"async\" src=\"https:\/\/desrealestate.al\/wp-content\/uploads\/2024\/07\/real-estate-lungomare-vlore.png\" alt=\"\" width=\"300\" height=\"282\" \/><\/p>\n<h2>DES Lungomare Vlor\u00eb<\/h2>\n<p><strong>Address<\/strong><\/p>\n<h6><strong>Lungomare, Vlor\u00eb<\/strong><\/h6>\n<p><iframe style=\"border: 0;\" src=\"https:\/\/www.google.com\/maps\/embed?pb=!1m18!1m12!1m3!1d3036.1442813382864!2d19.48880481539694!3d40.44994347936135!2m3!1f0!2f0!3f0!3m2!1i1024!2i768!4f13.1!3m3!1m2!1s0x0%3A0x0!2zNDDCsDI2JzU5LjgiTiAxOcKwMjknMjcuNiJF!5e0!3m2!1sen!2s!4v1583233104847!5m2!1sen!2s\" height=\"110\" frameborder=\"0\" allowfullscreen=\"allowfullscreen\"><\/iframe><\/p>\n<p><strong>Contact<\/strong><\/p>\n<h6><strong>Tel: (00355) 69 70\u00a0 66 661<\/strong><\/h6>\n<h6><strong>Email:<br \/>\norgest.canaliaj@desrealestate.al<\/strong><br \/>\n<strong>info@desrealestate.al<\/strong><\/h6>\n<p><img loading=\"lazy\" decoding=\"async\" src=\"https:\/\/desrealestate.al\/wp-content\/uploads\/2024\/07\/real-estate-elbasan.jpg\" alt=\"\" width=\"300\" height=\"294\" \/><\/p>\n<h2>DES Elbasan<\/h2>\n<p><strong>Address<\/strong><\/p>\n<h6><strong>Lagjja Luigj Gurakuqi, 100m posht\u00eb kryq\u00ebzimit Dinamo, Elbasan<\/strong><\/h6>\n<p><iframe style=\"border: 0;\" src=\"https:\/\/www.google.com\/maps\/embed?pb=!1m18!1m12!1m3!1d3005.988346390897!2d20.083407415417245!3d41.112945579290184!2m3!1f0!2f0!3f0!3m2!1i1024!2i768!4f13.1!3m3!1m2!1s0x0%3A0x0!2zNDHCsDA2JzQ2LjYiTiAyMMKwMDUnMDguMiJF!5e0!3m2!1sen!2s!4v1583232819766!5m2!1sen!2s\" height=\"110\" frameborder=\"0\" allowfullscreen=\"allowfullscreen\"><\/iframe><\/p>\n<p><strong>Contact<\/strong><\/p>\n<h6><strong>Tel:\u00a0(<\/strong>00355) 69 204 5100<\/h6>\n<h6><strong>Email:<br \/>\nsonila.borici@desrealestate.al<\/strong><br \/>\n<strong>des.elbasan@desrealestate.al<\/strong><\/h6>\n<p><img loading=\"lazy\" decoding=\"async\" src=\"https:\/\/desrealestate.al\/wp-content\/uploads\/2024\/07\/real-estate-shkoder.jpeg\" alt=\"\" width=\"300\" height=\"287\" \/><\/p>\n<h2>DES Himar\u00eb<\/h2>\n<p><strong>Address<\/strong><\/p>\n<h6><strong>Rruga Nacionale pran\u00eb Bashkis\u00eb, Pallati 9 kat\u00ebsh, Himar\u00eb<\/strong><\/h6>\n<p><iframe style=\"border: 0;\" src=\"https:\/\/www.google.com\/maps\/embed?pb=!1m21!1m12!1m3!1d762.9489949367851!2d19.743838520531664!3d40.10226149782252!2m3!1f0!2f0!3f0!3m2!1i1024!2i768!4f13.1!4m6!3e0!4m0!4m3!3m2!1d40.1026708!2d19.7438546!5e0!3m2!1sen!2sus!4v1583233335880!5m2!1sen!2sus\" height=\"110\" frameborder=\"0\" allowfullscreen=\"allowfullscreen\"><\/iframe><\/p>\n<p><strong>Contact<\/strong><\/p>\n<h6><strong>Tel: (00355) 69 30 41 461<\/strong><\/h6>\n<h6><strong>Email:<br \/>\nfotaq.bufi@desrealestate.al<\/strong><br \/>\n<strong>info@desrealestate.al<\/strong><\/h6>\n<p><img loading=\"lazy\" decoding=\"async\" src=\"https:\/\/desrealestate.al\/wp-content\/uploads\/2024\/07\/real-estate-sarande.jpg\" alt=\"\" width=\"300\" height=\"294\" \/><\/p>\n<h2>DES Sarand\u00eb<\/h2>\n<p><strong>Address<\/strong><\/p>\n<h6><strong>Rruga &#8220;Onhezmi&#8221; ,p\u00ebrball\u00eb Fl Bank, Sarand\u00eb<\/strong><\/h6>\n<p><iframe title=\"Rruga Onhezmi, Sarande\" src=\"https:\/\/maps.google.com\/maps?q=Rruga%20Onhezmi%2C%20Sarande&amp;t=m&amp;z=18&amp;output=embed&amp;iwloc=near\" aria-label=\"Rruga Onhezmi, Sarande\"><\/iframe><\/p>\n<p><strong>Contact<\/strong><\/p>\n<h6><strong>Tel: (00355) 69 20 45 103<\/strong><\/h6>\n<h6><strong>Email:<br \/>\narsjola.zhupa@desrealestate.al<\/strong><br \/>\n<strong>info@desrealestate.al<\/strong><\/h6>\n<p><img loading=\"lazy\" decoding=\"async\" src=\"https:\/\/desrealestate.al\/wp-content\/uploads\/2024\/07\/real-estate-bllok-tirane.png\" alt=\"\" width=\"300\" height=\"287\" \/><\/p>\n<h2>DES Blloku 2 Tiran\u00eb<\/h2>\n<p><strong>Address<\/strong><\/p>\n<h6><strong>Rruga &#8220;Ismail Qemali&#8221;, Pallati Abissnet, Ish-Blloku<\/strong><\/h6>\n<p><iframe style=\"border: 0;\" src=\"https:\/\/www.google.com\/maps\/embed?pb=!1m21!1m12!1m3!1d187.27909044646097!2d19.816838934681513!3d41.32049117080338!2m3!1f0!2f0!3f0!3m2!1i1024!2i768!4f13.1!4m6!3e6!4m0!4m3!3m2!1d41.3205053!2d19.8169958!5e0!3m2!1sen!2s!4v1583232249146!5m2!1sen!2s\" height=\"130\" frameborder=\"0\" allowfullscreen=\"allowfullscreen\"><\/iframe><\/p>\n<p><strong>Contact<\/strong><\/p>\n<h6><strong>Tel: (00355) <b>69 70 32 241<\/b><\/strong><\/h6>\n<h6><strong>Email :<br \/>\n<\/strong>andisa.nikolli@desrealestate.al<\/h6>","protected":false},"excerpt":{"rendered":"<p>DES Blloku Tiran\u00eb Adresa Rruga &#8220;Ismail Qemali&#8221;, Pallati Abissnet, Ish-Blloku Kontakt Tel: (00355) 69 70 32 333 Email : info@desrealestate.al DES Lungomare Vlor\u00eb Adresa Lungomare, Vlor\u00eb Kontakt Tel: (00355) 69 70\u00a0 66 661 Email: orgest.canaliaj@desrealestate.al info@desrealestate.al DES Elbasan Adresa Lagjja Luigj Gurakuqi, 100m posht\u00eb kryq\u00ebzimit Dinamo, Elbasan Kontakt Tel:\u00a0(00355) 69 204 5100 Email: sonila.borici@desrealestate.al des.elbasan@desrealestate.al [&hellip;]<\/p>","protected":false},"author":1,"featured_media":0,"parent":0,"menu_order":0,"comment_status":"closed","ping_status":"closed","template":"page-templates\/full-width.php","meta":{"footnotes":""},"class_list":["post-3989","page","type-page","status-publish","hentry"],"yoast_head":"<!-- This site is optimized with the Yoast SEO Premium plugin v15.2 - https:\/\/yoast.com\/wordpress\/plugins\/seo\/ -->\n<title>Agjencite - DES Real Estate - Agjenci Real Estate n\u00eb Shqip\u00ebri<\/title>\n<meta name=\"description\" content=\"Agjencit\u00eb Real Estate t\u00eb DES mund t&#039;i gjeni n\u00eb \u00e7do qytet t\u00eb Shqip\u00ebris\u00eb. Jemi m\u00eb af\u00ebr jush p\u00ebr t&#039;ju asistuar t\u00eb gjeni sht\u00ebpin\u00eb e \u00ebndrrave.\" \/>\n<meta name=\"robots\" content=\"index, follow, max-snippet:-1, max-image-preview:large, max-video-preview:-1\" \/>\n<link rel=\"canonical\" href=\"https:\/\/desrealestate.al\/agjencite-real-estate\/\" \/>\n<meta property=\"og:locale\" content=\"en_GB\" \/>\n<meta property=\"og:type\" content=\"article\" \/>\n<meta property=\"og:title\" content=\"Agjencite - DES Real Estate - Agjenci Real Estate n\u00eb Shqip\u00ebri\" \/>\n<meta property=\"og:description\" content=\"Agjencit\u00eb Real Estate t\u00eb DES mund t&#039;i gjeni n\u00eb \u00e7do qytet t\u00eb Shqip\u00ebris\u00eb. Jemi m\u00eb af\u00ebr jush p\u00ebr t&#039;ju asistuar t\u00eb gjeni sht\u00ebpin\u00eb e \u00ebndrrave.\" \/>\n<meta property=\"og:url\" content=\"https:\/\/desrealestate.al\/agjencite-real-estate\/\" \/>\n<meta property=\"og:site_name\" content=\"DES Real Estate\" \/>\n<meta property=\"article:publisher\" content=\"https:\/\/www.facebook.com\/DesRealEstate.al\/\" \/>\n<meta property=\"article:modified_time\" content=\"2025-12-04T14:54:35+00:00\" \/>\n<meta property=\"og:image\" content=\"https:\/\/desrealestate.al\/wp-content\/uploads\/2024\/07\/real-estate-bllok-tirane.png\" \/>\n<meta property=\"fb:app_id\" content=\"387924425682656\" \/>\n<meta name=\"twitter:card\" content=\"summary_large_image\" \/>\n<meta name=\"twitter:label1\" value=\"Written by\">\n\t<meta name=\"twitter:data1\" value=\"master\">\n\t<meta name=\"twitter:label2\" value=\"Estimated reading time\">\n\t<meta name=\"twitter:data2\" value=\"0 minutes\">\n<script type=\"application\/ld+json\" class=\"yoast-schema-graph\">{\"@context\":\"https:\/\/schema.org\",\"@graph\":[{\"@type\":\"Organization\",\"@id\":\"https:\/\/desrealestate.al\/sq\/#organization\",\"name\":\"DES Real Estate\",\"url\":\"https:\/\/desrealestate.al\/sq\/\",\"sameAs\":[\"https:\/\/www.facebook.com\/DesRealEstate.al\/\",\"https:\/\/www.instagram.com\/desrealestate.al\/\"],\"logo\":{\"@type\":\"ImageObject\",\"@id\":\"https:\/\/desrealestate.al\/sq\/#logo\",\"inLanguage\":\"en-GB\",\"url\":\"https:\/\/desrealestate.al\/wp-content\/uploads\/2020\/05\/DES-Real-Estate-Logo-Vertikale.png\",\"width\":171,\"height\":115,\"caption\":\"DES Real Estate\"},\"image\":{\"@id\":\"https:\/\/desrealestate.al\/sq\/#logo\"}},{\"@type\":\"WebSite\",\"@id\":\"https:\/\/desrealestate.al\/sq\/#website\",\"url\":\"https:\/\/desrealestate.al\/sq\/\",\"name\":\"DES Real Estate\",\"description\":\"Sht\\u00ebpia \\u00ebsht\\u00eb e para\",\"publisher\":{\"@id\":\"https:\/\/desrealestate.al\/sq\/#organization\"},\"potentialAction\":[{\"@type\":\"SearchAction\",\"target\":\"https:\/\/desrealestate.al\/sq\/?s={search_term_string}\",\"query-input\":\"required name=search_term_string\"}],\"inLanguage\":\"en-GB\"},{\"@type\":\"ImageObject\",\"@id\":\"https:\/\/desrealestate.al\/agjencite-real-estate\/#primaryimage\",\"inLanguage\":\"en-GB\",\"url\":\"https:\/\/desrealestate.al\/wp-content\/uploads\/2024\/07\/real-estate-bllok-tirane.png\",\"width\":300,\"height\":287},{\"@type\":\"WebPage\",\"@id\":\"https:\/\/desrealestate.al\/agjencite-real-estate\/#webpage\",\"url\":\"https:\/\/desrealestate.al\/agjencite-real-estate\/\",\"name\":\"Agjencite - DES Real Estate - Agjenci Real Estate n\\u00eb Shqip\\u00ebri\",\"isPartOf\":{\"@id\":\"https:\/\/desrealestate.al\/sq\/#website\"},\"primaryImageOfPage\":{\"@id\":\"https:\/\/desrealestate.al\/agjencite-real-estate\/#primaryimage\"},\"datePublished\":\"2018-12-11T09:13:44+00:00\",\"dateModified\":\"2025-12-04T14:54:35+00:00\",\"description\":\"Agjencit\\u00eb Real Estate t\\u00eb DES mund t'i gjeni n\\u00eb \\u00e7do qytet t\\u00eb Shqip\\u00ebris\\u00eb. Jemi m\\u00eb af\\u00ebr jush p\\u00ebr t'ju asistuar t\\u00eb gjeni sht\\u00ebpin\\u00eb e \\u00ebndrrave.\",\"inLanguage\":\"en-GB\",\"potentialAction\":[{\"@type\":\"ReadAction\",\"target\":[\"https:\/\/desrealestate.al\/agjencite-real-estate\/\"]}]}]}<\/script>\n<!-- \/ Yoast SEO Premium plugin. -->","_links":{"self":[{"href":"https:\/\/desrealestate.al\/en\/wp-json\/wp\/v2\/pages\/3989"}],"collection":[{"href":"https:\/\/desrealestate.al\/en\/wp-json\/wp\/v2\/pages"}],"about":[{"href":"https:\/\/desrealestate.al\/en\/wp-json\/wp\/v2\/types\/page"}],"author":[{"embeddable":true,"href":"https:\/\/desrealestate.al\/en\/wp-json\/wp\/v2\/users\/1"}],"replies":[{"embeddable":true,"href":"https:\/\/desrealestate.al\/en\/wp-json\/wp\/v2\/comments?post=3989"}],"version-history":[{"count":210,"href":"https:\/\/desrealestate.al\/en\/wp-json\/wp\/v2\/pages\/3989\/revisions"}],"predecessor-version":[{"id":84177,"href":"https:\/\/desrealestate.al\/en\/wp-json\/wp\/v2\/pages\/3989\/revisions\/84177"}],"wp:attachment":[{"href":"https:\/\/desrealestate.al\/en\/wp-json\/wp\/v2\/media?parent=3989"}],"curies":[{"name":"wp","href":"https:\/\/api.w.org\/{rel}","templated":true}]}}