{"id":45923,"date":"2021-11-30T16:07:50","date_gmt":"2021-11-30T16:07:50","guid":{"rendered":"https:\/\/desrealestate.al\/?page_id=45923"},"modified":"2024-07-23T14:09:17","modified_gmt":"2024-07-23T14:09:17","slug":"blej-shtepi","status":"publish","type":"page","link":"https:\/\/desrealestate.al\/en\/blej-shtepi\/","title":{"rendered":"Blerje"},"content":{"rendered":"<h3><strong>Ju vet\u00ebm \u00ebnd\u00ebrroni, DES kujdeset ta b\u00ebj\u00eb realitet!<\/strong><\/h3>\n<p>N\u00ebse d\u00ebshironi t\u00eb realizoni d\u00ebshirat tuaja pa humbur koh\u00eb dhe t\u00eb gjeni sht\u00ebpin\u00eb e \u00ebndrrave, jeni n\u00eb vendin e duhur.<\/p>\n<p>Agjent\u00ebt DES do t\u00eb kujdesen, q\u00eb ju t\u00eb mbeteni t\u00eb k\u00ebnaqur dhe me besimin q\u00eb keni b\u00ebr\u00eb zgjedhjen e duhur.<\/p>\n<p>\t\t\t\t\t\t\t\t\t\t\t\t\t<a href=\"https:\/\/desrealestate.al\/en\/pronat\/?location=shqiperi&#038;status=for-sale\"><br \/>\n\t\t\t\t\t\t\t<img decoding=\"async\" width=\"300\" height=\"169\" src=\"https:\/\/desrealestate.al\/wp-content\/uploads\/2021\/12\/Gjej-pronen-300x169.png\" alt=\"\" loading=\"lazy\" srcset=\"https:\/\/desrealestate.al\/wp-content\/uploads\/2021\/12\/Gjej-pronen-300x169.png 300w, https:\/\/desrealestate.al\/wp-content\/uploads\/2021\/12\/Gjej-pronen-1024x576.png 1024w, https:\/\/desrealestate.al\/wp-content\/uploads\/2021\/12\/Gjej-pronen-768x432.png 768w, https:\/\/desrealestate.al\/wp-content\/uploads\/2021\/12\/Gjej-pronen.png 1125w\" sizes=\"(max-width: 300px) 100vw, 300px\" \/>\t\t\t\t\t\t\t\t<\/a><\/p>\n<p><strong>Jeni gati p\u00ebr t\u00eb bler\u00eb nj\u00eb sht\u00ebpi?<\/strong><\/p>\n<p>At\u00ebher\u00eb duhet t\u00eb jeni t\u00eb p\u00ebrgatitur edhe p\u00ebr fazat n\u00eb t\u00eb cilat do kaloj\u00eb <a href=\"https:\/\/desrealestate.al\/en\/doni-te-blini-nje-shtepi\/\">procesi i blerjes s\u00eb sht\u00ebpis\u00eb suaj<\/a>. DES ju ndihmon me disa informacione t\u00eb thjeshta, se nga t\u00eb filloni k\u00ebrkimin:<\/p>\n<p>\t\t\t\t\t\t\t\t\t<a href=\"\">1. P\u00ebrcakto buxhetin<\/a><br \/>\n\t\t\t\t\t\t\t\t\t<a href=\"\">2. B\u00ebj list\u00ebn e d\u00ebshirave<\/a><br \/>\n\t\t\t\t\t\t\t\t\t<a href=\"\">3. Filloni k\u00ebrkimin<\/a><br \/>\n\t\t\t\t\t\t\t\t\t<a href=\"\">4. Lidhu me nj\u00eb Zyr\u00eb DES<\/a><br \/>\n\t\t\t\t\t\t\t\t\t1. P\u00ebrcakto buxhetin<\/p>\n<p>Hapi i par\u00eb \u00ebsht\u00eb t\u00eb p\u00ebrcaktoni buxhetin p\u00ebr sht\u00ebpin\u00eb e re.<\/p>\n<p>M\u00ebnyra m\u00eb e mir\u00eb p\u00ebr k\u00ebt\u00eb gj\u00eb, \u00ebsht\u00eb t\u00eb k\u00ebshilloheni paraprakisht me nj\u00eb ekspert financiar, ose ligjor, i cili do llogaris\u00eb t\u00eb ardhurat tuaja, asetet dhe historin\u00eb e kredive, n\u00eb baz\u00eb t\u00eb t\u00eb cilave do t\u00eb vler\u00ebsoj\u00eb mund\u00ebsit\u00eb dhe afatet e aprovimit t\u00eb marrjes s\u00eb kredis\u00eb bankare p\u00ebr blerjen e sht\u00ebpis\u00eb.<\/p>\n<p>P\u00ebrfundimi i disa procedurave paraprake p\u00ebr marrjen e kredis\u00eb bankare, p\u00ebrpara se \u00a0t\u00eb viheni n\u00eb kontakt me pronarin e sht\u00ebpis\u00eb, e b\u00ebn k\u00ebrkes\u00ebn tuaj p\u00ebr blerje m\u00eb t\u00eb konsoliduar dhe n\u00eb k\u00ebt\u00eb form\u00eb shmangni humbjen e Okazioneve, q\u00eb v\u00ebshtir\u00eb se p\u00ebrs\u00ebriten m\u00eb.<\/p>\n<p>N\u00eb rast se nuk e keni mund\u00ebsin\u00eb t\u00eb k\u00ebshilloheni me nj\u00eb ekspert, <a href=\"https:\/\/desrealestate.al\/sq\/agjencite\/\">Agjent\u00ebt DES<\/a> jan\u00eb m\u00ebse t\u00eb gatsh\u00ebm t\u2019ju rekomandojn\u00eb nj\u00eb agjent kredie dhe bank\u00ebn me kushtet m\u00eb optimale t\u00eb kredimarrjes p\u00ebr blerje sht\u00ebpie.<\/p>\n<p>N\u00ebse e keni buxhetin gati, at\u00ebher\u00eb rradha e veprimit \u00ebsht\u00eb t\u00eb kontaktoni menj\u00ebher\u00eb agjencin\u00eb e pronave dhe t\u00eb zgjidhni agjentin q\u00eb d\u00ebshironi.<\/p>\n<p>\t\t\t\t\t\t\t\t\t2. B\u00ebj list\u00ebn e d\u00ebshirave<\/p>\n<p>Imagjinoni sht\u00ebpin\u00eb tuaj ideale, dhe p\u00ebrgatisni nj\u00eb list\u00eb me karakteristikat q\u00eb duhet t\u00eb p\u00ebrmbaj\u00eb ajo, si: stili i sht\u00ebpis\u00eb, vendndodhja, af\u00ebrsia me shkollat dhe supermarketet, viti i nd\u00ebrtimit, cil\u00ebsia e dyerve dhe dritareve, lloji i dyshemes\u00eb, stacioni m\u00eb i af\u00ebrt i transportit urban etj.<\/p>\n<p>Pasi t\u00eb keni p\u00ebrgatitur list\u00ebn, b\u00ebni ndarjen n\u00eb karakteristika me prioritet t\u00eb lart\u00eb, q\u00eb rrisin cil\u00ebsin\u00eb e jetes\u00ebs suaj dhe n\u00eb karakteristika me prioritet t\u00eb ul\u00ebt, q\u00eb nuk kan\u00eb ndikim t\u00eb ndjesh\u00ebm n\u00eb jet\u00ebn tuaj. P\u00ebrdoreni k\u00ebt\u00eb list\u00eb si \u201cUdh\u00ebrr\u00ebfyes\u201d gjat\u00eb k\u00ebrkimit.<\/p>\n<p>\u00a0<\/p>\n<p>\t\t\t\t\t\t\t\t\t3. Filloni k\u00ebrkimin<\/p>\n<p>Sapo t\u00eb keni p\u00ebrcaktuar buxhetin q\u00eb keni n\u00eb dispozicion dhe karakteristikat q\u00eb cil\u00ebsoni t\u00eb r\u00ebnd\u00ebsishme n\u00eb nj\u00eb sht\u00ebpi, \u00ebsht\u00eb koha p\u00ebr t\u00eb filluar k\u00ebrkimin. Sigurisht vendi i duhur nga ta nisni \u00ebsht\u00eb Online.<\/p>\n<p>Konsideroni n\u00eb \u00e7do rast t\u00eb vizitoni portalin <a href=\"https:\/\/desrealestate.al\/sq\/\"><u>www.desrealestate.al<\/u><\/a> dhe duke u regjistruar si p\u00ebrdorues, ju do t\u00eb merrni n\u00eb koh\u00eb reale njoftimet e reja p\u00ebr pronat e sapolistuara dhe do t\u00eb jeni t\u00eb par\u00ebt q\u00eb do t\u00eb kapni Okazionet.<\/p>\n<p>Agjenti DES, do ju njoh\u00eb me prona t\u00eb tjera q\u00eb p\u00ebrmbushin k\u00ebrkesat tuaja dhe s\u00eb bashku, mund t\u2019i vizitoni kurdo q\u00eb t\u00eb ndiheni gati.<\/p>\n<p>\t\t\t\t\t\t\t\t\t4. Lidhu me nj\u00eb Zyr\u00eb DES<\/p>\n<p>Agjent\u00ebt e pasurive t\u00eb paluajtshme jan\u00eb partner\u00ebt m\u00eb t\u00eb r\u00ebnd\u00ebsish\u00ebm kur jeni duke bler\u00eb nj\u00eb sht\u00ebpi.<\/p>\n<p>K\u00ebshtu q\u00eb gj\u00ebja e duhur q\u00eb duhet t\u00eb b\u00ebni \u00ebsht\u00eb t\u00eb lidheni me nj\u00eb Agjent DES, i cili do t\u2019ju udh\u00ebheq\u00eb p\u00ebrgjat\u00eb gjith\u00eb k\u00ebtij \u201cudh\u00ebtimi\u201d.<\/p>\n<p>Kjo mund t\u00eb jet\u00eb nj\u00eb nga blerjet m\u00eb t\u00eb m\u00ebdha financiare, q\u00eb ju keni b\u00ebr\u00eb ndonj\u00ebher\u00eb dhe p\u00ebr k\u00ebt\u00eb arsye ju nevojitet nj\u00eb profesionist, q\u00eb e njeh shum\u00eb mir\u00eb tregun e pronave t\u00eb paluajtshme, ka aft\u00ebsi negociuse dhe mbi t\u00eb gjitha zot\u00ebron njohuri teknike mbi procesin e nd\u00ebrlikuar t\u00eb blerjes s\u00eb nj\u00eb sht\u00ebpie.<\/p>\n<p>\t\t\t\t\t\t\t\t\t\t\t\t<img decoding=\"async\" width=\"710\" height=\"1065\" src=\"https:\/\/desrealestate.al\/wp-content\/uploads\/2021\/12\/IMG_7726-edited-1-1365x2048.png\" alt=\"\" loading=\"lazy\" srcset=\"https:\/\/desrealestate.al\/wp-content\/uploads\/2021\/12\/IMG_7726-edited-1-1365x2048.png 1365w, https:\/\/desrealestate.al\/wp-content\/uploads\/2021\/12\/IMG_7726-edited-1-200x300.png 200w, https:\/\/desrealestate.al\/wp-content\/uploads\/2021\/12\/IMG_7726-edited-1-683x1024.png 683w, https:\/\/desrealestate.al\/wp-content\/uploads\/2021\/12\/IMG_7726-edited-1-768x1152.png 768w, https:\/\/desrealestate.al\/wp-content\/uploads\/2021\/12\/IMG_7726-edited-1-1024x1536.png 1024w, https:\/\/desrealestate.al\/wp-content\/uploads\/2021\/12\/IMG_7726-edited-1.png 1498w\" sizes=\"(max-width: 710px) 100vw, 710px\" \/>\t\t\t\t\t\t\t\t\t\t\t\t\t\t<\/p>\n<p>Pasi keni gjetur Agjentin DES, \u00e7do veprim do jet\u00eb m\u00eb i leht\u00eb p\u00ebr ju.<\/p>\n<p>Jan\u00eb disa faza n\u00eb t\u00eb cilat duhet t\u00eb kaloni p\u00ebrpara se ta quani veten pronar.<\/p>\n<p>Agjenti DES do jet\u00eb pran\u00eb jush n\u00eb secil\u00ebn nga k\u00ebto veprime, t\u00eb p\u00ebrmbledhura shkurtimisht si m\u00eb posht\u00eb:<\/p>\n<p>\t\t\t\t\t\t\t\t\t\t\t\t<img decoding=\"async\" width=\"710\" height=\"1065\" src=\"https:\/\/desrealestate.al\/wp-content\/uploads\/2021\/12\/image_6483441edited-1-1365x2048.png\" alt=\"\" loading=\"lazy\" srcset=\"https:\/\/desrealestate.al\/wp-content\/uploads\/2021\/12\/image_6483441edited-1-1365x2048.png 1365w, https:\/\/desrealestate.al\/wp-content\/uploads\/2021\/12\/image_6483441edited-1-200x300.png 200w, https:\/\/desrealestate.al\/wp-content\/uploads\/2021\/12\/image_6483441edited-1-683x1024.png 683w, https:\/\/desrealestate.al\/wp-content\/uploads\/2021\/12\/image_6483441edited-1-768x1152.png 768w, https:\/\/desrealestate.al\/wp-content\/uploads\/2021\/12\/image_6483441edited-1-1024x1536.png 1024w, https:\/\/desrealestate.al\/wp-content\/uploads\/2021\/12\/image_6483441edited-1.png 1498w\" sizes=\"(max-width: 710px) 100vw, 710px\" \/><br \/>\n\t\t\t\t\t\t\t\t\t\t\t\t<a href=\"\">1. Negociimi<\/a><\/p>\n<p>Kur ju b\u00ebni ofert\u00eb p\u00ebr blerjen e nj\u00eb sht\u00ebpie, Agjenti juaj DES, \u00a0<a href=\"https:\/\/desrealestate.al\/en\/kredi-per-prona-te-paluajtshme-vetem-individet\/\">do t\u00eb negocioj\u00eb n\u00eb favorin tuaj<\/a>, n\u00eb m\u00ebnyr\u00eb q\u00eb t\u00eb arrij\u00eb kushtet m\u00eb optimale t\u00eb blerjes. Negocimi p\u00ebrfshin, uljen e \u00e7mimit t\u00eb blerjes, kostot e riparimit, afatet procedurale dhe \u00e7do t\u00eb papritur q\u00eb do t\u00eb rezultoj\u00eb gjat\u00eb procesit.<\/p>\n<p>\t\t\t\t\t\t\t\t\t\t\t\t<a href=\"\">2. Informacioni mbi gjendjen juridike t\u00eb pron\u00ebs<\/a><\/p>\n<p>Agjencia DES dhe Agjenti, sigurohen q\u00eb prona mos t\u00eb ket\u00eb kufizime ligjore dhe t\u00eb jet\u00eb e lir\u00eb p\u00ebr t\u00eb kryer transferimin n\u00eb emrin tuaj.<\/p>\n<p>\t\t\t\t\t\t\t\t\t\t\t\t<a href=\"\">3. Pagesa e kaparit<\/a><\/p>\n<p>N\u00ebse keni vendosur t\u00eb blini sht\u00ebpin\u00eb dhe d\u00ebshironi ta bllokoni q\u00eb t\u00eb mos shitet, at\u00ebher\u00eb duhet t\u00eb paguani nj\u00eb Kapar pran\u00eb Agjencis\u00eb DES, pasi t\u00eb keni n\u00ebnshkruar me k\u00ebt\u00eb t\u00eb fundit marr\u00ebveshjen e kaparit. Kapari ju rikthehet i plot\u00eb, n\u00eb momentin e p\u00ebrfundimit t\u00eb shit-blerjes.<\/p>\n<p>Kapari ju siguron ju si bler\u00ebs, q\u00eb prona \u00ebsht\u00eb e rezervuar dhe ndihmon shit\u00ebsin t\u00eb p\u00ebrgatis\u00eb dokumentacionin e nevojsh\u00ebm p\u00ebr shitjen dhe t\u00eb kryej\u00eb ndonj\u00eb punim t\u00eb mundsh\u00ebm, p\u00ebr t\u00eb cil\u00ebt keni r\u00ebn\u00eb dakord midis jush. Agjenti DES dhe shit\u00ebsi, nga ky moment, nd\u00ebrmarrin hapat e nevojsh\u00ebm, q\u00eb ta paraqesin pron\u00ebn si t\u00eb \u201cRezervuar\u201d n\u00eb t\u00eb gjitha reaklamat e b\u00ebra p\u00ebr t\u00eb.<\/p>\n<p>\t\t\t\t\t\t\t\t\t\t\t\t<a href=\"\">4. Kontrata<\/a><\/p>\n<p>Kontrata e Shitjes e lidhur midis Jush dhe shit\u00ebsit, realizohet n\u00eb pranin\u00eb e Agjentit DES tek Noteri Publik.<\/p>\n<p>Kontrata e Shitjes, parashikon t\u00eb gjitha kushtet e shitblerjes dhe n\u00ebnshkruhet nga bler\u00ebsi, shit\u00ebsi dhe Noteri. P\u00ebr sigurin\u00eb tuaj, \u00e7mimi p\u00ebr blerjen e pron\u00ebs, paguhet n\u00eb llogarin\u00eb bankare t\u00eb Noterit dhe vet\u00ebm pasi t\u00eb jet\u00eb l\u00ebshuar \u00c7ertifikata e Pron\u00ebsis\u00eb n\u00eb emrin tuaj, Noteri b\u00ebn kalimin e \u00e7mimit n\u00eb llogarin\u00eb bankare t\u00eb shit\u00ebsit.<\/p>\n<p>\t\t\t\t\t\t\t\t\t\t\t\t<a href=\"\">5. Financimi<\/a><\/p>\n<p>a. N\u00ebse sht\u00ebpin\u00eb do ta blini me kredi bankare, at\u00ebher\u00eb pasi oferta juaj t\u00eb jet\u00eb pranuar nga shit\u00ebsi dhe t\u00eb jet\u00eb lidhur Kontrata e Shitjes (me kusht kreditimi), faza finale \u00ebsht\u00eb miratimi i kredis\u00eb nga banka. Kjo e fundit do t\u00eb l\u00ebvroj\u00eb \u00e7mimin e shitjes n\u00eb favor t\u00eb shit\u00ebsit dhe do t\u00eb vendos\u00eb barr\u00ebn hipotekore mbi sht\u00ebpin\u00eb tuaj, deri n\u00eb shlyerjen e plot\u00eb t\u00eb kredis\u00eb.<\/p>\n<p>b. N\u00ebse e keni gati buxhetin p\u00ebr blerjen e sht\u00ebpis\u00eb, at\u00ebher\u00eb bashk\u00eb me Agjentin DES dhe shit\u00ebsin, shkoni tek Noteri dhe b\u00ebhuni menj\u00ebher\u00eb pronar i sht\u00ebpis\u00eb suaj.<\/p>\n<p>\t\t\t\t\t\t\t\t\t\t\t\t<a href=\"\">6.P\u00ebrmbyllja e Kontrat\u00ebs s\u00eb Shitjes<\/a><\/p>\n<p>Me n\u00ebnshkrimin e Kontrat\u00ebs s\u00eb Shitjes, n\u00eb prani t\u00eb Noterit publik, Ju b\u00ebheni menj\u00ebher\u00eb pronar i sht\u00ebpis\u00eb suaj. N\u00eb k\u00ebt\u00eb moment ju paguani \u00e7mimin e shit-blerjes s\u00eb pron\u00ebs n\u00eb llogarin\u00eb bankare t\u00eb Noterit dhe nj\u00ebkoh\u00ebsisht kryeni pages\u00ebn e komisionit p\u00ebr sh\u00ebrbimet e Agjentit DES.<\/p>\n<h4>Ta g\u00ebzoni sht\u00ebpin\u00eb e re!<\/h4>\n<h6 style=\"text-align: center;\"><strong>Lexo m\u00eb shum\u00eb mbi procesin e blerjes:<\/strong><\/h6>\n<figure>\n\t\t\t\t\t\t\t\t\t\t\t<a href=\"https:\/\/desrealestate.al\/sq\/kur-ju-blini-shtepi-ju-merrni-vendimin-me-te-rendesishem-financiar-te-jetes\/\" target=\"_blank\" rel=\"noopener\"><br \/>\n\t\t\t\t\t\t\t<img decoding=\"async\" src=\"https:\/\/desrealestate.al\/wp-content\/uploads\/2021\/06\/eeee.jpg\" title=\"\" alt=\"Kur ju blini sht\u00ebpi, ju merrni vendimin m\u00eb t\u00eb r\u00ebnd\u00ebsish\u00ebm financiar t\u00eb jet\u00ebs!\" loading=\"lazy\" \/>\t\t\t\t\t\t\t\t<\/a><figcaption>Blerja e nj\u00eb sht\u00ebpie!<\/figcaption><\/figure>\n<figure>\n\t\t\t\t\t\t\t\t\t\t\t<a href=\"https:\/\/desrealestate.al\/sq\/cfare-duhet-te-dini-per-blerjen-e-nje-shtepie-te-dyte\/\" target=\"_blank\" rel=\"noopener\"><br \/>\n\t\t\t\t\t\t\t<img decoding=\"async\" width=\"710\" height=\"463\" src=\"https:\/\/desrealestate.al\/wp-content\/uploads\/2021\/03\/shtepiadyte-2-1024x668.png\" alt=\"Sht\u00ebpi pushimesh apo Investim n\u00eb Real Estate\" loading=\"lazy\" srcset=\"https:\/\/desrealestate.al\/wp-content\/uploads\/2021\/03\/shtepiadyte-2-1024x668.png 1024w, https:\/\/desrealestate.al\/wp-content\/uploads\/2021\/03\/shtepiadyte-2-300x196.png 300w, https:\/\/desrealestate.al\/wp-content\/uploads\/2021\/03\/shtepiadyte-2-768x501.png 768w, https:\/\/desrealestate.al\/wp-content\/uploads\/2021\/03\/shtepiadyte-2-1536x1001.png 1536w, https:\/\/desrealestate.al\/wp-content\/uploads\/2021\/03\/shtepiadyte-2-2048x1335.png 2048w\" sizes=\"(max-width: 710px) 100vw, 710px\" \/>\t\t\t\t\t\t\t\t<\/a><figcaption>Nj\u00eb sht\u00ebpi e dyt\u00eb!<\/figcaption><\/figure>\n<figure>\n\t\t\t\t\t\t\t\t\t\t\t<a href=\"https:\/\/desrealestate.al\/sq\/doni-te-blini-nje-shtepi\/\" target=\"_blank\" rel=\"noopener\"><br \/>\n\t\t\t\t\t\t\t<img decoding=\"async\" width=\"710\" height=\"435\" src=\"https:\/\/desrealestate.al\/wp-content\/uploads\/2021\/02\/des-web-e1638354519223-1024x627.png\" alt=\"Doni t\u00eb blini nj\u00eb sht\u00ebpi?\" loading=\"lazy\" srcset=\"https:\/\/desrealestate.al\/wp-content\/uploads\/2021\/02\/des-web-e1638354519223-1024x627.png 1024w, https:\/\/desrealestate.al\/wp-content\/uploads\/2021\/02\/des-web-e1638354519223-300x184.png 300w, https:\/\/desrealestate.al\/wp-content\/uploads\/2021\/02\/des-web-e1638354519223-768x470.png 768w, https:\/\/desrealestate.al\/wp-content\/uploads\/2021\/02\/des-web-e1638354519223-1536x941.png 1536w, https:\/\/desrealestate.al\/wp-content\/uploads\/2021\/02\/des-web-e1638354519223-2048x1254.png 2048w\" sizes=\"(max-width: 710px) 100vw, 710px\" \/>\t\t\t\t\t\t\t\t<\/a><figcaption>Procesi i blerjes!<\/figcaption><\/figure>\n<figure>\n\t\t\t\t\t\t\t\t\t\t\t<a href=\"https:\/\/desrealestate.al\/sq\/si-duhet-te-veproni-kur-do-dhuroni-ose-ju-dhurojne-nje-prone\/\" target=\"_blank\" rel=\"noopener\"><br \/>\n\t\t\t\t\t\t\t<img decoding=\"async\" width=\"710\" height=\"474\" src=\"https:\/\/desrealestate.al\/wp-content\/uploads\/2021\/01\/Untitled-design-11-1024x683.png\" alt=\"Si duhet t\u00eb veproni kur do dhuroni ose ju dhurojn\u00eb nj\u00eb pron\u00eb?\" loading=\"lazy\" srcset=\"https:\/\/desrealestate.al\/wp-content\/uploads\/2021\/01\/Untitled-design-11-1024x683.png 1024w, https:\/\/desrealestate.al\/wp-content\/uploads\/2021\/01\/Untitled-design-11-300x200.png 300w, https:\/\/desrealestate.al\/wp-content\/uploads\/2021\/01\/Untitled-design-11-768x512.png 768w, https:\/\/desrealestate.al\/wp-content\/uploads\/2021\/01\/Untitled-design-11.png 1280w\" sizes=\"(max-width: 710px) 100vw, 710px\" \/>\t\t\t\t\t\t\t\t<\/a><figcaption>Dhurimi i pron\u00ebs!<\/figcaption><\/figure>","protected":false},"excerpt":{"rendered":"<p>Ju vet\u00ebm \u00ebnd\u00ebrroni, DES kujdeset ta b\u00ebj\u00eb realitet! N\u00ebse d\u00ebshironi t\u00eb realizoni d\u00ebshirat tuaja pa humbur koh\u00eb dhe t\u00eb gjeni sht\u00ebpin\u00eb e \u00ebndrrave, jeni n\u00eb vendin e duhur. Agjent\u00ebt DES do t\u00eb kujdesen, q\u00eb ju t\u00eb mbeteni t\u00eb k\u00ebnaqur dhe me besimin q\u00eb keni b\u00ebr\u00eb zgjedhjen e duhur. Jeni gati p\u00ebr t\u00eb bler\u00eb nj\u00eb sht\u00ebpi? [&hellip;]<\/p>","protected":false},"author":1,"featured_media":0,"parent":0,"menu_order":0,"comment_status":"closed","ping_status":"closed","template":"","meta":{"footnotes":""},"class_list":["post-45923","page","type-page","status-publish","hentry"],"yoast_head":"<!-- This site is optimized with the Yoast SEO Premium plugin v15.2 - https:\/\/yoast.com\/wordpress\/plugins\/seo\/ -->\n<title>Blej sht\u00ebpi - DES Real Estate - Blerje - K\u00ebshilla p\u00ebr blerjen e sht\u00ebpis\u00eb.<\/title>\n<meta name=\"description\" content=\"Po k\u00ebrkoni t\u00eb blini nj\u00eb sht\u00ebpi, DES Real Estate ju ndihmon p\u00ebr ta gjetur at\u00eb dhe ju jep disa informacione t\u00eb domosdoshme. Na kontaktoni: +355 69 403 5476\" \/>\n<meta name=\"robots\" content=\"index, follow, max-snippet:-1, max-image-preview:large, max-video-preview:-1\" \/>\n<link rel=\"canonical\" href=\"https:\/\/desrealestate.al\/blej-shtepi\/\" \/>\n<meta property=\"og:locale\" content=\"en_GB\" \/>\n<meta property=\"og:type\" content=\"article\" \/>\n<meta property=\"og:title\" content=\"Blej sht\u00ebpi - DES Real Estate - Blerje - K\u00ebshilla p\u00ebr blerjen e sht\u00ebpis\u00eb.\" \/>\n<meta property=\"og:description\" content=\"Po k\u00ebrkoni t\u00eb blini nj\u00eb sht\u00ebpi, DES Real Estate ju ndihmon p\u00ebr ta gjetur at\u00eb dhe ju jep disa informacione t\u00eb domosdoshme. Na kontaktoni: +355 69 403 5476\" \/>\n<meta property=\"og:url\" content=\"https:\/\/desrealestate.al\/blej-shtepi\/\" \/>\n<meta property=\"og:site_name\" content=\"DES Real Estate\" \/>\n<meta property=\"article:publisher\" content=\"https:\/\/www.facebook.com\/DesRealEstate.al\/\" \/>\n<meta property=\"article:modified_time\" content=\"2024-07-23T14:09:17+00:00\" \/>\n<meta property=\"og:image\" content=\"https:\/\/desrealestate.al\/wp-content\/uploads\/2021\/12\/Gjej-pronen-300x169.png\" \/>\n<meta property=\"fb:app_id\" content=\"387924425682656\" \/>\n<meta name=\"twitter:card\" content=\"summary_large_image\" \/>\n<meta name=\"twitter:label1\" value=\"Written by\">\n\t<meta name=\"twitter:data1\" value=\"master\">\n\t<meta name=\"twitter:label2\" value=\"Estimated reading time\">\n\t<meta name=\"twitter:data2\" value=\"5 minutes\">\n<script type=\"application\/ld+json\" class=\"yoast-schema-graph\">{\"@context\":\"https:\/\/schema.org\",\"@graph\":[{\"@type\":\"Organization\",\"@id\":\"https:\/\/desrealestate.al\/sq\/#organization\",\"name\":\"DES Real Estate\",\"url\":\"https:\/\/desrealestate.al\/sq\/\",\"sameAs\":[\"https:\/\/www.facebook.com\/DesRealEstate.al\/\",\"https:\/\/www.instagram.com\/desrealestate.al\/\"],\"logo\":{\"@type\":\"ImageObject\",\"@id\":\"https:\/\/desrealestate.al\/sq\/#logo\",\"inLanguage\":\"en-GB\",\"url\":\"https:\/\/desrealestate.al\/wp-content\/uploads\/2020\/05\/DES-Real-Estate-Logo-Vertikale.png\",\"width\":171,\"height\":115,\"caption\":\"DES Real Estate\"},\"image\":{\"@id\":\"https:\/\/desrealestate.al\/sq\/#logo\"}},{\"@type\":\"WebSite\",\"@id\":\"https:\/\/desrealestate.al\/sq\/#website\",\"url\":\"https:\/\/desrealestate.al\/sq\/\",\"name\":\"DES Real Estate\",\"description\":\"Sht\\u00ebpia \\u00ebsht\\u00eb e para\",\"publisher\":{\"@id\":\"https:\/\/desrealestate.al\/sq\/#organization\"},\"potentialAction\":[{\"@type\":\"SearchAction\",\"target\":\"https:\/\/desrealestate.al\/sq\/?s={search_term_string}\",\"query-input\":\"required name=search_term_string\"}],\"inLanguage\":\"en-GB\"},{\"@type\":\"ImageObject\",\"@id\":\"https:\/\/desrealestate.al\/blej-shtepi\/#primaryimage\",\"inLanguage\":\"en-GB\",\"url\":\"https:\/\/desrealestate.al\/wp-content\/uploads\/2021\/12\/Gjej-pronen.png\",\"width\":1125,\"height\":633},{\"@type\":\"WebPage\",\"@id\":\"https:\/\/desrealestate.al\/blej-shtepi\/#webpage\",\"url\":\"https:\/\/desrealestate.al\/blej-shtepi\/\",\"name\":\"Blej sht\\u00ebpi - DES Real Estate - Blerje - K\\u00ebshilla p\\u00ebr blerjen e sht\\u00ebpis\\u00eb.\",\"isPartOf\":{\"@id\":\"https:\/\/desrealestate.al\/sq\/#website\"},\"primaryImageOfPage\":{\"@id\":\"https:\/\/desrealestate.al\/blej-shtepi\/#primaryimage\"},\"datePublished\":\"2021-11-30T16:07:50+00:00\",\"dateModified\":\"2024-07-23T14:09:17+00:00\",\"description\":\"Po k\\u00ebrkoni t\\u00eb blini nj\\u00eb sht\\u00ebpi, DES Real Estate ju ndihmon p\\u00ebr ta gjetur at\\u00eb dhe ju jep disa informacione t\\u00eb domosdoshme. Na kontaktoni: +355 69 403 5476\",\"inLanguage\":\"en-GB\",\"potentialAction\":[{\"@type\":\"ReadAction\",\"target\":[\"https:\/\/desrealestate.al\/blej-shtepi\/\"]}]}]}<\/script>\n<!-- \/ Yoast SEO Premium plugin. -->","_links":{"self":[{"href":"https:\/\/desrealestate.al\/en\/wp-json\/wp\/v2\/pages\/45923"}],"collection":[{"href":"https:\/\/desrealestate.al\/en\/wp-json\/wp\/v2\/pages"}],"about":[{"href":"https:\/\/desrealestate.al\/en\/wp-json\/wp\/v2\/types\/page"}],"author":[{"embeddable":true,"href":"https:\/\/desrealestate.al\/en\/wp-json\/wp\/v2\/users\/1"}],"replies":[{"embeddable":true,"href":"https:\/\/desrealestate.al\/en\/wp-json\/wp\/v2\/comments?post=45923"}],"version-history":[{"count":188,"href":"https:\/\/desrealestate.al\/en\/wp-json\/wp\/v2\/pages\/45923\/revisions"}],"predecessor-version":[{"id":75015,"href":"https:\/\/desrealestate.al\/en\/wp-json\/wp\/v2\/pages\/45923\/revisions\/75015"}],"wp:attachment":[{"href":"https:\/\/desrealestate.al\/en\/wp-json\/wp\/v2\/media?parent=45923"}],"curies":[{"name":"wp","href":"https:\/\/api.w.org\/{rel}","templated":true}]}}