{"id":46300,"date":"2021-12-06T13:30:17","date_gmt":"2021-12-06T13:30:17","guid":{"rendered":"https:\/\/desrealestate.al\/?page_id=46300"},"modified":"2021-12-14T14:54:31","modified_gmt":"2021-12-14T14:54:31","slug":"si-mund-te-gjej-agjentin-e-duhur","status":"publish","type":"page","link":"https:\/\/desrealestate.al\/en\/si-mund-te-gjej-agjentin-e-duhur\/","title":{"rendered":"Si mund t\u00eb gjej agjentin e duhur?"},"content":{"rendered":"<h3>\u00c7ertifikimet dhe titulli!<br \/>\n<\/h3>\n<p><strong>&nbsp; \u00bb Po k\u00ebrkoni p\u00ebr nj\u00eb agjent?<\/strong><\/p>\n<p>N\u00eb Shqip\u00ebri, agjent\u00ebt nuk kan\u00eb licenc\u00eb specifike, por ligji i ri p\u00ebr agjentin real estate <br \/>ka p\u00ebrcaktuar licencimin e agjentit t\u00eb pronave si profesion i lir\u00eb. <br \/>Kjo realizohet brenda viti 2022.<\/p>\n<p>Ruhuni nga <em>\u201cagjent\u00ebt e rrug\u00ebs\u201d<\/em> t\u00eb cil\u00ebt b\u00ebjn\u00eb rolin e sekserit dhe mund t\u00eb mashtrojn\u00eb <br \/>e spekulojn\u00eb me \u00e7mimim e pron\u00ebs e mund t\u00eb b\u00ebjn\u00eb loj\u00eb t\u00eb disafisht\u00eb.<\/p>\n<p>Ata nuk mund as t\u2019i ndjek\u00ebsh n\u00eb rrug\u00eb ligjore sepse nuk kan\u00eb asnj\u00eb let\u00ebr dhe nuk figurojn\u00eb zyrtarisht q\u00eb ushtrojn\u00eb profesionin e agjentit. Agjencit\u00eb jan\u00eb institucione private t\u00eb regjistruara dhe mbajn\u00eb p\u00ebrgjegj\u00ebsi ligjore e morale p\u00ebr veprimet q\u00eb kryejn\u00eb.<\/p>\n<p><strong>\u00a0 \u00bb Gjetja e agjentit t\u00eb duhur.<\/strong><\/p>\n<p>Agjent\u00ebt e pronave jan\u00eb ekspert\u00eb p\u00ebr shitjen e sht\u00ebpive, por askush nuk e njeh sht\u00ebpin\u00eb <br \/>m\u00eb mir\u00eb se ju. \u00cbsht\u00eb e r\u00ebnd\u00ebsishme q\u00eb t\u00eb tregoni historin\u00eb tuaj t\u00eb shitjes s\u00eb sht\u00ebpis\u00eb <br \/>dhe agjenti e nd\u00ebrton k\u00ebshillimin strategjik dhe pun\u00ebn e tij e t\u00eb agjencis\u00eb <br \/>p\u00ebr t\u00eb p\u00ebrmbushur q\u00ebllimet tuaja.<\/p>\n<p><strong>\u00a0 \u00bb A mund ta shes sht\u00ebpin\u00eb vet\u00eb?<\/strong><\/p>\n<p>\u00cbsht\u00eb e mundur ta shes\u00ebsh vet\u00eb, por do t\u00eb jeni vet\u00eb p\u00ebrgjegj\u00ebs p\u00ebr t\u00eb b\u00ebr\u00eb gjith\u00eb at\u00eb pun\u00eb t\u00eb shpjeguar n\u00eb gjith\u00eb <a href=\"https:\/\/desrealestate.al\/sq\/shitje\/\">menun\u00eb \u201cshitja\u201d<\/a>. Duhet t\u00eb kini kujdes edhe nga implikimet financiare e ligjore q\u00eb rrjedhin nga gabimet e b\u00ebra gjat\u00eb procesit p\u00ebr shkak t\u00eb mosnjohjes s\u00eb ligjeve dhe pasojave q\u00eb rrjedhin.<\/p>\n<p>\t\t\t\t\t\t\t\t\t\t\t\t<img decoding=\"async\" width=\"710\" height=\"399\" src=\"https:\/\/desrealestate.al\/wp-content\/uploads\/2021\/12\/RDC_.upset-agent-1024x576.jpg\" alt=\"\" loading=\"lazy\" srcset=\"https:\/\/desrealestate.al\/wp-content\/uploads\/2021\/12\/RDC_.upset-agent-1024x576.jpg 1024w, https:\/\/desrealestate.al\/wp-content\/uploads\/2021\/12\/RDC_.upset-agent-300x169.jpg 300w, https:\/\/desrealestate.al\/wp-content\/uploads\/2021\/12\/RDC_.upset-agent-768x432.jpg 768w, https:\/\/desrealestate.al\/wp-content\/uploads\/2021\/12\/RDC_.upset-agent-1536x864.jpg 1536w, https:\/\/desrealestate.al\/wp-content\/uploads\/2021\/12\/RDC_.upset-agent.jpg 2000w\" sizes=\"(max-width: 710px) 100vw, 710px\" \/>\t\t\t\t\t\t\t\t\t\t\t\t\t\t<\/p>\n<p><strong>\u00a0 \u00bb Lidhu me nj\u00eb agjent.<\/strong><\/p>\n<p>P\u00ebr t\u00eb m\u00ebsuar m\u00eb tep\u00ebr p\u00ebr kushtet e tregut lokal dhe se si ta filloni <br \/>procesin e shitjes s\u00eb sht\u00ebpis\u00eb tuaj lidhu me DES Real Estate sh.p.k <br \/>q\u00eb ka zyra n\u00eb gjith\u00eb Shqip\u00ebrin\u00eb:<\/p>\n<p><strong>Mobile:<\/strong> 00355 694035476 <br \/><strong>Email:<\/strong> info@desrealestate.al\u00a0<br \/><strong>Web:<\/strong> <a href=\"https:\/\/desrealestate.al\/sq\/\">www.desrealestate.al<\/a><\/p>\n<p>Ju keni mund\u00ebsi t\u00eb regjistroheni, t\u00eb listoni pron\u00eb ose <br \/>t\u00eb shkruani k\u00ebrkes\u00ebn q\u00eb keni p\u00ebr pron\u00eb.<br \/>Gjithashtu mund t\u00eb na shkruani n\u00eb chat dhe do t\u2019ju p\u00ebrgjigjemi n\u00eb koh\u00eb reale.<\/p>","protected":false},"excerpt":{"rendered":"<p>\u00c7ertifikimet dhe titulli! &nbsp; \u00bb Po k\u00ebrkoni p\u00ebr nj\u00eb agjent? N\u00eb Shqip\u00ebri, agjent\u00ebt nuk kan\u00eb licenc\u00eb specifike, por ligji i ri p\u00ebr agjentin real estate ka p\u00ebrcaktuar licencimin e agjentit t\u00eb pronave si profesion i lir\u00eb. Kjo realizohet brenda viti 2022. Ruhuni nga \u201cagjent\u00ebt e rrug\u00ebs\u201d t\u00eb cil\u00ebt b\u00ebjn\u00eb rolin e sekserit dhe mund t\u00eb [&hellip;]<\/p>","protected":false},"author":1,"featured_media":0,"parent":0,"menu_order":0,"comment_status":"closed","ping_status":"closed","template":"","meta":{"footnotes":""},"class_list":["post-46300","page","type-page","status-publish","hentry"],"yoast_head":"<!-- This site is optimized with the Yoast SEO Premium plugin v15.2 - https:\/\/yoast.com\/wordpress\/plugins\/seo\/ -->\n<title>Si mund t\u00eb gjej agjentin e duhur? - DES Real Estate<\/title>\n<meta name=\"robots\" content=\"index, follow, max-snippet:-1, max-image-preview:large, max-video-preview:-1\" \/>\n<link rel=\"canonical\" href=\"https:\/\/desrealestate.al\/si-mund-te-gjej-agjentin-e-duhur\/\" \/>\n<meta property=\"og:locale\" content=\"en_GB\" \/>\n<meta property=\"og:type\" content=\"article\" \/>\n<meta property=\"og:title\" content=\"Si mund t\u00eb gjej agjentin e duhur? - DES Real Estate\" \/>\n<meta property=\"og:description\" content=\"\u00c7ertifikimet dhe titulli! &nbsp; \u00bb Po k\u00ebrkoni p\u00ebr nj\u00eb agjent? N\u00eb Shqip\u00ebri, agjent\u00ebt nuk kan\u00eb licenc\u00eb specifike, por ligji i ri p\u00ebr agjentin real estate ka p\u00ebrcaktuar licencimin e agjentit t\u00eb pronave si profesion i lir\u00eb. Kjo realizohet brenda viti 2022. Ruhuni nga \u201cagjent\u00ebt e rrug\u00ebs\u201d t\u00eb cil\u00ebt b\u00ebjn\u00eb rolin e sekserit dhe mund t\u00eb [&hellip;]\" \/>\n<meta property=\"og:url\" content=\"https:\/\/desrealestate.al\/si-mund-te-gjej-agjentin-e-duhur\/\" \/>\n<meta property=\"og:site_name\" content=\"DES Real Estate\" \/>\n<meta property=\"article:publisher\" content=\"https:\/\/www.facebook.com\/DesRealEstate.al\/\" \/>\n<meta property=\"article:modified_time\" content=\"2021-12-14T14:54:31+00:00\" \/>\n<meta property=\"og:image\" content=\"https:\/\/desrealestate.al\/wp-content\/uploads\/2021\/12\/RDC_.upset-agent-1024x576.jpg\" \/>\n<meta property=\"fb:app_id\" content=\"387924425682656\" \/>\n<meta name=\"twitter:card\" content=\"summary_large_image\" \/>\n<meta name=\"twitter:label1\" value=\"Written by\">\n\t<meta name=\"twitter:data1\" value=\"master\">\n\t<meta name=\"twitter:label2\" value=\"Estimated reading time\">\n\t<meta name=\"twitter:data2\" value=\"1 minute\">\n<script type=\"application\/ld+json\" class=\"yoast-schema-graph\">{\"@context\":\"https:\/\/schema.org\",\"@graph\":[{\"@type\":\"Organization\",\"@id\":\"https:\/\/desrealestate.al\/sq\/#organization\",\"name\":\"DES Real Estate\",\"url\":\"https:\/\/desrealestate.al\/sq\/\",\"sameAs\":[\"https:\/\/www.facebook.com\/DesRealEstate.al\/\",\"https:\/\/www.instagram.com\/desrealestate.al\/\"],\"logo\":{\"@type\":\"ImageObject\",\"@id\":\"https:\/\/desrealestate.al\/sq\/#logo\",\"inLanguage\":\"en-GB\",\"url\":\"https:\/\/desrealestate.al\/wp-content\/uploads\/2020\/05\/DES-Real-Estate-Logo-Vertikale.png\",\"width\":171,\"height\":115,\"caption\":\"DES Real Estate\"},\"image\":{\"@id\":\"https:\/\/desrealestate.al\/sq\/#logo\"}},{\"@type\":\"WebSite\",\"@id\":\"https:\/\/desrealestate.al\/sq\/#website\",\"url\":\"https:\/\/desrealestate.al\/sq\/\",\"name\":\"DES Real Estate\",\"description\":\"Sht\\u00ebpia \\u00ebsht\\u00eb e para\",\"publisher\":{\"@id\":\"https:\/\/desrealestate.al\/sq\/#organization\"},\"potentialAction\":[{\"@type\":\"SearchAction\",\"target\":\"https:\/\/desrealestate.al\/sq\/?s={search_term_string}\",\"query-input\":\"required name=search_term_string\"}],\"inLanguage\":\"en-GB\"},{\"@type\":\"ImageObject\",\"@id\":\"https:\/\/desrealestate.al\/si-mund-te-gjej-agjentin-e-duhur\/#primaryimage\",\"inLanguage\":\"en-GB\",\"url\":\"https:\/\/desrealestate.al\/wp-content\/uploads\/2021\/12\/RDC_.upset-agent.jpg\",\"width\":2000,\"height\":1125},{\"@type\":\"WebPage\",\"@id\":\"https:\/\/desrealestate.al\/si-mund-te-gjej-agjentin-e-duhur\/#webpage\",\"url\":\"https:\/\/desrealestate.al\/si-mund-te-gjej-agjentin-e-duhur\/\",\"name\":\"Si mund t\\u00eb gjej agjentin e duhur? - DES Real Estate\",\"isPartOf\":{\"@id\":\"https:\/\/desrealestate.al\/sq\/#website\"},\"primaryImageOfPage\":{\"@id\":\"https:\/\/desrealestate.al\/si-mund-te-gjej-agjentin-e-duhur\/#primaryimage\"},\"datePublished\":\"2021-12-06T13:30:17+00:00\",\"dateModified\":\"2021-12-14T14:54:31+00:00\",\"inLanguage\":\"en-GB\",\"potentialAction\":[{\"@type\":\"ReadAction\",\"target\":[\"https:\/\/desrealestate.al\/si-mund-te-gjej-agjentin-e-duhur\/\"]}]}]}<\/script>\n<!-- \/ Yoast SEO Premium plugin. -->","_links":{"self":[{"href":"https:\/\/desrealestate.al\/en\/wp-json\/wp\/v2\/pages\/46300"}],"collection":[{"href":"https:\/\/desrealestate.al\/en\/wp-json\/wp\/v2\/pages"}],"about":[{"href":"https:\/\/desrealestate.al\/en\/wp-json\/wp\/v2\/types\/page"}],"author":[{"embeddable":true,"href":"https:\/\/desrealestate.al\/en\/wp-json\/wp\/v2\/users\/1"}],"replies":[{"embeddable":true,"href":"https:\/\/desrealestate.al\/en\/wp-json\/wp\/v2\/comments?post=46300"}],"version-history":[{"count":97,"href":"https:\/\/desrealestate.al\/en\/wp-json\/wp\/v2\/pages\/46300\/revisions"}],"predecessor-version":[{"id":47476,"href":"https:\/\/desrealestate.al\/en\/wp-json\/wp\/v2\/pages\/46300\/revisions\/47476"}],"wp:attachment":[{"href":"https:\/\/desrealestate.al\/en\/wp-json\/wp\/v2\/media?parent=46300"}],"curies":[{"name":"wp","href":"https:\/\/api.w.org\/{rel}","templated":true}]}}