{"id":46310,"date":"2021-12-06T13:43:14","date_gmt":"2021-12-06T13:43:14","guid":{"rendered":"https:\/\/desrealestate.al\/?page_id=46310"},"modified":"2021-12-10T14:15:30","modified_gmt":"2021-12-10T14:15:30","slug":"si-do-ta-beje-shtepine-gati-per-shitje","status":"publish","type":"page","link":"https:\/\/desrealestate.al\/en\/si-do-ta-beje-shtepine-gati-per-shitje\/","title":{"rendered":"Si do ta b\u00ebj\u00eb sht\u00ebpin\u00eb gati p\u00ebr shitje?"},"content":{"rendered":"<h3 style=\"font-family: Lato, sans-serif;\"><strong>Si do ta b\u00ebj sht\u00ebpin\u00eb gati p\u00ebr shitje?<\/strong><\/h3>\n<p style=\"font-family: Lato, sans-serif;\">Ka shum\u00eb gj\u00ebra q\u00eb duhen b\u00ebr\u00eb, p\u00ebr ta b\u00ebr\u00eb sht\u00ebpin\u00eb tuaj gati p\u00ebr shitje dhe t\u00ebrheq\u00ebse p\u00ebr bler\u00ebsit e mundsh\u00ebm. Puno me agjentin e pronave q\u00eb t\u00eb evidentoni se \u00e7far\u00eb dhe cilat gj\u00ebra duhet t\u00eb b\u00ebsh, duke i krahasuar me prona t\u00eb ngjashme t\u00eb zon\u00ebs.<\/p>\n<p style=\"font-family: Lato, sans-serif; text-align: left;\"><strong style=\"background-color: transparent; font-size: 15px; color: #000000;\">\u00a0\u00bb Si mund ta b\u00ebj gati sht\u00ebpin\u00eb p\u00ebr shitje?<\/strong><\/p>\n<p style=\"font-family: Lato, sans-serif;\">Nga dyshemeja, dyert, dritaret, muret, lyerja, riparimet n\u00eb banjo, dera e jashtme, oborri etj, sigurohuni q\u00eb jan\u00eb n\u00eb gjendje shum\u00eb t\u00eb mir\u00eb sepse k\u00ebshtu do ta impresiononi bler\u00ebsin tuaj. <br \/>K\u00ebto b\u00ebjini para se ta nxirrni n\u00eb shitje.<\/p>\n<p>DES Real Estate ka nj\u00eb checklist t\u00eb plot\u00eb p\u00ebr riparimet e mundshme t\u00eb \u00e7do tip sht\u00ebpie <br \/>dhe ju bashk\u00eb me agjentin DES e shqyrtoni me kujdes dhe vendosni se \u00e7far\u00eb do b\u00ebni.<\/p>\n<p style=\"color: #000000;\"><strong>\u00a0 \u00bb Si mund ta rris vler\u00ebn e sht\u00ebpis\u00eb sime?<\/strong><\/p>\n<p>P\u00ebrpara se ta listoni, b\u00ebni rinovimet q\u00eb mundeni finaciarisht dhe q\u00eb do t\u2019ia rrisin vler\u00ebn sht\u00ebpis\u00eb tuaj dhe do ta b\u00ebjn\u00eb at\u00eb konkuruese n\u00eb tregun e pronave lokale e me gjer\u00eb . Bisedo m\u00eb par\u00eb me agjentin p\u00ebr t\u2019u k\u00ebshilluar p\u00ebr k\u00ebto riparime dhe se cilat b\u00ebjn\u00eb m\u00eb shum\u00eb sens n\u00eb zon\u00ebn ku ndodhet sht\u00ebpia juaj.<\/p>\n<p>S\u00eb bashku me agjentin duhet t\u00eb b\u00ebni edhe nj\u00eb inspektim n\u00eb pron\u00eb duke diskutuar t\u00eb gjitha detajet e riparimeve.<\/p>\n<p style=\"font-family: Lato, sans-serif; text-align: left;\"><strong style=\"color: #000000; font-size: 15px;\">\u00a0 \u00bb \u00c7far\u00eb duhet t\u00eb rregulloj patjet\u00ebr para shitjes s\u00eb sht\u00ebpis\u00eb?<\/strong><\/p>\n<p>\u00c7\u00ebshtje t\u00eb struktur\u00ebs, d\u00ebmtimeve t\u00eb ujit, mykut, lag\u00ebshtir\u00ebs, problemet elektrike, <br \/>ajrimi dhe kondicionimi, tubacionet e ujit dhe uj\u00ebrave t\u00eb zeza, mureve dhe \u00e7do <br \/>lloj problemi q\u00eb do t\u00eb dal\u00eb nga inspektimi shum\u00eb i kujdessh\u00ebm.<\/p>\n<p>\u00cbsht\u00eb gj\u00ebja m\u00eb e mir\u00eb t\u00eb b\u00ebhen k\u00ebto riparime , p\u00ebrpara se ta <br \/>nxirrni sht\u00ebpin\u00eb n\u00eb shitje, ose n\u00ebse nuk i b\u00ebni, duhet ta mendoni se k\u00ebto <br \/>do t\u00eb \u00e7ojn\u00eb n\u00eb \u00e7mim shum\u00eb m\u00eb t\u00eb ul\u00ebt t\u00eb sht\u00ebpis\u00eb.<\/p>\n<p style=\"font-family: Lato, sans-serif; text-align: left;\"><strong style=\"color: #000000; font-size: 15px;\">\u00bb A duhet ta prezantoj sht\u00ebpin\u00eb n\u00eb disa mediume?<\/strong><\/p>\n<p>Nj\u00eb sht\u00ebpi e prezantuar mir\u00eb do t\u00eb b\u00ebj\u00eb dallim midis konkurent\u00ebve dhe do t\u00eb ftoj\u00eb shum\u00eb bler\u00ebs. Prezantimi ka kthim investimi, sepse e shet shum\u00eb m\u00eb shpejt dhe me vler\u00eb t\u00eb mir\u00eb.<\/p>","protected":false},"excerpt":{"rendered":"<p>Si do ta b\u00ebj sht\u00ebpin\u00eb gati p\u00ebr shitje? Ka shum\u00eb gj\u00ebra q\u00eb duhen b\u00ebr\u00eb, p\u00ebr ta b\u00ebr\u00eb sht\u00ebpin\u00eb tuaj gati p\u00ebr shitje dhe t\u00ebrheq\u00ebse p\u00ebr bler\u00ebsit e mundsh\u00ebm. Puno me agjentin e pronave q\u00eb t\u00eb evidentoni se \u00e7far\u00eb dhe cilat gj\u00ebra duhet t\u00eb b\u00ebsh, duke i krahasuar me prona t\u00eb ngjashme t\u00eb zon\u00ebs. \u00a0\u00bb Si [&hellip;]<\/p>","protected":false},"author":1,"featured_media":0,"parent":0,"menu_order":0,"comment_status":"closed","ping_status":"closed","template":"","meta":{"footnotes":""},"class_list":["post-46310","page","type-page","status-publish","hentry"],"yoast_head":"<!-- This site is optimized with the Yoast SEO Premium plugin v15.2 - https:\/\/yoast.com\/wordpress\/plugins\/seo\/ -->\n<title>Si do ta b\u00ebj\u00eb sht\u00ebpin\u00eb gati p\u00ebr shitje? - DES Real Estate<\/title>\n<meta name=\"robots\" content=\"index, follow, max-snippet:-1, max-image-preview:large, max-video-preview:-1\" \/>\n<link rel=\"canonical\" href=\"https:\/\/desrealestate.al\/si-do-ta-beje-shtepine-gati-per-shitje\/\" \/>\n<meta property=\"og:locale\" content=\"en_GB\" \/>\n<meta property=\"og:type\" content=\"article\" \/>\n<meta property=\"og:title\" content=\"Si do ta b\u00ebj\u00eb sht\u00ebpin\u00eb gati p\u00ebr shitje? - DES Real Estate\" \/>\n<meta property=\"og:description\" content=\"Si do ta b\u00ebj sht\u00ebpin\u00eb gati p\u00ebr shitje? Ka shum\u00eb gj\u00ebra q\u00eb duhen b\u00ebr\u00eb, p\u00ebr ta b\u00ebr\u00eb sht\u00ebpin\u00eb tuaj gati p\u00ebr shitje dhe t\u00ebrheq\u00ebse p\u00ebr bler\u00ebsit e mundsh\u00ebm. Puno me agjentin e pronave q\u00eb t\u00eb evidentoni se \u00e7far\u00eb dhe cilat gj\u00ebra duhet t\u00eb b\u00ebsh, duke i krahasuar me prona t\u00eb ngjashme t\u00eb zon\u00ebs. \u00a0\u00bb Si [&hellip;]\" \/>\n<meta property=\"og:url\" content=\"https:\/\/desrealestate.al\/si-do-ta-beje-shtepine-gati-per-shitje\/\" \/>\n<meta property=\"og:site_name\" content=\"DES Real Estate\" \/>\n<meta property=\"article:publisher\" content=\"https:\/\/www.facebook.com\/DesRealEstate.al\/\" \/>\n<meta property=\"article:modified_time\" content=\"2021-12-10T14:15:30+00:00\" \/>\n<meta property=\"og:image\" content=\"https:\/\/desrealestate.al\/wp-content\/uploads\/2020\/11\/DES-Real-Estate-Logo-Vertikale-fb.jpg\" \/>\n\t<meta property=\"og:image:width\" content=\"1102\" \/>\n\t<meta property=\"og:image:height\" content=\"596\" \/>\n<meta property=\"fb:app_id\" content=\"387924425682656\" \/>\n<meta name=\"twitter:card\" content=\"summary_large_image\" \/>\n<meta name=\"twitter:label1\" value=\"Written by\">\n\t<meta name=\"twitter:data1\" value=\"master\">\n\t<meta name=\"twitter:label2\" value=\"Estimated reading time\">\n\t<meta name=\"twitter:data2\" value=\"2 minutes\">\n<script type=\"application\/ld+json\" class=\"yoast-schema-graph\">{\"@context\":\"https:\/\/schema.org\",\"@graph\":[{\"@type\":\"Organization\",\"@id\":\"https:\/\/desrealestate.al\/sq\/#organization\",\"name\":\"DES Real Estate\",\"url\":\"https:\/\/desrealestate.al\/sq\/\",\"sameAs\":[\"https:\/\/www.facebook.com\/DesRealEstate.al\/\",\"https:\/\/www.instagram.com\/desrealestate.al\/\"],\"logo\":{\"@type\":\"ImageObject\",\"@id\":\"https:\/\/desrealestate.al\/sq\/#logo\",\"inLanguage\":\"en-GB\",\"url\":\"https:\/\/desrealestate.al\/wp-content\/uploads\/2020\/05\/DES-Real-Estate-Logo-Vertikale.png\",\"width\":171,\"height\":115,\"caption\":\"DES Real Estate\"},\"image\":{\"@id\":\"https:\/\/desrealestate.al\/sq\/#logo\"}},{\"@type\":\"WebSite\",\"@id\":\"https:\/\/desrealestate.al\/sq\/#website\",\"url\":\"https:\/\/desrealestate.al\/sq\/\",\"name\":\"DES Real Estate\",\"description\":\"Sht\\u00ebpia \\u00ebsht\\u00eb e para\",\"publisher\":{\"@id\":\"https:\/\/desrealestate.al\/sq\/#organization\"},\"potentialAction\":[{\"@type\":\"SearchAction\",\"target\":\"https:\/\/desrealestate.al\/sq\/?s={search_term_string}\",\"query-input\":\"required name=search_term_string\"}],\"inLanguage\":\"en-GB\"},{\"@type\":\"WebPage\",\"@id\":\"https:\/\/desrealestate.al\/si-do-ta-beje-shtepine-gati-per-shitje\/#webpage\",\"url\":\"https:\/\/desrealestate.al\/si-do-ta-beje-shtepine-gati-per-shitje\/\",\"name\":\"Si do ta b\\u00ebj\\u00eb sht\\u00ebpin\\u00eb gati p\\u00ebr shitje? - DES Real Estate\",\"isPartOf\":{\"@id\":\"https:\/\/desrealestate.al\/sq\/#website\"},\"datePublished\":\"2021-12-06T13:43:14+00:00\",\"dateModified\":\"2021-12-10T14:15:30+00:00\",\"inLanguage\":\"en-GB\",\"potentialAction\":[{\"@type\":\"ReadAction\",\"target\":[\"https:\/\/desrealestate.al\/si-do-ta-beje-shtepine-gati-per-shitje\/\"]}]}]}<\/script>\n<!-- \/ Yoast SEO Premium plugin. -->","_links":{"self":[{"href":"https:\/\/desrealestate.al\/en\/wp-json\/wp\/v2\/pages\/46310"}],"collection":[{"href":"https:\/\/desrealestate.al\/en\/wp-json\/wp\/v2\/pages"}],"about":[{"href":"https:\/\/desrealestate.al\/en\/wp-json\/wp\/v2\/types\/page"}],"author":[{"embeddable":true,"href":"https:\/\/desrealestate.al\/en\/wp-json\/wp\/v2\/users\/1"}],"replies":[{"embeddable":true,"href":"https:\/\/desrealestate.al\/en\/wp-json\/wp\/v2\/comments?post=46310"}],"version-history":[{"count":142,"href":"https:\/\/desrealestate.al\/en\/wp-json\/wp\/v2\/pages\/46310\/revisions"}],"predecessor-version":[{"id":47095,"href":"https:\/\/desrealestate.al\/en\/wp-json\/wp\/v2\/pages\/46310\/revisions\/47095"}],"wp:attachment":[{"href":"https:\/\/desrealestate.al\/en\/wp-json\/wp\/v2\/media?parent=46310"}],"curies":[{"name":"wp","href":"https:\/\/api.w.org\/{rel}","templated":true}]}}