{"id":46567,"date":"2021-12-08T10:27:41","date_gmt":"2021-12-08T10:27:41","guid":{"rendered":"https:\/\/desrealestate.al\/?page_id=46567"},"modified":"2024-07-30T12:42:54","modified_gmt":"2024-07-30T12:42:54","slug":"rreth-nesh-real-estate-in-albania","status":"publish","type":"page","link":"https:\/\/desrealestate.al\/en\/rreth-nesh-real-estate-in-albania\/","title":{"rendered":"Rreth Nesh"},"content":{"rendered":"<h2>\u00cbndrrat tuaja, fokusi dhe objektivi yn\u00eb!<\/h2>\n<p><a href=\"https:\/\/desrealestate.al\/sq\/\">DES Real Estate<\/a> lindi si nj\u00eb projekt i familjes Kok\u00ebdhima, p\u00ebr nd\u00ebrtuar nj\u00eb operator t\u00eb r\u00ebnd\u00ebsish\u00ebm t\u00eb real estate n\u00eb Shqip\u00ebri, q\u00eb do t\u00eb kontribuoj\u00eb n\u00eb zhvillimin, menaxhimin, <a href=\"https:\/\/desrealestate.al\/sq\/properties-search\/?location=any&amp;status=any&amp;type=any&amp;min-area=&amp;max-area=&amp;min-price=&amp;max-price=&amp;bathrooms=any&amp;price-currency=any&amp;bedrooms=any&amp;price-type=any\">shitblerjen<\/a> dhe komercializimin e pronave, n\u00eb zhvillimin e dijeve dhe aft\u00ebsive t\u00eb agjent\u00ebve t\u00eb rinj p\u00ebr industrin\u00eb e pronave dhe p\u00ebr t\u00eb zbatuar e trash\u00ebguar gjith\u00eb dijet mbi pronat t\u00eb <strong>z. Ko\u00e7o Kok\u00ebdhima<\/strong>, nj\u00eb lider me vizion t\u00eb madh p\u00ebr industrin\u00eb e pronave, por jo vet\u00ebm dhe zonj\u00ebs s\u00eb tij, <strong>Brixhida Kok\u00ebdhima<\/strong>, q\u00eb ka punuar si menaxhere ekzekutive biznesi p\u00ebr 35 vjet.<\/p>\n<p>Ky \u00e7ift ka punuar bashk\u00eb prej 40 vitesh, kan\u00eb pasur e kan\u00eb qasje e atraksion t\u00eb vecant\u00eb p\u00ebr pron\u00ebn dhe kan\u00eb b\u00ebr\u00eb vazhdimisht biznes me real estate.<\/p>\n<p>DES Real Estate u nd\u00ebrtua si nj\u00eb kompani me standarde q\u00eb dit\u00ebn e par\u00eb, n\u00eb dhjetor 2018.<\/p>\n<p>U investua seriozisht n\u00eb burimet njer\u00ebzore t\u00eb reja, p\u00ebrmes trajnimeve, shpjegimeve, k\u00ebshillimit juridik e finaciar, p\u00ebrmes seminareve dhe videokonferencave dhe p\u00ebrmes nj\u00eb pune me durim e k\u00ebmb\u00ebngulje n\u00eb terren e n\u00eb zyra.<\/p>\n<p>Kompania ka p\u00ebrcaktuar e vendosur Integritetin, Besnik\u00ebrin\u00eb dhe Profesionalizmin n\u00eb zemr\u00ebn e Biznesit t\u00eb vet.<\/p>\n<p>Me pun\u00ebn e madhe dhe angazhimin e <a href=\"https:\/\/desrealestate.al\/sq\/agjencite-real-estate\/\">agjent\u00ebve<\/a>, brokerave, trajnuesve, drejtuesve dhe t\u00eb gjith\u00eb stafit mb\u00ebshtet\u00ebs, ne nd\u00ebrtuam marr\u00ebdh\u00ebnie t\u00eb shk\u00eblqyera me klient\u00ebt, u sh\u00ebrbyem devotshm\u00ebrisht atyre.<\/p>\n<p>Ata na vler\u00ebsuan dhe besuan, k\u00ebshtu ne nd\u00ebrtuam komunitetin q\u00eb punon me DES Real Estate dhe e b\u00ebn\u00eb Brandin ton\u00eb Brandin e Real Estate m\u00eb t\u00eb respektuar n\u00eb Shqip\u00ebri me 9 zyra n\u00eb dhjetor 2021 dhe me disa zyra t\u00eb reja s\u00eb shpejti.<\/p>\n<p style=\"text-align: center;\">#NeJemiDES #NeJemiNj\u00eb<\/p>\n<h4>ZONAT KU SH\u00cbRBEJM\u00cb!<\/h4>\n<p><img loading=\"lazy\" decoding=\"async\" src=\"https:\/\/desrealestate.al\/wp-content\/uploads\/2024\/07\/harta-e-shqiperise.png\" sizes=\"(max-width: 675px) 100vw, 675px\" srcset=\"https:\/\/desrealestate.al\/wp-content\/uploads\/2024\/07\/harta-e-shqiperise.png 675w, https:\/\/desrealestate.al\/wp-content\/uploads\/2024\/07\/harta-e-shqiperise-198x300.png 198w\" alt=\"\" width=\"675\" height=\"1024\" \/><\/p>\n<h3>AGJENT\u00cbT TAN\u00cb!<\/h3>\n<p>E jasht\u00ebzakonshmja jon\u00eb \u00ebsht\u00eb e zakonshmja<\/p>\n<p>Agjent\u00ebt DES lumturohen kur ndihmojn\u00eb njer\u00ebzit q\u00eb t\u00eb ndryshojn\u00eb jet\u00ebn e tyre.<\/p>\n<p>Ata jemi t\u00eb fokusuar p\u00ebr t\u00eb kuptuar synimet dhe vizionin e \u00e7do klienti p\u00ebr pron\u00ebn dhe me profesionalizmin , v\u00ebmendjen ndaj detajeve dhe nd\u00ebrrmarjen e plot\u00eb t\u00eb veprimeve p\u00ebr t\u00eb plot\u00ebsuar nevojat dhe synimet e tij\/saj.<\/p>\n<p><strong>Ne jemi shum\u00eb krenar\u00eb kur klienti b\u00ebhet i lumtur! <\/strong><\/p>\n<p>Ky \u00ebsht\u00eb treguesi q\u00eb kemi b\u00ebr\u00eb nj\u00eb pun\u00eb t\u00eb mir\u00eb!<\/p>\n<p>M\u00eb pas klient\u00ebt nuk na kujtojn\u00eb p\u00ebr transaksionin, por p\u00ebr besnik\u00ebrin\u00eb dhe avokatin\u00eb q\u00eb agjenti ka b\u00ebr\u00eb n\u00eb favorin e tij, q\u00eb i jep atij statusin e Heroit.<\/p>\n<p><img loading=\"lazy\" decoding=\"async\" src=\"https:\/\/desrealestate.al\/wp-content\/uploads\/2024\/07\/real-estate-for-family.jpg\" sizes=\"(max-width: 704px) 100vw, 704px\" srcset=\"https:\/\/desrealestate.al\/wp-content\/uploads\/2024\/07\/real-estate-for-family.jpg 704w, https:\/\/desrealestate.al\/wp-content\/uploads\/2024\/07\/real-estate-for-family-300x220.jpg 300w\" alt=\"\" width=\"704\" height=\"516\" \/><br \/>\n<img loading=\"lazy\" decoding=\"async\" src=\"https:\/\/desrealestate.al\/wp-content\/uploads\/2024\/07\/buy-home.jpg\" alt=\"\" width=\"235\" height=\"173\" \/><br \/>\n<img loading=\"lazy\" decoding=\"async\" src=\"https:\/\/desrealestate.al\/wp-content\/uploads\/2024\/07\/blej-shtepi.jpg\" sizes=\"(max-width: 710px) 100vw, 710px\" srcset=\"https:\/\/desrealestate.al\/wp-content\/uploads\/2024\/07\/blej-shtepi.jpg 1024w, https:\/\/desrealestate.al\/wp-content\/uploads\/2024\/07\/blej-shtepi-300x203.jpg 300w, https:\/\/desrealestate.al\/wp-content\/uploads\/2024\/07\/blej-shtepi-768x519.jpg 768w\" alt=\"\" width=\"710\" height=\"480\" \/><br \/>\n<img loading=\"lazy\" decoding=\"async\" src=\"https:\/\/desrealestate.al\/wp-content\/uploads\/2024\/07\/si-te-blej-shtepi.jpg\" sizes=\"(max-width: 710px) 100vw, 710px\" srcset=\"https:\/\/desrealestate.al\/wp-content\/uploads\/2024\/07\/si-te-blej-shtepi.jpg 768w, https:\/\/desrealestate.al\/wp-content\/uploads\/2024\/07\/si-te-blej-shtepi-300x219.jpg 300w\" alt=\"\" width=\"710\" height=\"518\" \/><br \/>\n<img loading=\"lazy\" decoding=\"async\" src=\"https:\/\/desrealestate.al\/wp-content\/uploads\/2024\/07\/shtepi-me-qera.jpg\" sizes=\"(max-width: 710px) 100vw, 710px\" srcset=\"https:\/\/desrealestate.al\/wp-content\/uploads\/2024\/07\/shtepi-me-qera.jpg 768w, https:\/\/desrealestate.al\/wp-content\/uploads\/2024\/07\/shtepi-me-qera-300x226.jpg 300w\" alt=\"\" width=\"710\" height=\"535\" \/><\/p>\n<h4>Aft\u00ebsit\u00eb tona!<\/h4>\n<p>T\u00eb jesh agjent i DES \u00ebsht\u00eb me tep\u00ebr se nj\u00eb pun\u00eb, \u00ebsht\u00eb nj\u00eb thirrje e v\u00ebrtet\u00eb!<\/p>\n<p>Agjent\u00ebt tan\u00eb jan\u00eb gjith\u00eb koh\u00ebn dhe vazhdimisht n\u00eb ngritje profesionale, n\u00eb njohjen e tregut t\u00eb pronave , ligjeve p\u00ebrkat\u00ebse, informacionin mbi zona dhe trendin e \u00e7mimeve, p\u00ebrmes nj\u00eb pune t\u00eb madhe \u00e7do dit\u00eb dhe p\u00ebrmes trajnimeve brenda kompanis\u00eb, por jo vet\u00ebm. E gjitha kjo p\u00ebrkthehet n\u00eb nj\u00eb eksperienc\u00eb t\u00eb jasht\u00ebzakonshme p\u00ebr klient\u00ebt.<\/p>\n<p><b>B\u00ebrja e gj\u00ebs\u00eb s\u00eb duhur \u00ebsht\u00eb n\u00eb zemr\u00ebn e gjith\u00e7kaje q\u00eb ne b\u00ebjm\u00eb.<\/b><\/p>\n<p><strong>\u00bb I gjith\u00eb stafi yn\u00eb organizon nj\u00eb dit\u00eb n\u00eb vit Sh\u00ebrbime ndaj Komunitetit.<\/strong><\/p>\n<p>DES Real Estate organizon nj\u00eb dit\u00eb n\u00eb vit dit\u00eb pune vullnetare p\u00ebr t\u00eb gjith\u00eb stafin e vet pran\u00eb organizatave RED CROSS Albania dhe Organizata p\u00ebr strehimin.<\/p>\n<p><img loading=\"lazy\" decoding=\"async\" src=\"https:\/\/desrealestate.al\/wp-content\/uploads\/2024\/07\/real-estate-albania1.png\" sizes=\"(max-width: 709px) 100vw, 709px\" srcset=\"https:\/\/desrealestate.al\/wp-content\/uploads\/2024\/07\/real-estate-albania1.png 709w, https:\/\/desrealestate.al\/wp-content\/uploads\/2024\/07\/real-estate-albania1-300x173.png 300w\" alt=\"\" width=\"709\" height=\"409\" \/><\/p>","protected":false},"excerpt":{"rendered":"<p>\u00cbndrrat tuaja, fokusi dhe objektivi yn\u00eb! DES Real Estate lindi si nj\u00eb projekt i familjes Kok\u00ebdhima, p\u00ebr nd\u00ebrtuar nj\u00eb operator t\u00eb r\u00ebnd\u00ebsish\u00ebm t\u00eb real estate n\u00eb Shqip\u00ebri, q\u00eb do t\u00eb kontribuoj\u00eb n\u00eb zhvillimin, menaxhimin, shitblerjen dhe komercializimin e pronave, n\u00eb zhvillimin e dijeve dhe aft\u00ebsive t\u00eb agjent\u00ebve t\u00eb rinj p\u00ebr industrin\u00eb e pronave dhe p\u00ebr [&hellip;]<\/p>","protected":false},"author":1,"featured_media":0,"parent":0,"menu_order":0,"comment_status":"closed","ping_status":"closed","template":"","meta":{"footnotes":""},"class_list":["post-46567","page","type-page","status-publish","hentry"],"yoast_head":"<!-- This site is optimized with the Yoast SEO Premium plugin v15.2 - https:\/\/yoast.com\/wordpress\/plugins\/seo\/ -->\n<title>Rreth Nesh - DES Real Estate - Real Estate in Albania<\/title>\n<meta name=\"description\" content=\"Real Estate in Albania! DES Real Estate, nj\u00eb agjenci pronash me eksperienc\u00eb disa vje\u00e7are n\u00eb shitblerje sht\u00ebpish n\u00eb t\u00eb gjith\u00eb Shqip\u00ebrin\u00eb.\" \/>\n<meta name=\"robots\" content=\"index, follow, max-snippet:-1, max-image-preview:large, max-video-preview:-1\" \/>\n<link rel=\"canonical\" href=\"https:\/\/desrealestate.al\/rreth-nesh-real-estate-in-albania\/\" \/>\n<meta property=\"og:locale\" content=\"en_GB\" \/>\n<meta property=\"og:type\" content=\"article\" \/>\n<meta property=\"og:title\" content=\"Rreth Nesh - DES Real Estate - Real Estate in Albania\" \/>\n<meta property=\"og:description\" content=\"Real Estate in Albania! DES Real Estate, nj\u00eb agjenci pronash me eksperienc\u00eb disa vje\u00e7are n\u00eb shitblerje sht\u00ebpish n\u00eb t\u00eb gjith\u00eb Shqip\u00ebrin\u00eb.\" \/>\n<meta property=\"og:url\" content=\"https:\/\/desrealestate.al\/rreth-nesh-real-estate-in-albania\/\" \/>\n<meta property=\"og:site_name\" content=\"DES Real Estate\" \/>\n<meta property=\"article:publisher\" content=\"https:\/\/www.facebook.com\/DesRealEstate.al\/\" \/>\n<meta property=\"article:modified_time\" content=\"2024-07-30T12:42:54+00:00\" \/>\n<meta property=\"og:image\" content=\"https:\/\/desrealestate.al\/wp-content\/uploads\/2024\/07\/harta-e-shqiperise.png\" \/>\n<meta property=\"fb:app_id\" content=\"387924425682656\" \/>\n<meta name=\"twitter:card\" content=\"summary_large_image\" \/>\n<meta name=\"twitter:label1\" value=\"Written by\">\n\t<meta name=\"twitter:data1\" value=\"master\">\n\t<meta name=\"twitter:label2\" value=\"Estimated reading time\">\n\t<meta name=\"twitter:data2\" value=\"2 minutes\">\n<script type=\"application\/ld+json\" class=\"yoast-schema-graph\">{\"@context\":\"https:\/\/schema.org\",\"@graph\":[{\"@type\":\"Organization\",\"@id\":\"https:\/\/desrealestate.al\/sq\/#organization\",\"name\":\"DES Real Estate\",\"url\":\"https:\/\/desrealestate.al\/sq\/\",\"sameAs\":[\"https:\/\/www.facebook.com\/DesRealEstate.al\/\",\"https:\/\/www.instagram.com\/desrealestate.al\/\"],\"logo\":{\"@type\":\"ImageObject\",\"@id\":\"https:\/\/desrealestate.al\/sq\/#logo\",\"inLanguage\":\"en-GB\",\"url\":\"https:\/\/desrealestate.al\/wp-content\/uploads\/2020\/05\/DES-Real-Estate-Logo-Vertikale.png\",\"width\":171,\"height\":115,\"caption\":\"DES Real Estate\"},\"image\":{\"@id\":\"https:\/\/desrealestate.al\/sq\/#logo\"}},{\"@type\":\"WebSite\",\"@id\":\"https:\/\/desrealestate.al\/sq\/#website\",\"url\":\"https:\/\/desrealestate.al\/sq\/\",\"name\":\"DES Real Estate\",\"description\":\"Sht\\u00ebpia \\u00ebsht\\u00eb e para\",\"publisher\":{\"@id\":\"https:\/\/desrealestate.al\/sq\/#organization\"},\"potentialAction\":[{\"@type\":\"SearchAction\",\"target\":\"https:\/\/desrealestate.al\/sq\/?s={search_term_string}\",\"query-input\":\"required name=search_term_string\"}],\"inLanguage\":\"en-GB\"},{\"@type\":\"ImageObject\",\"@id\":\"https:\/\/desrealestate.al\/rreth-nesh-real-estate-in-albania\/#primaryimage\",\"inLanguage\":\"en-GB\",\"url\":\"https:\/\/desrealestate.al\/wp-content\/uploads\/2024\/07\/harta-e-shqiperise.png\",\"width\":675,\"height\":1024},{\"@type\":\"WebPage\",\"@id\":\"https:\/\/desrealestate.al\/rreth-nesh-real-estate-in-albania\/#webpage\",\"url\":\"https:\/\/desrealestate.al\/rreth-nesh-real-estate-in-albania\/\",\"name\":\"Rreth Nesh - DES Real Estate - Real Estate in Albania\",\"isPartOf\":{\"@id\":\"https:\/\/desrealestate.al\/sq\/#website\"},\"primaryImageOfPage\":{\"@id\":\"https:\/\/desrealestate.al\/rreth-nesh-real-estate-in-albania\/#primaryimage\"},\"datePublished\":\"2021-12-08T10:27:41+00:00\",\"dateModified\":\"2024-07-30T12:42:54+00:00\",\"description\":\"Real Estate in Albania! DES Real Estate, nj\\u00eb agjenci pronash me eksperienc\\u00eb disa vje\\u00e7are n\\u00eb shitblerje sht\\u00ebpish n\\u00eb t\\u00eb gjith\\u00eb Shqip\\u00ebrin\\u00eb.\",\"inLanguage\":\"en-GB\",\"potentialAction\":[{\"@type\":\"ReadAction\",\"target\":[\"https:\/\/desrealestate.al\/rreth-nesh-real-estate-in-albania\/\"]}]}]}<\/script>\n<!-- \/ Yoast SEO Premium plugin. -->","_links":{"self":[{"href":"https:\/\/desrealestate.al\/en\/wp-json\/wp\/v2\/pages\/46567"}],"collection":[{"href":"https:\/\/desrealestate.al\/en\/wp-json\/wp\/v2\/pages"}],"about":[{"href":"https:\/\/desrealestate.al\/en\/wp-json\/wp\/v2\/types\/page"}],"author":[{"embeddable":true,"href":"https:\/\/desrealestate.al\/en\/wp-json\/wp\/v2\/users\/1"}],"replies":[{"embeddable":true,"href":"https:\/\/desrealestate.al\/en\/wp-json\/wp\/v2\/comments?post=46567"}],"version-history":[{"count":47,"href":"https:\/\/desrealestate.al\/en\/wp-json\/wp\/v2\/pages\/46567\/revisions"}],"predecessor-version":[{"id":75421,"href":"https:\/\/desrealestate.al\/en\/wp-json\/wp\/v2\/pages\/46567\/revisions\/75421"}],"wp:attachment":[{"href":"https:\/\/desrealestate.al\/en\/wp-json\/wp\/v2\/media?parent=46567"}],"curies":[{"name":"wp","href":"https:\/\/api.w.org\/{rel}","templated":true}]}}