{"id":105,"date":"2015-07-23T12:03:36","date_gmt":"2015-07-23T12:03:36","guid":{"rendered":"http:\/\/inspirythemesdemo.com\/realplaces\/?page_id=105"},"modified":"2021-12-17T10:44:22","modified_gmt":"2021-12-17T10:44:22","slug":"shtepi-me-qera-shtepi-ne-shitje","status":"publish","type":"page","link":"https:\/\/desrealestate.al\/sq\/","title":{"rendered":"Home"},"content":{"rendered":"","protected":false},"excerpt":{"rendered":"","protected":false},"author":1,"featured_media":0,"parent":0,"menu_order":0,"comment_status":"open","ping_status":"open","template":"page-templates\/home.php","meta":{"footnotes":""},"class_list":["post-105","page","type-page","status-publish","hentry"],"yoast_head":"<!-- This site is optimized with the Yoast SEO Premium plugin v15.2 - https:\/\/yoast.com\/wordpress\/plugins\/seo\/ -->\n<title>DES Real Estate - Sht\u00ebpi me qera - Sht\u00ebpi n\u00eb shitje - Prona<\/title>\n<meta name=\"description\" content=\"N\u00eb DES Real Estate do t\u00eb gjeni sht\u00ebpi me qera, sht\u00ebpi n\u00eb shitje dhe prona t\u00eb tjera p\u00ebr p\u00ebrdorime si ambiente biznesi dhe m\u00eb gjer\u00eb.\" \/>\n<meta name=\"robots\" content=\"index, follow, max-snippet:-1, max-image-preview:large, max-video-preview:-1\" \/>\n<link rel=\"canonical\" href=\"https:\/\/desrealestate.al\/\" \/>\n<meta property=\"og:locale\" content=\"sq_AL\" \/>\n<meta property=\"og:type\" content=\"article\" \/>\n<meta property=\"og:title\" content=\"DES Real Estate - Sht\u00ebpi me qera - Sht\u00ebpi n\u00eb shitje - Prona\" \/>\n<meta property=\"og:description\" content=\"N\u00eb DES Real Estate do t\u00eb gjeni sht\u00ebpi me qera, sht\u00ebpi n\u00eb shitje dhe prona t\u00eb tjera p\u00ebr p\u00ebrdorime si ambiente biznesi dhe m\u00eb gjer\u00eb.\" \/>\n<meta property=\"og:url\" content=\"https:\/\/desrealestate.al\/\" \/>\n<meta property=\"og:site_name\" content=\"DES Real Estate\" \/>\n<meta property=\"article:publisher\" content=\"https:\/\/www.facebook.com\/DesRealEstate.al\/\" \/>\n<meta property=\"article:modified_time\" content=\"2021-12-17T10:44:22+00:00\" \/>\n<meta property=\"og:image\" content=\"https:\/\/desrealestate.al\/wp-content\/uploads\/2020\/11\/fb.jpg\" \/>\n\t<meta property=\"og:image:width\" content=\"828\" \/>\n\t<meta property=\"og:image:height\" content=\"460\" \/>\n<meta property=\"fb:app_id\" content=\"387924425682656\" \/>\n<meta name=\"twitter:card\" content=\"summary_large_image\" \/>\n<meta name=\"twitter:label1\" value=\"Written by\">\n\t<meta name=\"twitter:data1\" value=\"master\">\n<script type=\"application\/ld+json\" class=\"yoast-schema-graph\">{\"@context\":\"https:\/\/schema.org\",\"@graph\":[{\"@type\":\"Organization\",\"@id\":\"https:\/\/desrealestate.al\/sq\/#organization\",\"name\":\"DES Real Estate\",\"url\":\"https:\/\/desrealestate.al\/sq\/\",\"sameAs\":[\"https:\/\/www.facebook.com\/DesRealEstate.al\/\",\"https:\/\/www.instagram.com\/desrealestate.al\/\"],\"logo\":{\"@type\":\"ImageObject\",\"@id\":\"https:\/\/desrealestate.al\/sq\/#logo\",\"inLanguage\":\"sq\",\"url\":\"https:\/\/desrealestate.al\/wp-content\/uploads\/2020\/05\/DES-Real-Estate-Logo-Vertikale.png\",\"width\":171,\"height\":115,\"caption\":\"DES Real Estate\"},\"image\":{\"@id\":\"https:\/\/desrealestate.al\/sq\/#logo\"}},{\"@type\":\"WebSite\",\"@id\":\"https:\/\/desrealestate.al\/sq\/#website\",\"url\":\"https:\/\/desrealestate.al\/sq\/\",\"name\":\"DES Real Estate\",\"description\":\"Sht\\u00ebpia \\u00ebsht\\u00eb e para\",\"publisher\":{\"@id\":\"https:\/\/desrealestate.al\/sq\/#organization\"},\"potentialAction\":[{\"@type\":\"SearchAction\",\"target\":\"https:\/\/desrealestate.al\/sq\/?s={search_term_string}\",\"query-input\":\"required name=search_term_string\"}],\"inLanguage\":\"sq\"},{\"@type\":\"WebPage\",\"@id\":\"https:\/\/desrealestate.al\/#webpage\",\"url\":\"https:\/\/desrealestate.al\/\",\"name\":\"DES Real Estate - Sht\\u00ebpi me qera - Sht\\u00ebpi n\\u00eb shitje - Prona\",\"isPartOf\":{\"@id\":\"https:\/\/desrealestate.al\/sq\/#website\"},\"datePublished\":\"2015-07-23T12:03:36+00:00\",\"dateModified\":\"2021-12-17T10:44:22+00:00\",\"description\":\"N\\u00eb DES Real Estate do t\\u00eb gjeni sht\\u00ebpi me qera, sht\\u00ebpi n\\u00eb shitje dhe prona t\\u00eb tjera p\\u00ebr p\\u00ebrdorime si ambiente biznesi dhe m\\u00eb gjer\\u00eb.\",\"inLanguage\":\"sq\",\"potentialAction\":[{\"@type\":\"ReadAction\",\"target\":[\"https:\/\/desrealestate.al\/\"]}]}]}<\/script>\n<!-- \/ Yoast SEO Premium plugin. -->","_links":{"self":[{"href":"https:\/\/desrealestate.al\/sq\/wp-json\/wp\/v2\/pages\/105"}],"collection":[{"href":"https:\/\/desrealestate.al\/sq\/wp-json\/wp\/v2\/pages"}],"about":[{"href":"https:\/\/desrealestate.al\/sq\/wp-json\/wp\/v2\/types\/page"}],"author":[{"embeddable":true,"href":"https:\/\/desrealestate.al\/sq\/wp-json\/wp\/v2\/users\/1"}],"replies":[{"embeddable":true,"href":"https:\/\/desrealestate.al\/sq\/wp-json\/wp\/v2\/comments?post=105"}],"version-history":[{"count":1,"href":"https:\/\/desrealestate.al\/sq\/wp-json\/wp\/v2\/pages\/105\/revisions"}],"predecessor-version":[{"id":45813,"href":"https:\/\/desrealestate.al\/sq\/wp-json\/wp\/v2\/pages\/105\/revisions\/45813"}],"wp:attachment":[{"href":"https:\/\/desrealestate.al\/sq\/wp-json\/wp\/v2\/media?parent=105"}],"curies":[{"name":"wp","href":"https:\/\/api.w.org\/{rel}","templated":true}]}}