{"id":45987,"date":"2021-12-01T11:09:29","date_gmt":"2021-12-01T11:09:29","guid":{"rendered":"https:\/\/desrealestate.al\/?page_id=45987"},"modified":"2022-02-04T14:10:20","modified_gmt":"2022-02-04T14:10:20","slug":"shitblerje-shtepish","status":"publish","type":"page","link":"https:\/\/desrealestate.al\/sq\/shitblerje-shtepish\/","title":{"rendered":"Shitje"},"content":{"rendered":"<h4>Shitja \u00ebsht\u00eb rezultati final q\u00eb ne na drejton qysh nga fillimi!<\/h4>\n<p>Agjent\u00ebt DES e kuptojn\u00eb se shitja e nj\u00eb sht\u00ebpie mund t\u00eb jet\u00eb nj\u00eb udh\u00ebtim emocional. Ata lumturohen kur ndihmojn\u00eb klient\u00ebt e tyre q\u00eb ta \u00e7ojn\u00eb jet\u00ebn e tyre p\u00ebrpara duke qen\u00eb profesionist\u00eb dhe duke vler\u00ebsuar edhe detajet m\u00eb t\u00eb vogla.<\/p>\n<p><strong>Jeni t\u00eb shqet\u00ebsuar se sa vlen sht\u00ebpia juaj?<\/strong><\/p>\n<p>Asnj\u00eb makin\u00eb llogarit\u00ebse nuk mund t\u2019i z\u00ebvend\u00ebsoj\u00eb njohjet e Agjent\u00ebve t\u00eb pronave p\u00ebr \u00e7mimet e tregut t\u00eb pronave n\u00eb zona t\u00eb ndryshme, q\u00eb sigurohet nga shitjet e m\u00ebparshme t\u00eb DES dhe nga gjith\u00eb informacioni n\u00eb rrug\u00eb t\u00eb tjera.<\/p>\n<h2>ESENCIALE P\u00cbR SHIT\u00cbSIN!<\/h2>\n<p><img loading=\"lazy\" decoding=\"async\" src=\"https:\/\/desrealestate.al\/wp-content\/uploads\/2021\/12\/b1-4-300x107.png\" sizes=\"(max-width: 300px) 100vw, 300px\" srcset=\"https:\/\/desrealestate.al\/wp-content\/uploads\/2021\/12\/b1-4-300x107.png 300w, https:\/\/desrealestate.al\/wp-content\/uploads\/2021\/12\/b1-4-1024x366.png 1024w, https:\/\/desrealestate.al\/wp-content\/uploads\/2021\/12\/b1-4-768x274.png 768w, https:\/\/desrealestate.al\/wp-content\/uploads\/2021\/12\/b1-4-1536x548.png 1536w, https:\/\/desrealestate.al\/wp-content\/uploads\/2021\/12\/b1-4.png 1608w\" alt=\"\" width=\"300\" height=\"107\" \/><\/p>\n<p><strong>\u00cbsht\u00eb momenti i duhur p\u00ebr t\u00eb b\u00ebr\u00eb nj\u00eb l\u00ebvizje?<\/strong><\/p>\n<p>I gjith\u00eb shqet\u00ebsimi i shit\u00ebsve \u00ebsht\u00eb se a \u00ebsht\u00eb momenti i duhur p\u00ebr ta shitur sht\u00ebpin\u00eb. \u00cbsht\u00eb loj\u00eb numrash, por \u00ebsht\u00eb edhe vendim personal. Koha m\u00eb mir\u00eb p\u00ebr t\u00eb shitur sht\u00ebpin\u00eb \u00ebsht\u00eb kur ju jeni GATI!<\/p>\n<ul>\n<li><strong>\u00c7far\u00eb kostosh ka t\u00eb shes\u00ebsh nj\u00eb sht\u00ebpi?<\/strong><\/li>\n<\/ul>\n<p>Njohja e t\u00eb gjitha kostove q\u00eb do t\u00eb kesh gjat\u00eb procesit t\u00eb shitjes s\u00eb sht\u00ebpis\u00eb do t\u2019ju ndihmoj\u00eb t\u00eb planifikoni buxhetin nd\u00ebrsa ju p\u00ebrgatiteni p\u00ebr t\u00eb listuar pron\u00ebn tuaj.<\/p>\n<p><a href=\"https:\/\/desrealestate.al\/elementor-46207\/\"><strong>\u00bb\u00a0Gjeni n\u00eb vazhdim kostot\u2026<\/strong><\/a><\/p>\n<p><img loading=\"lazy\" decoding=\"async\" src=\"https:\/\/desrealestate.al\/wp-content\/uploads\/2021\/12\/b2-3-300x107.png\" sizes=\"(max-width: 300px) 100vw, 300px\" srcset=\"https:\/\/desrealestate.al\/wp-content\/uploads\/2021\/12\/b2-3-300x107.png 300w, https:\/\/desrealestate.al\/wp-content\/uploads\/2021\/12\/b2-3-1024x366.png 1024w, https:\/\/desrealestate.al\/wp-content\/uploads\/2021\/12\/b2-3-768x274.png 768w, https:\/\/desrealestate.al\/wp-content\/uploads\/2021\/12\/b2-3-1536x548.png 1536w, https:\/\/desrealestate.al\/wp-content\/uploads\/2021\/12\/b2-3.png 1608w\" alt=\"\" width=\"300\" height=\"107\" \/><\/p>\n<p><strong>P\u00ebr cfar\u00eb \u00e7mimi do t\u00eb shitet sht\u00ebpia ime?<br \/>\n<\/strong>P\u00ebrcaktimi i sakt\u00eb i \u00e7mimit t\u00eb sht\u00ebpis\u00eb tuaj \u00ebsht\u00eb \u00e7el\u00ebsi p\u00ebr t\u00eb marr\u00eb mbrapsht vler\u00ebn, pa humbur shum\u00eb koh\u00eb n\u00eb treg.<\/p>\n<p><strong>Si do ta vendosni ju \u00e7mimin e duhur p\u00ebr sht\u00ebpin\u00eb?\u00a0<\/strong><strong>Sa vlen sht\u00ebpia ime?<\/strong><\/p>\n<p><strong>\u00bb Puno me nj\u00eb agjent pronash p\u00ebr t\u00eb m\u00ebsuar \u00e7mimet e zon\u00ebs tuaj, tregun lokal, banesa me sip\u00ebrfaqe e kushte t\u00eb ngjashme dhe <a href=\"https:\/\/desrealestate.al\/cfare-cmimi\/\">krahasimi me tuaj\u00ebn\u2026<\/a><\/strong><\/p>\n<p><img loading=\"lazy\" decoding=\"async\" src=\"https:\/\/desrealestate.al\/wp-content\/uploads\/2021\/12\/b3-2-300x107.png\" sizes=\"(max-width: 300px) 100vw, 300px\" srcset=\"https:\/\/desrealestate.al\/wp-content\/uploads\/2021\/12\/b3-2-300x107.png 300w, https:\/\/desrealestate.al\/wp-content\/uploads\/2021\/12\/b3-2-1024x366.png 1024w, https:\/\/desrealestate.al\/wp-content\/uploads\/2021\/12\/b3-2-768x274.png 768w, https:\/\/desrealestate.al\/wp-content\/uploads\/2021\/12\/b3-2-1536x548.png 1536w, https:\/\/desrealestate.al\/wp-content\/uploads\/2021\/12\/b3-2.png 1608w\" alt=\"\" width=\"300\" height=\"107\" \/><\/p>\n<p><strong>Si mund t\u00eb gjej agjentin e duhur?<\/strong><\/p>\n<p>Nj\u00eb agjent \u00ebsht\u00eb m\u00eb tep\u00ebr se nj\u00eb ekspert pronash: Ata jan\u00eb njer\u00ebz q\u00eb kujdesen shum\u00eb p\u00ebr lumturin\u00eb tuaj dhe p\u00ebr synimet q\u00eb keni p\u00ebr sht\u00ebpin\u00eb.<\/p>\n<p><a href=\"https:\/\/desrealestate.al\/si-mund-te-gjej-agjentin-e-duhur\/\"><strong>\u00bb \u00c7ertifikimet dhe titulli&#8230;<\/strong><\/a><\/p>\n<p><img loading=\"lazy\" decoding=\"async\" src=\"https:\/\/desrealestate.al\/wp-content\/uploads\/2021\/12\/b4-2-300x107.png\" sizes=\"(max-width: 300px) 100vw, 300px\" srcset=\"https:\/\/desrealestate.al\/wp-content\/uploads\/2021\/12\/b4-2-300x107.png 300w, https:\/\/desrealestate.al\/wp-content\/uploads\/2021\/12\/b4-2-1024x366.png 1024w, https:\/\/desrealestate.al\/wp-content\/uploads\/2021\/12\/b4-2-768x274.png 768w, https:\/\/desrealestate.al\/wp-content\/uploads\/2021\/12\/b4-2-1536x548.png 1536w, https:\/\/desrealestate.al\/wp-content\/uploads\/2021\/12\/b4-2.png 1608w\" alt=\"\" width=\"300\" height=\"107\" \/><\/p>\n<p><strong>Si mund t\u00eb gjej agjentin e duhur?<\/strong><\/p>\n<p>Ka shum\u00eb gj\u00ebra p\u00ebr ta b\u00ebr\u00eb sht\u00ebpin\u00eb tuaj interesante p\u00ebr bler\u00ebsit. Puno me agjentin t\u00ebnd p\u00ebr t\u00eb kuptuar se \u00e7far\u00eb p\u00ebrmir\u00ebsimesh e rinovimesh duhet t\u2019i kryesh sht\u00ebpis\u00eb, q\u00eb t\u2019ja vlejn\u00eb p\u00ebr t\u2019i rritur \u00e7mimin asaj dhe p\u00ebr t\u00eb shkurtuar koh\u00ebn e shitjes.<\/p>\n<p><a href=\"https:\/\/desrealestate.al\/si-do-ta-beje-shtepine-gati-per-shitje\/\"><strong>\u00bb Si do ta b\u00ebj sht\u00ebpin\u00eb gati p\u00ebr shitje?<\/strong><\/a><\/p>\n<p><img loading=\"lazy\" decoding=\"async\" src=\"https:\/\/desrealestate.al\/wp-content\/uploads\/2021\/12\/b5-2-300x107.png\" sizes=\"(max-width: 300px) 100vw, 300px\" srcset=\"https:\/\/desrealestate.al\/wp-content\/uploads\/2021\/12\/b5-2-300x107.png 300w, https:\/\/desrealestate.al\/wp-content\/uploads\/2021\/12\/b5-2-1024x366.png 1024w, https:\/\/desrealestate.al\/wp-content\/uploads\/2021\/12\/b5-2-768x274.png 768w, https:\/\/desrealestate.al\/wp-content\/uploads\/2021\/12\/b5-2-1536x548.png 1536w, https:\/\/desrealestate.al\/wp-content\/uploads\/2021\/12\/b5-2.png 1608w\" alt=\"\" width=\"300\" height=\"107\" \/><\/p>\n<p>\u00cbsht\u00eb e leht\u00eb t\u00eb ndjeheni sikur ju kan\u00eb harruar, nd\u00ebrsa prona juaj \u00ebsht\u00eb n\u00eb treg, por ka shum\u00eb m\u00ebnyra p\u00ebr t\u00eb qen\u00eb aktiv dhe t\u00eb vazhdosh t\u00eb punosh me agjentin t\u00ebnd p\u00ebr shitje t\u00eb susksesshme.<\/p>\n<p><a href=\"https:\/\/desrealestate.al\/prona-ime-eshte-ne-shitje-po-pastaj\/\"><strong>\u00bb Prona ime \u00ebsht\u00eb n\u00eb shitje-po pastaj?<\/strong><\/a><\/p>\n<p><img loading=\"lazy\" decoding=\"async\" src=\"https:\/\/desrealestate.al\/wp-content\/uploads\/2021\/12\/b6-4-300x107.png\" sizes=\"(max-width: 300px) 100vw, 300px\" srcset=\"https:\/\/desrealestate.al\/wp-content\/uploads\/2021\/12\/b6-4-300x107.png 300w, https:\/\/desrealestate.al\/wp-content\/uploads\/2021\/12\/b6-4-1024x366.png 1024w, https:\/\/desrealestate.al\/wp-content\/uploads\/2021\/12\/b6-4-768x274.png 768w, https:\/\/desrealestate.al\/wp-content\/uploads\/2021\/12\/b6-4-1536x548.png 1536w, https:\/\/desrealestate.al\/wp-content\/uploads\/2021\/12\/b6-4.png 1608w\" alt=\"\" width=\"300\" height=\"107\" \/><\/p>\n<p><strong>Si mund ta b\u00ebj largimin nga sht\u00ebpia e shitur m\u00eb t\u00eb leht\u00eb?<\/strong><\/p>\n<p>Nga paketimi, trasferimi i pla\u00e7kave e deri pastrimi me themel i sht\u00ebpis\u00eb dhe nd\u00ebrrimi i adres\u00ebs, <strong><a href=\"https:\/\/desrealestate.al\/zhvendosja-eshte-stresuese-ne-cdo-rast-brenda-apo-jashte-qytetit\/\">ju duhet t\u00eb keni plot gj\u00ebra p\u00ebr t\u00eb b\u00ebr\u00eb, nd\u00ebrsa largoheni\u2026.<\/a><\/strong><\/p>\n","protected":false},"excerpt":{"rendered":"<p>Shitja \u00ebsht\u00eb rezultati final q\u00eb ne na drejton qysh nga fillimi! Agjent\u00ebt DES e kuptojn\u00eb se shitja e nj\u00eb sht\u00ebpie mund t\u00eb jet\u00eb nj\u00eb udh\u00ebtim emocional. Ata lumturohen kur ndihmojn\u00eb klient\u00ebt e tyre q\u00eb ta \u00e7ojn\u00eb jet\u00ebn e tyre p\u00ebrpara duke qen\u00eb profesionist\u00eb dhe duke vler\u00ebsuar edhe detajet m\u00eb t\u00eb vogla. Jeni t\u00eb shqet\u00ebsuar se [&hellip;]<\/p>\n","protected":false},"author":1,"featured_media":0,"parent":0,"menu_order":0,"comment_status":"closed","ping_status":"closed","template":"","meta":{"footnotes":""},"class_list":["post-45987","page","type-page","status-publish","hentry"],"yoast_head":"<!-- This site is optimized with the Yoast SEO Premium plugin v15.2 - https:\/\/yoast.com\/wordpress\/plugins\/seo\/ -->\n<title>Shitblerje sht\u00ebpish - Shitje - DES Real Estate - Real Estate in Albania<\/title>\n<meta name=\"description\" content=\"Agjent\u00ebt e pronave e kuptojn\u00eb se nj\u00eb shitblerje sht\u00ebpish \u00ebsht\u00eb nj\u00eb udh\u00ebtim emocional dhe kan\u00eb p\u00ebrgatitjen e duhur p\u00ebr t&#039;ju asistuar.\" \/>\n<meta name=\"robots\" content=\"index, follow, max-snippet:-1, max-image-preview:large, max-video-preview:-1\" \/>\n<link rel=\"canonical\" href=\"https:\/\/desrealestate.al\/shitblerje-shtepish\/\" \/>\n<meta property=\"og:locale\" content=\"sq_AL\" \/>\n<meta property=\"og:type\" content=\"article\" \/>\n<meta property=\"og:title\" content=\"Shitblerje sht\u00ebpish - Shitje - DES Real Estate - Real Estate in Albania\" \/>\n<meta property=\"og:description\" content=\"Agjent\u00ebt e pronave e kuptojn\u00eb se nj\u00eb shitblerje sht\u00ebpish \u00ebsht\u00eb nj\u00eb udh\u00ebtim emocional dhe kan\u00eb p\u00ebrgatitjen e duhur p\u00ebr t&#039;ju asistuar.\" \/>\n<meta property=\"og:url\" content=\"https:\/\/desrealestate.al\/shitblerje-shtepish\/\" \/>\n<meta property=\"og:site_name\" content=\"DES Real Estate\" \/>\n<meta property=\"article:publisher\" content=\"https:\/\/www.facebook.com\/DesRealEstate.al\/\" \/>\n<meta property=\"article:modified_time\" content=\"2022-02-04T14:10:20+00:00\" \/>\n<meta property=\"og:image\" content=\"https:\/\/desrealestate.al\/wp-content\/uploads\/2021\/12\/b1-4-300x107.png\" \/>\n<meta property=\"fb:app_id\" content=\"387924425682656\" \/>\n<meta name=\"twitter:card\" content=\"summary_large_image\" \/>\n<meta name=\"twitter:label1\" value=\"Written by\">\n\t<meta name=\"twitter:data1\" value=\"master\">\n\t<meta name=\"twitter:label2\" value=\"Est. reading time\">\n\t<meta name=\"twitter:data2\" value=\"2 minuta\">\n<script type=\"application\/ld+json\" class=\"yoast-schema-graph\">{\"@context\":\"https:\/\/schema.org\",\"@graph\":[{\"@type\":\"Organization\",\"@id\":\"https:\/\/desrealestate.al\/sq\/#organization\",\"name\":\"DES Real Estate\",\"url\":\"https:\/\/desrealestate.al\/sq\/\",\"sameAs\":[\"https:\/\/www.facebook.com\/DesRealEstate.al\/\",\"https:\/\/www.instagram.com\/desrealestate.al\/\"],\"logo\":{\"@type\":\"ImageObject\",\"@id\":\"https:\/\/desrealestate.al\/sq\/#logo\",\"inLanguage\":\"sq\",\"url\":\"https:\/\/desrealestate.al\/wp-content\/uploads\/2020\/05\/DES-Real-Estate-Logo-Vertikale.png\",\"width\":171,\"height\":115,\"caption\":\"DES Real Estate\"},\"image\":{\"@id\":\"https:\/\/desrealestate.al\/sq\/#logo\"}},{\"@type\":\"WebSite\",\"@id\":\"https:\/\/desrealestate.al\/sq\/#website\",\"url\":\"https:\/\/desrealestate.al\/sq\/\",\"name\":\"DES Real Estate\",\"description\":\"Sht\\u00ebpia \\u00ebsht\\u00eb e para\",\"publisher\":{\"@id\":\"https:\/\/desrealestate.al\/sq\/#organization\"},\"potentialAction\":[{\"@type\":\"SearchAction\",\"target\":\"https:\/\/desrealestate.al\/sq\/?s={search_term_string}\",\"query-input\":\"required name=search_term_string\"}],\"inLanguage\":\"sq\"},{\"@type\":\"ImageObject\",\"@id\":\"https:\/\/desrealestate.al\/shitblerje-shtepish\/#primaryimage\",\"inLanguage\":\"sq\",\"url\":\"https:\/\/desrealestate.al\/wp-content\/uploads\/2021\/12\/b1-4.png\",\"width\":1608,\"height\":574,\"caption\":\"apartamente ne shitje okazion\"},{\"@type\":\"WebPage\",\"@id\":\"https:\/\/desrealestate.al\/shitblerje-shtepish\/#webpage\",\"url\":\"https:\/\/desrealestate.al\/shitblerje-shtepish\/\",\"name\":\"Shitblerje sht\\u00ebpish - Shitje - DES Real Estate - Real Estate in Albania\",\"isPartOf\":{\"@id\":\"https:\/\/desrealestate.al\/sq\/#website\"},\"primaryImageOfPage\":{\"@id\":\"https:\/\/desrealestate.al\/shitblerje-shtepish\/#primaryimage\"},\"datePublished\":\"2021-12-01T11:09:29+00:00\",\"dateModified\":\"2022-02-04T14:10:20+00:00\",\"description\":\"Agjent\\u00ebt e pronave e kuptojn\\u00eb se nj\\u00eb shitblerje sht\\u00ebpish \\u00ebsht\\u00eb nj\\u00eb udh\\u00ebtim emocional dhe kan\\u00eb p\\u00ebrgatitjen e duhur p\\u00ebr t'ju asistuar.\",\"inLanguage\":\"sq\",\"potentialAction\":[{\"@type\":\"ReadAction\",\"target\":[\"https:\/\/desrealestate.al\/shitblerje-shtepish\/\"]}]}]}<\/script>\n<!-- \/ Yoast SEO Premium plugin. -->","_links":{"self":[{"href":"https:\/\/desrealestate.al\/sq\/wp-json\/wp\/v2\/pages\/45987"}],"collection":[{"href":"https:\/\/desrealestate.al\/sq\/wp-json\/wp\/v2\/pages"}],"about":[{"href":"https:\/\/desrealestate.al\/sq\/wp-json\/wp\/v2\/types\/page"}],"author":[{"embeddable":true,"href":"https:\/\/desrealestate.al\/sq\/wp-json\/wp\/v2\/users\/1"}],"replies":[{"embeddable":true,"href":"https:\/\/desrealestate.al\/sq\/wp-json\/wp\/v2\/comments?post=45987"}],"version-history":[{"count":146,"href":"https:\/\/desrealestate.al\/sq\/wp-json\/wp\/v2\/pages\/45987\/revisions"}],"predecessor-version":[{"id":48059,"href":"https:\/\/desrealestate.al\/sq\/wp-json\/wp\/v2\/pages\/45987\/revisions\/48059"}],"wp:attachment":[{"href":"https:\/\/desrealestate.al\/sq\/wp-json\/wp\/v2\/media?parent=45987"}],"curies":[{"name":"wp","href":"https:\/\/api.w.org\/{rel}","templated":true}]}}