{"id":46207,"date":"2021-12-06T09:50:33","date_gmt":"2021-12-06T09:50:33","guid":{"rendered":"https:\/\/desrealestate.al\/?page_id=46207"},"modified":"2021-12-17T10:55:03","modified_gmt":"2021-12-17T10:55:03","slug":"kostot-e-shitjes-se-shtepise","status":"publish","type":"page","link":"https:\/\/desrealestate.al\/sq\/kostot-e-shitjes-se-shtepise\/","title":{"rendered":"Kostot q\u00eb shoq\u00ebrojn\u00eb procesin e shitjes s\u00eb sht\u00ebpis\u00eb!"},"content":{"rendered":"<h4>Kostot q\u00eb shoq\u00ebrojn\u00eb procesin e shitjes s\u00eb sht\u00ebpis\u00eb.<\/h4>\n<p><strong>\u00a0 \u00bb Komisioni i agentit.<\/strong><\/p>\n<p>Komisioni i agjenti \u00ebsht\u00eb nj\u00eb kosto e vog\u00ebl, krahasuar me sh\u00ebrbimet profesionale, dijet, gjetja e ekspert\u00ebve t\u00eb duhur, q\u00eb ofron nj\u00eb agjent pronash. Agjenti merr komision nga shit\u00ebsi<br \/>\ndhe bler\u00ebsi q\u00eb n\u00eb totalin e vet shkon 4% t\u00eb \u00e7mimit t\u00eb pron\u00ebs nga t\u00eb dy.<\/p>\n<p>N\u00eb vende t\u00eb tjera komisionet (bler\u00ebs+shit\u00ebs) shkojn\u00eb deri n\u00eb 6 %.<\/p>\n<p><strong>\u00a0 \u00bb Riparimet e sht\u00ebpis\u00eb.<\/strong><\/p>\n<p>Ka nivele t\u00eb ndryshme t\u00eb riparimit e upgrade t\u00eb sht\u00ebpise. Ato pa dyshim q\u00eb \u00e7ojn\u00eb n\u00eb rritjen e vler\u00ebs s\u00eb pron\u00ebs. Lyerja dhe pastrimi, rregullimi i pamjes s\u00eb jashtme jan\u00eb t\u00eb domosdoshme p\u00ebr ta paraqitur shum\u00eb mir\u00eb pron\u00ebn te bler\u00ebsi.<\/p>\n<p>Projekte m\u00eb t\u00eb m\u00ebdha si rinovimi i \u00e7atis\u00eb, dyshemeve, dritareve, rrjetit hidraulik<br \/>\ndhe nd\u00ebrrimi i paisjeve hidrosanitare, etj. jan\u00eb investime t\u00eb r\u00ebnd\u00ebsishme<br \/>\nq\u00eb mund ta rritin vler\u00ebn e pron\u00ebs.<\/p>\n<p><strong>\u00a0 \u00bb Pagesa e utiliteteve.<\/strong><\/p>\n<p>K\u00ebto jan\u00eb dritat, uji, gazi, menaxhimi i godin\u00ebs etj. N\u00ebse periudha nga shitja<br \/>\nderi te largimi juaj zgjat at\u00ebher\u00eb k\u00ebto fatura nuk mund t\u2019ia l\u00ebsh bler\u00ebsit t\u00eb sht\u00ebpis\u00eb.<\/p>\n<p><strong>\u00a0 \u00bb Pagesa e pjes\u00ebs s\u00eb mbetur t\u00eb kredis\u00eb.<\/strong><\/p>\n<p>N\u00ebse keni marr\u00eb kredi n\u00eb bank\u00eb p\u00ebr sht\u00ebpin\u00eb q\u00eb po shisni, do t\u00eb duhet t\u00eb konsultoheni<br \/>\nme bank\u00ebn p\u00ebr shitjen q\u00eb po b\u00ebni, p\u00ebr t\u00eb p\u00ebrcaktuar pages\u00ebn e mbetur t\u00eb kredis\u00eb n\u00eb bank\u00eb.<\/p>\n<p><strong>\u00a0 \u00bb Tatimi i kalimit t\u00eb pron\u00ebsis\u00eb.<\/strong><\/p>\n<p>Sipas ligjit i takon shit\u00ebsit t\u00eb paguaj\u00eb te noteri pasi b\u00ebhet kontrata dhe \u00ebsht\u00eb n\u00eb momentin e kalimit t\u00eb pron\u00ebs te bler\u00ebsi. Ajo llogaritet me formul\u00eb t\u00eb posa\u00e7me nga noteri dhe ky i fundit e b\u00ebn<br \/>\npages\u00ebn n\u00eb kadast\u00ebr p\u00ebr llogari t\u00eb shit\u00ebsit.<\/p>\n<p><strong>\u00a0 \u00bb Kosto e transferimit.<\/strong><\/p>\n<p>N\u00ebse ju e b\u00ebni transferimin me nj\u00eb kompani t\u00eb specializuar,<br \/>\ndo t\u00eb llogarisni edhe koston e k\u00ebtij sh\u00ebrbimi.<\/p>\n<p><strong>\u00bb \u00c7far\u00eb \u00ebsht\u00eb tregu i shit\u00ebsve?<\/strong><\/p>\n<p>N\u00eb tregun e shit\u00ebsve t\u00eb sht\u00ebpive, k\u00ebrkesat p\u00ebr shitje jan\u00eb m\u00eb t\u00eb larta<br \/>\nse k\u00ebrkesat p\u00ebr blerje. Ky nuk \u00ebsht\u00eb rasti i tregut shqiptar.<\/p>\n<p><strong>\u00bb \u00c7far\u00eb \u00ebsht\u00eb tregu i bler\u00ebsve?<\/strong><\/p>\n<p>Tregu shqiptar \u00ebsht\u00eb i till\u00eb.\u00a0 Ka shum\u00eb zhvendosje personash e familjesh brenda dhe jasht\u00eb vendit t\u00eb cil\u00ebt i shesin sht\u00ebpit\u00eb. Mos harrojm\u00eb edhe industrin\u00eb e nd\u00ebrtimit q\u00eb prodhon apartamente sikurse edhe gjendja e stokut t\u00eb nd\u00ebrtimit q\u00eb ka Shqip\u00ebria. \u00cbsht\u00eb jo e thjesht\u00eb q\u00eb n\u00eb k\u00ebto kushte t\u00eb shes\u00ebsh sht\u00ebpin\u00eb t\u00ebnde kur ka shum\u00eb sht\u00ebpi n\u00eb shitje.<\/p>\n<p>\u00cbsht\u00eb e zakonshme q\u00eb sht\u00ebpit\u00eb t\u00eb q\u00ebndrojn\u00eb gjat\u00eb n\u00eb treg pa u shitur dhe shpesh shit\u00ebsit jan\u00eb t\u00eb detyruar t\u00eb ulin \u00e7mimet duke reklamuar okazione. \u00cbsht\u00eb shum\u00eb e r\u00ebnd\u00ebsishme q\u00eb t\u00eb punohet me agjent pronash p\u00ebr t\u00eb b\u00ebr\u00eb hapat e shpjeguara tek butoni <strong><a href=\"https:\/\/desrealestate.al\/sq\/blerje\/\">\u201cBlerje\u201d<\/a><\/strong> n\u00eb k\u00ebt\u00eb website.<\/p>\n<p>Duke qen\u00eb se konkurenca e shit\u00ebsve \u00ebsht\u00eb shum\u00eb e lart\u00eb, riparimet b\u00ebhen nj\u00eb nevoj\u00eb p\u00ebr ta prezantuar pron\u00ebn sa m\u00eb mir\u00eb. \u00cbsht\u00eb e r\u00ebnd\u00ebsishme se cilat riparime duhet t\u00eb kryesh.<\/p>\n<p>T\u00eb gjitha zyrat DES k\u00ebshillojn\u00eb se \u00e7far\u00eb riparimesh duhet t\u00eb kryesh, p\u00ebrmes nj\u00eb specialisti t\u00eb Masterit.<br \/>\nKjo e b\u00ebn shum\u00eb konkuruese sht\u00ebpin\u00eb e shit\u00ebsit dhe madje \u00e7on edhe n\u00eb<br \/>\nrritjen e \u00e7mimit t\u00eb shitjes.<\/p>\n<p><strong>Kur \u00ebsht\u00eb koha m\u00eb e mir\u00eb p\u00ebr t\u00eb shitur sht\u00ebpin\u00eb?<\/strong><\/p>\n<p>Kushtet e tregut lokal t\u00eb pronave t\u00eb paluajtshme p\u00ebrcaktojn\u00eb momentin<br \/>\nm\u00eb t\u00eb mir\u00eb p\u00ebr t\u00eb shitur. Nj\u00eb agjent i mir\u00eb pronash ju tregon se kur<br \/>\n\u00ebsht\u00eb momenti m\u00eb i mir\u00eb p\u00ebr t\u00eb shitur.<\/p>\n","protected":false},"excerpt":{"rendered":"<p>Kostot q\u00eb shoq\u00ebrojn\u00eb procesin e shitjes s\u00eb sht\u00ebpis\u00eb. \u00a0 \u00bb Komisioni i agentit. Komisioni i agjenti \u00ebsht\u00eb nj\u00eb kosto e vog\u00ebl, krahasuar me sh\u00ebrbimet profesionale, dijet, gjetja e ekspert\u00ebve t\u00eb duhur, q\u00eb ofron nj\u00eb agjent pronash. Agjenti merr komision nga shit\u00ebsi dhe bler\u00ebsi q\u00eb n\u00eb totalin e vet shkon 4% t\u00eb \u00e7mimit t\u00eb pron\u00ebs nga [&hellip;]<\/p>\n","protected":false},"author":1,"featured_media":0,"parent":0,"menu_order":0,"comment_status":"closed","ping_status":"closed","template":"","meta":{"footnotes":""},"class_list":["post-46207","page","type-page","status-publish","hentry"],"yoast_head":"<!-- This site is optimized with the Yoast SEO Premium plugin v15.2 - https:\/\/yoast.com\/wordpress\/plugins\/seo\/ -->\n<title>Kostot e shitjes s\u00eb sht\u00ebpis\u00eb - DES Real Estate - Sht\u00ebpi n\u00eb shitje.<\/title>\n<meta name=\"description\" content=\"N\u00ebse ke nxjerr\u00eb nj\u00eb sht\u00ebpi n\u00eb shitje, njihu fillimisht me t\u00eb gjitha kostot q\u00eb e shoq\u00ebrojn\u00eb procesin e shitjes s\u00eb sht\u00ebpis\u00eb.\" \/>\n<meta name=\"robots\" content=\"index, follow, max-snippet:-1, max-image-preview:large, max-video-preview:-1\" \/>\n<link rel=\"canonical\" href=\"https:\/\/desrealestate.al\/kostot-e-shitjes-se-shtepise\/\" \/>\n<meta property=\"og:locale\" content=\"sq_AL\" \/>\n<meta property=\"og:type\" content=\"article\" \/>\n<meta property=\"og:title\" content=\"Kostot e shitjes s\u00eb sht\u00ebpis\u00eb - DES Real Estate - Sht\u00ebpi n\u00eb shitje.\" \/>\n<meta property=\"og:description\" content=\"N\u00ebse ke nxjerr\u00eb nj\u00eb sht\u00ebpi n\u00eb shitje, njihu fillimisht me t\u00eb gjitha kostot q\u00eb e shoq\u00ebrojn\u00eb procesin e shitjes s\u00eb sht\u00ebpis\u00eb.\" \/>\n<meta property=\"og:url\" content=\"https:\/\/desrealestate.al\/kostot-e-shitjes-se-shtepise\/\" \/>\n<meta property=\"og:site_name\" content=\"DES Real Estate\" \/>\n<meta property=\"article:publisher\" content=\"https:\/\/www.facebook.com\/DesRealEstate.al\/\" \/>\n<meta property=\"article:modified_time\" content=\"2021-12-17T10:55:03+00:00\" \/>\n<meta property=\"og:image\" content=\"https:\/\/desrealestate.al\/wp-content\/uploads\/2020\/11\/DES-Real-Estate-Logo-Vertikale-fb.jpg\" \/>\n\t<meta property=\"og:image:width\" content=\"1102\" \/>\n\t<meta property=\"og:image:height\" content=\"596\" \/>\n<meta property=\"fb:app_id\" content=\"387924425682656\" \/>\n<meta name=\"twitter:card\" content=\"summary_large_image\" \/>\n<meta name=\"twitter:label1\" value=\"Written by\">\n\t<meta name=\"twitter:data1\" value=\"master\">\n\t<meta name=\"twitter:label2\" value=\"Est. reading time\">\n\t<meta name=\"twitter:data2\" value=\"2 minuta\">\n<script type=\"application\/ld+json\" class=\"yoast-schema-graph\">{\"@context\":\"https:\/\/schema.org\",\"@graph\":[{\"@type\":\"Organization\",\"@id\":\"https:\/\/desrealestate.al\/sq\/#organization\",\"name\":\"DES Real Estate\",\"url\":\"https:\/\/desrealestate.al\/sq\/\",\"sameAs\":[\"https:\/\/www.facebook.com\/DesRealEstate.al\/\",\"https:\/\/www.instagram.com\/desrealestate.al\/\"],\"logo\":{\"@type\":\"ImageObject\",\"@id\":\"https:\/\/desrealestate.al\/sq\/#logo\",\"inLanguage\":\"sq\",\"url\":\"https:\/\/desrealestate.al\/wp-content\/uploads\/2020\/05\/DES-Real-Estate-Logo-Vertikale.png\",\"width\":171,\"height\":115,\"caption\":\"DES Real Estate\"},\"image\":{\"@id\":\"https:\/\/desrealestate.al\/sq\/#logo\"}},{\"@type\":\"WebSite\",\"@id\":\"https:\/\/desrealestate.al\/sq\/#website\",\"url\":\"https:\/\/desrealestate.al\/sq\/\",\"name\":\"DES Real Estate\",\"description\":\"Sht\\u00ebpia \\u00ebsht\\u00eb e para\",\"publisher\":{\"@id\":\"https:\/\/desrealestate.al\/sq\/#organization\"},\"potentialAction\":[{\"@type\":\"SearchAction\",\"target\":\"https:\/\/desrealestate.al\/sq\/?s={search_term_string}\",\"query-input\":\"required name=search_term_string\"}],\"inLanguage\":\"sq\"},{\"@type\":\"WebPage\",\"@id\":\"https:\/\/desrealestate.al\/kostot-e-shitjes-se-shtepise\/#webpage\",\"url\":\"https:\/\/desrealestate.al\/kostot-e-shitjes-se-shtepise\/\",\"name\":\"Kostot e shitjes s\\u00eb sht\\u00ebpis\\u00eb - DES Real Estate - Sht\\u00ebpi n\\u00eb shitje.\",\"isPartOf\":{\"@id\":\"https:\/\/desrealestate.al\/sq\/#website\"},\"datePublished\":\"2021-12-06T09:50:33+00:00\",\"dateModified\":\"2021-12-17T10:55:03+00:00\",\"description\":\"N\\u00ebse ke nxjerr\\u00eb nj\\u00eb sht\\u00ebpi n\\u00eb shitje, njihu fillimisht me t\\u00eb gjitha kostot q\\u00eb e shoq\\u00ebrojn\\u00eb procesin e shitjes s\\u00eb sht\\u00ebpis\\u00eb.\",\"inLanguage\":\"sq\",\"potentialAction\":[{\"@type\":\"ReadAction\",\"target\":[\"https:\/\/desrealestate.al\/kostot-e-shitjes-se-shtepise\/\"]}]}]}<\/script>\n<!-- \/ Yoast SEO Premium plugin. -->","_links":{"self":[{"href":"https:\/\/desrealestate.al\/sq\/wp-json\/wp\/v2\/pages\/46207"}],"collection":[{"href":"https:\/\/desrealestate.al\/sq\/wp-json\/wp\/v2\/pages"}],"about":[{"href":"https:\/\/desrealestate.al\/sq\/wp-json\/wp\/v2\/types\/page"}],"author":[{"embeddable":true,"href":"https:\/\/desrealestate.al\/sq\/wp-json\/wp\/v2\/users\/1"}],"replies":[{"embeddable":true,"href":"https:\/\/desrealestate.al\/sq\/wp-json\/wp\/v2\/comments?post=46207"}],"version-history":[{"count":218,"href":"https:\/\/desrealestate.al\/sq\/wp-json\/wp\/v2\/pages\/46207\/revisions"}],"predecessor-version":[{"id":47555,"href":"https:\/\/desrealestate.al\/sq\/wp-json\/wp\/v2\/pages\/46207\/revisions\/47555"}],"wp:attachment":[{"href":"https:\/\/desrealestate.al\/sq\/wp-json\/wp\/v2\/media?parent=46207"}],"curies":[{"name":"wp","href":"https:\/\/api.w.org\/{rel}","templated":true}]}}