{"id":46319,"date":"2021-12-06T13:52:15","date_gmt":"2021-12-06T13:52:15","guid":{"rendered":"https:\/\/desrealestate.al\/?page_id=46319"},"modified":"2022-02-04T10:30:18","modified_gmt":"2022-02-04T10:30:18","slug":"prona-ne-shitje","status":"publish","type":"page","link":"https:\/\/desrealestate.al\/sq\/prona-ne-shitje\/","title":{"rendered":"Prona ime \u00ebsht\u00eb n\u00eb shitje. Po pastaj?"},"content":{"rendered":"<h3><strong>Prona ime \u00ebsht\u00eb n\u00eb shitje &#8211; po pastaj?<\/strong><\/h3>\n<p>Nj\u00eb sht\u00ebpi e prezantuar mir\u00eb do t\u00eb b\u00ebj\u00eb dallim midis konkurent\u00ebve dhe do t\u00eb ftoj\u00eb shum\u00eb bler\u00ebs. Prezantimi ka kthim investimi, sepse e shet shum\u00eb m\u00eb shpejt dhe me vler\u00eb t\u00eb mir\u00eb.<\/p>\n<p><strong>\u00bb Ku do t\u00eb jetoj un\u00eb, pas shitjes s\u00eb sht\u00ebpis\u00eb dhe do t\u00eb duhet ta l\u00eb?<\/strong><\/p>\n<p>Kjo \u00ebsht\u00eb \u00e7\u00ebshtje e menduar para shitjes. Me siguri ju keni k\u00ebrkuar e<a href=\"https:\/\/desrealestate.al\/sq\/properties-search\/?location=any&amp;status=for-sale&amp;type=apartament&amp;min-area=&amp;max-area=&amp;min-price=&amp;max-price=&amp;bathrooms=any&amp;price-currency=any&amp;bedrooms=any&amp;price-type=any\"> bler\u00eb nj\u00eb sht\u00ebpi<\/a> tjet\u00ebr, ose do t\u00eb jetoni me qira p\u00ebr disa koh\u00eb dhe e keni gjetur sht\u00ebpin\u00eb.<\/p>\n<p><strong>\u00bb Si ta mbaj sht\u00ebpin\u00eb t\u00eb sigurt\u00eb gjat\u00eb prezantimit?<\/strong><\/p>\n<p>\u00cbsht\u00eb k\u00ebnaq\u00ebsi t\u2019ua prezantosh sht\u00ebpin\u00eb tuaj bler\u00ebsve t\u00eb mundsh\u00ebm, por duhet t\u00eb<br \/>\nmendoni edhe p\u00ebr sigurin\u00eb e saj e t\u00eb merrni masa p\u00ebr k\u00ebt\u00eb.<\/p>\n<p><strong>\u00bb Si funksionojn\u00eb negociatat?<\/strong><\/p>\n<p>Agjenti juaj merret me negociatat me bler\u00ebsin dhe ju siguron se si t\u00eb veproni drejt nj\u00eb deal-i p\u00ebr <a href=\"https:\/\/desrealestate.al\/sq\/properties-search\/?location=any&amp;status=for-sale&amp;type=any&amp;min-area=&amp;max-area=&amp;min-price=&amp;max-price=&amp;bathrooms=any&amp;price-currency=any&amp;bedrooms=any&amp;price-type=any\">prona n\u00eb shitje<\/a>. Kushtet e tregut mund t\u00eb diktojn\u00eb se si do t\u00eb l\u00ebvizin levat n\u00eb negociata dhe agjenti juaj do t\u00eb p\u00ebrcaktoj\u00eb strategjin\u00eb se si.<\/p>\n<p><strong>\u00bb Sa jan\u00eb kostot e shitjes?<\/strong><\/p>\n<p>P\u00ebrtej komisonit t\u00eb agjentit, q\u00eb zakonisht \u00ebsht\u00eb 4% t\u00eb \u00e7mimit t\u00eb pron\u00ebs n\u00eb shitje, shit\u00ebsi duhet<br \/>\nt\u00eb paguaj\u00eb edhe taks\u00ebn e kalimit t\u00eb pron\u00ebs. P\u00ebr m\u00eb shum\u00eb lexo <a href=\"https:\/\/desrealestate.al\/sq\/elementor-46207\/\">\u201cKostot e shitjes\u201d<\/a>.<br \/>\nAgjenti ju informon paraprakisht q\u00eb t\u00eb shmangni gabimet dhe padijen.<\/p>\n","protected":false},"excerpt":{"rendered":"<p>Prona ime \u00ebsht\u00eb n\u00eb shitje &#8211; po pastaj? Nj\u00eb sht\u00ebpi e prezantuar mir\u00eb do t\u00eb b\u00ebj\u00eb dallim midis konkurent\u00ebve dhe do t\u00eb ftoj\u00eb shum\u00eb bler\u00ebs. Prezantimi ka kthim investimi, sepse e shet shum\u00eb m\u00eb shpejt dhe me vler\u00eb t\u00eb mir\u00eb. \u00bb Ku do t\u00eb jetoj un\u00eb, pas shitjes s\u00eb sht\u00ebpis\u00eb dhe do t\u00eb duhet ta [&hellip;]<\/p>\n","protected":false},"author":1,"featured_media":0,"parent":0,"menu_order":0,"comment_status":"closed","ping_status":"closed","template":"","meta":{"footnotes":""},"class_list":["post-46319","page","type-page","status-publish","hentry"],"yoast_head":"<!-- This site is optimized with the Yoast SEO Premium plugin v15.2 - https:\/\/yoast.com\/wordpress\/plugins\/seo\/ -->\n<title>Prona n\u00eb shitje - DES Real Estate - Prona ime \u00ebsht\u00eb n\u00eb shitje. Po pastaj?<\/title>\n<meta name=\"description\" content=\"Pasi t\u00eb nxirrni prona n\u00eb shitje, duhet t\u00eb jeni t\u00eb kujdessh\u00ebm p\u00ebr disa situata q\u00eb do hasni gjat\u00eb procesit si kostot e shitjes dhe negociatat.\" \/>\n<meta name=\"robots\" content=\"index, follow, max-snippet:-1, max-image-preview:large, max-video-preview:-1\" \/>\n<link rel=\"canonical\" href=\"https:\/\/desrealestate.al\/prona-ne-shitje\/\" \/>\n<meta property=\"og:locale\" content=\"sq_AL\" \/>\n<meta property=\"og:type\" content=\"article\" \/>\n<meta property=\"og:title\" content=\"Prona n\u00eb shitje - DES Real Estate - Prona ime \u00ebsht\u00eb n\u00eb shitje. Po pastaj?\" \/>\n<meta property=\"og:description\" content=\"Pasi t\u00eb nxirrni prona n\u00eb shitje, duhet t\u00eb jeni t\u00eb kujdessh\u00ebm p\u00ebr disa situata q\u00eb do hasni gjat\u00eb procesit si kostot e shitjes dhe negociatat.\" \/>\n<meta property=\"og:url\" content=\"https:\/\/desrealestate.al\/prona-ne-shitje\/\" \/>\n<meta property=\"og:site_name\" content=\"DES Real Estate\" \/>\n<meta property=\"article:publisher\" content=\"https:\/\/www.facebook.com\/DesRealEstate.al\/\" \/>\n<meta property=\"article:modified_time\" content=\"2022-02-04T10:30:18+00:00\" \/>\n<meta property=\"og:image\" content=\"https:\/\/desrealestate.al\/wp-content\/uploads\/2020\/11\/DES-Real-Estate-Logo-Vertikale-fb.jpg\" \/>\n\t<meta property=\"og:image:width\" content=\"1102\" \/>\n\t<meta property=\"og:image:height\" content=\"596\" \/>\n<meta property=\"fb:app_id\" content=\"387924425682656\" \/>\n<meta name=\"twitter:card\" content=\"summary_large_image\" \/>\n<meta name=\"twitter:label1\" value=\"Written by\">\n\t<meta name=\"twitter:data1\" value=\"master\">\n\t<meta name=\"twitter:label2\" value=\"Est. reading time\">\n\t<meta name=\"twitter:data2\" value=\"1 minut\u00eb\">\n<script type=\"application\/ld+json\" class=\"yoast-schema-graph\">{\"@context\":\"https:\/\/schema.org\",\"@graph\":[{\"@type\":\"Organization\",\"@id\":\"https:\/\/desrealestate.al\/sq\/#organization\",\"name\":\"DES Real Estate\",\"url\":\"https:\/\/desrealestate.al\/sq\/\",\"sameAs\":[\"https:\/\/www.facebook.com\/DesRealEstate.al\/\",\"https:\/\/www.instagram.com\/desrealestate.al\/\"],\"logo\":{\"@type\":\"ImageObject\",\"@id\":\"https:\/\/desrealestate.al\/sq\/#logo\",\"inLanguage\":\"sq\",\"url\":\"https:\/\/desrealestate.al\/wp-content\/uploads\/2020\/05\/DES-Real-Estate-Logo-Vertikale.png\",\"width\":171,\"height\":115,\"caption\":\"DES Real Estate\"},\"image\":{\"@id\":\"https:\/\/desrealestate.al\/sq\/#logo\"}},{\"@type\":\"WebSite\",\"@id\":\"https:\/\/desrealestate.al\/sq\/#website\",\"url\":\"https:\/\/desrealestate.al\/sq\/\",\"name\":\"DES Real Estate\",\"description\":\"Sht\\u00ebpia \\u00ebsht\\u00eb e para\",\"publisher\":{\"@id\":\"https:\/\/desrealestate.al\/sq\/#organization\"},\"potentialAction\":[{\"@type\":\"SearchAction\",\"target\":\"https:\/\/desrealestate.al\/sq\/?s={search_term_string}\",\"query-input\":\"required name=search_term_string\"}],\"inLanguage\":\"sq\"},{\"@type\":\"WebPage\",\"@id\":\"https:\/\/desrealestate.al\/prona-ne-shitje\/#webpage\",\"url\":\"https:\/\/desrealestate.al\/prona-ne-shitje\/\",\"name\":\"Prona n\\u00eb shitje - DES Real Estate - Prona ime \\u00ebsht\\u00eb n\\u00eb shitje. Po pastaj?\",\"isPartOf\":{\"@id\":\"https:\/\/desrealestate.al\/sq\/#website\"},\"datePublished\":\"2021-12-06T13:52:15+00:00\",\"dateModified\":\"2022-02-04T10:30:18+00:00\",\"description\":\"Pasi t\\u00eb nxirrni prona n\\u00eb shitje, duhet t\\u00eb jeni t\\u00eb kujdessh\\u00ebm p\\u00ebr disa situata q\\u00eb do hasni gjat\\u00eb procesit si kostot e shitjes dhe negociatat.\",\"inLanguage\":\"sq\",\"potentialAction\":[{\"@type\":\"ReadAction\",\"target\":[\"https:\/\/desrealestate.al\/prona-ne-shitje\/\"]}]}]}<\/script>\n<!-- \/ Yoast SEO Premium plugin. -->","_links":{"self":[{"href":"https:\/\/desrealestate.al\/sq\/wp-json\/wp\/v2\/pages\/46319"}],"collection":[{"href":"https:\/\/desrealestate.al\/sq\/wp-json\/wp\/v2\/pages"}],"about":[{"href":"https:\/\/desrealestate.al\/sq\/wp-json\/wp\/v2\/types\/page"}],"author":[{"embeddable":true,"href":"https:\/\/desrealestate.al\/sq\/wp-json\/wp\/v2\/users\/1"}],"replies":[{"embeddable":true,"href":"https:\/\/desrealestate.al\/sq\/wp-json\/wp\/v2\/comments?post=46319"}],"version-history":[{"count":108,"href":"https:\/\/desrealestate.al\/sq\/wp-json\/wp\/v2\/pages\/46319\/revisions"}],"predecessor-version":[{"id":48024,"href":"https:\/\/desrealestate.al\/sq\/wp-json\/wp\/v2\/pages\/46319\/revisions\/48024"}],"wp:attachment":[{"href":"https:\/\/desrealestate.al\/sq\/wp-json\/wp\/v2\/media?parent=46319"}],"curies":[{"name":"wp","href":"https:\/\/api.w.org\/{rel}","templated":true}]}}