{"id":46384,"date":"2021-12-07T13:31:04","date_gmt":"2021-12-07T13:31:04","guid":{"rendered":"https:\/\/desrealestate.al\/?page_id=46384"},"modified":"2021-12-13T10:58:18","modified_gmt":"2021-12-13T10:58:18","slug":"zhvendosja-eshte-stresuese-ne-cdo-rast-brenda-apo-jashte-qytetit","status":"publish","type":"page","link":"https:\/\/desrealestate.al\/sq\/zhvendosja-eshte-stresuese-ne-cdo-rast-brenda-apo-jashte-qytetit\/","title":{"rendered":"Zhvendosja \u00ebsht\u00eb stresuese n\u00eb \u00e7do rast, brenda apo jasht\u00eb qytetit."},"content":{"rendered":"<h3>Zhvendosja \u00ebsht\u00eb stresuese n\u00eb \u00e7do rast, brenda apo jasht\u00eb qytetit.<\/h3>\n<p>Sapo ju mbyllni shitjen e sht\u00ebpis\u00eb, realiteti i paketimit, l\u00ebvizjes dhe ngritja e nj\u00eb sht\u00ebpie t\u00eb re \u00ebsht\u00eb d\u00ebrrmuese. Planifikimi i mir\u00eb mund ta b\u00ebj\u00eb m\u00eb pak stresuese dhe p\u00ebr k\u00ebt\u00eb ndiqni k\u00ebshillat:<\/p>\n<p><strong>\u00a0 Fillimi.<\/strong><\/p>\n<p>\u00bb\u00a0Kur ju e dini dit\u00ebn e largimit nga sht\u00ebpia q\u00eb shit\u00ebt, vendosni afate kohore q\u00eb t\u00eb siguroheni se detyrat themelore do t\u00eb kryhen n\u00eb koh\u00eb.<\/p>\n<p>\u00bb\u00a0Llogarisni list\u00ebn e sendeve q\u00eb do t\u00eb l\u00ebvizni, q\u00eb t\u00eb llogarisni se si dhe me k\u00eb do ta b\u00ebni zhvendosjen e tyre. \u00c7far\u00eb mjetesh ju duhen dhe sa njer\u00ebz.<\/p>\n<p>\u00bb\u00a0N\u00ebse do ta b\u00ebni me kompani, rezervoni dit\u00ebn dhe dat\u00ebn.<\/p>\n<p>P\u00ebrgatisni mir\u00eb zhvendosjen p\u00ebr t\u00eb shp\u00ebtuar nga sende q\u00eb nuk i doni m\u00eb, nga gj\u00ebra t\u00eb mbetura n\u00ebp\u00ebr cepa q\u00eb thjesht i keni harruar pa i hequr. Ato largojini.<\/p>\n<p>Largimi nga sht\u00ebpia q\u00eb keni shitur \u00ebsht\u00eb rast i mir\u00eb p\u00ebr t\u00eb larguar, falur, hedhur sende apo objekte t\u00eb cilat nuk i p\u00ebrdorni.<\/p>\n<ul>\n<li>Ndryshoni adres\u00ebn n\u00eb institucionet ku duhet ta b\u00ebsh;<\/li>\n<li>Ndryshoni adres\u00ebn te:<\/li>\n<li>Pun\u00ebdh\u00ebn\u00ebsi.<\/li>\n<li>Banka.<\/li>\n<li>Utilitetet (uj\u00eb, drita).<\/li>\n<li>Kompanin\u00eb e internetit.<\/li>\n<li>Kompanin\u00eb e sigurimit, n\u00ebse keni sigurim sht\u00ebpie etj.<\/li>\n<li>Gjendjen civile si dhe t\u00eb gjitha vendet ku duhet t\u00eb paraqisni ndryshimin e vendbanimit.<\/li>\n<\/ul>\n<p><strong>\u00a0 Paketimi.<\/strong><\/p>\n<p>\u00bb Paketoni n\u00eb kuti sendet sipas llojit, duke sh\u00ebnuar sip\u00ebr p\u00ebrmbajtjen e kutis\u00eb dhe dhom\u00ebn ku do t\u2019i vendosni.<\/p>\n<p>\u00bb Mobiljet vishini me qese dhe kapini mir\u00eb.<\/p>\n<p>\u00bb Siguroni m\u00eb par\u00eb: kutit\u00eb, qeset, ngjit\u00ebset, etiketat, letra dhe qese paketimi, etj.<\/p>\n<p>\u00bb Kujdes p\u00ebr mobiljet q\u00eb kur zb\u00ebrthehen kan\u00eb pjes\u00eb si vida, aksesor\u00eb, brava, etj.<\/p>\n<p><strong>\u00a0 B\u00ebni zhvendosjen.<\/strong><\/p>\n<p>\u00bb Pastroni e lini t\u00eb past\u00ebr sht\u00ebpin\u00eb para largimit.<\/p>\n<p><strong>\u00a0 Ngrohja e sht\u00ebpis\u00eb suaj t\u00eb re.<\/strong><\/p>\n<p>\u00bb Sapo t\u00eb jeni stabilizuar n\u00eb sht\u00ebpin\u00eb e re, ftoni familjar\u00ebt, miqt\u00eb p\u00ebr t\u00eb festuar. Atmosfera q\u00eb ata krijojn\u00eb \u00ebsht\u00eb e mrekullueshme p\u00ebr ta ngrohur mjedisin tuaj t\u00eb ri dhe atmosfer\u00ebn.<\/p>\n<p><strong>\u00a0 Duhet t\u00eb blej apo t\u00eb marr sht\u00ebpi me qira n\u00eb nj\u00eb zon\u00eb t\u00eb re?<\/strong><\/p>\n<p>Shit\u00ebsit e sht\u00ebpis\u00eb shpesh jan\u00eb n\u00eb m\u00ebdyshje, n\u00ebse duhet t\u00eb marrin me qira<br \/>sht\u00ebpi n\u00eb nj\u00eb zone tjet\u00ebr apo t\u00eb blejn\u00eb menj\u00ebher\u00eb nj\u00eb sht\u00ebpi tjet\u00ebr.<\/p>\n<p>Gjeni pro-t\u00eb dhe kundra-t p\u00ebr k\u00ebto, p\u00ebr t\u00eb kuptuar se cila \u00ebsht\u00eb m\u00eb e mira p\u00ebr ju.<\/p>\n<p><strong>Pro-t\u00eb p\u00ebr t\u00eb shkuar n\u00eb sht\u00ebpi me qira!<\/strong><\/p>\n<p><strong>\u00bb<\/strong> Duke marr\u00eb nj\u00eb sht\u00ebpi me qira n\u00eb nj\u00eb zon\u00eb t\u00eb re q\u00eb ju p\u00eblqen, keni mund\u00ebsi ta njihni zon\u00ebn m\u00eb mir\u00eb,nuk do keni presionin p\u00ebr t\u00eb zgjedhur p\u00ebr blerje dhe keni mund\u00ebsi t\u00eb eksploroni me qet\u00ebsi pronat q\u00eb dalin n\u00eb shitje aty.<\/p>\n<p>Psh. n\u00ebse shkoni n\u00eb qytet t\u00eb ri p\u00ebr pun\u00eb, qiraja mund t\u00eb jet\u00eb zgjidhja m\u00eb e p\u00ebrshtatshme sa t\u00eb testoni veten dhe t\u00eb kuptoni a doni t\u00eb jetoni aty.<\/p>\n<p><strong>Kundra &#8211; p\u00ebr t\u00eb shkuar n\u00eb sht\u00ebpi me qira!<\/strong><\/p>\n<p>\u00bb N\u00ebse m\u00eb par\u00eb ju e keni pasur n\u00eb pron\u00ebsi sht\u00ebpin\u00eb, l\u00ebvizja drejt nj\u00eb sht\u00ebpie me qira mund t&#8217;ju duket si \u201chap mbrapa\u201d. Kjo mund tju vendosi ju n\u00eb pozit\u00ebn q\u00eb t\u2019i vendosni gj\u00ebrat tuaja n\u00eb ambjente q\u00eb nuk jan\u00eb fiks p\u00ebr to dhe duhet t\u00eb b\u00ebni shpenzime ekstra p\u00ebr t\u00eb plot\u00ebsuar garderob\u00ebn, kuzhin\u00ebn dhe paisjet q\u00eb keni, k\u00ebpuc\u00ebt, shtresat dhe mbulesat etj.<\/p>\n<p>Kjo mund t\u2019ju \u00e7oj\u00eb q\u00eb t\u00eb vendosni n\u00eb depo gj\u00ebra q\u00eb ju duhen dhe q\u00eb i p\u00ebrdorni.<\/p>\n<p>Por n\u00ebse q\u00ebllimi final \u00ebsht\u00eb blerja e nj\u00eb sht\u00ebpie, i bie t\u00eb l\u00ebvizni p\u00ebrs\u00ebri pla\u00e7kat tuaja, pra t\u00eb zhvendoseni 2 her\u00eb, gj\u00eb q\u00eb krijon shum\u00eb stres dhe ka kostot e veta. Pra, sa m\u00eb gjat\u00eb q\u00eb ju q\u00ebndroni me qira, aq m\u00eb gjat\u00eb ju vononi nd\u00ebrtimin e pasuris\u00eb tuaj.<\/p>\n<p style=\"text-align: left;\"><strong>\u00a0 Pro-t\u00eb dhe Kundra-t e blerjes!<\/strong><\/p>\n<p>Shit\u00ebsit e sht\u00ebpis\u00eb shpesh jan\u00eb n\u00eb m\u00ebdyshje, n\u00ebse duhet t\u00eb marrin me qira sht\u00ebpi <br \/>n\u00eb nj\u00eb zon\u00eb tjet\u00ebr apo t\u00eb blejn\u00eb menj\u00ebher\u00eb nj\u00eb sht\u00ebpi tjet\u00ebr.<\/p>\n<p>Gjeni pro-t\u00eb dhe kundra-t p\u00ebr k\u00ebto, p\u00ebr t\u00eb kuptuar se cila \u00ebsht\u00eb m\u00eb e mira p\u00ebr ju.<\/p>\n<p><strong>Pro-t\u00eb e blerjes!<\/strong><\/p>\n<p>\u00bb Blerja menj\u00ebher\u00eb e nj\u00eb sht\u00ebpie, pasi shet t\u00eb par\u00ebn, \u00ebsht\u00eb sip\u00ebrmarrje e madhe finaciare krahasuar me qiramarrjen.<\/p>\n<p>Ju nuk do ndjeheni keq nga l\u00ebvizja nga nj\u00eb sht\u00ebpi jotja n\u00eb nj\u00eb sht\u00ebpi me qira dhe nuk do zhvendoseni dy her\u00eb n\u00eb nj\u00eb koh\u00eb t\u00eb shkurt\u00ebr.<\/p>\n<p>Nd\u00ebrkoh\u00eb, blerja e sht\u00ebpis\u00eb \u00ebsht\u00eb porta p\u00ebr t\u00eb nd\u00ebrtuar pasurin\u00eb tuaj.<\/p>\n<p><strong>Kundra-t e blerjes!<\/strong><\/p>\n<p>\u00bb N\u00ebse ju nuk e keni vizituar qytetin tuaj t\u00eb ri, do t\u00eb duhet t\u00eb provoni ndjesit\u00eb q\u00eb ju jep zona. Blerja e sht\u00ebpis\u00eb k\u00ebrkon sip\u00ebrmarrje dometh\u00ebn\u00ebse financiare, ve\u00e7an\u00ebrisht n\u00ebse tregu ku po shkoni ka \u00e7mime m\u00eb t\u00eb larta.<\/p>\n<p>K\u00ebshtu, shp\u00ebrblimi i blerjes me sukses t\u00eb sht\u00ebpis\u00eb, si proces plot detaje dhe koh\u00ebs s\u00eb v\u00ebshtir\u00eb i shtohet edhe zhvendosja.<\/p>\n<p>P\u00ebr m\u00eb tep\u00ebr, si pronar, ju jeni p\u00ebrgjegj\u00ebs p\u00ebr mir\u00ebmbajtjen e sht\u00ebpis\u00eb tuaj. B\u00ebrja e riparimeve, rregullimi i kopshtit, dhe mbajtja e gjith\u00eb sistemeve n\u00eb pun\u00eb k\u00ebrkon koh\u00eb dhe para.<\/p>\n<p>P\u00ebrfundimisht, n\u00ebse \u00ebsht\u00eb m\u00eb mir\u00eb t\u00eb blesh apo t\u00eb marr\u00ebsh sht\u00ebpi me qira, kur shkoni t\u00eb banoni n\u00eb zon\u00eb t\u00eb re varet nga cfar\u00eb \u00ebsht\u00eb e mir\u00eb p\u00ebr ju dhe p\u00ebr mobiljet dhe gj\u00ebrat q\u00eb keni.<\/p>\n<p>Po k\u00ebrkoni t\u00eb zini rr\u00ebnj\u00eb menj\u00ebher\u00eb? <br \/>Apo ju preferoni t\u00eb jetoni n\u00eb zon\u00eb p\u00ebr ca koh\u00eb p\u00ebrpara se t\u00eb vendosni ku t\u00eb jetoni?<\/p>\n<p>Merrni koh\u00ebn p\u00ebr t\u00eb konsideruar k\u00ebto faktor\u00eb dhe punoni ngusht\u00ebsisht me nj\u00eb Agjenci pronash dhe agjent q\u00eb do tju ndihmojn\u00eb n\u00eb k\u00ebt\u00eb rrug\u00ebtim.<\/p>\n<p><strong>\u00a0 Si ta pastroj sht\u00ebpin\u00eb?<\/strong><\/p>\n<p>\u00bb Pastrimi me themel i sht\u00ebpis\u00eb pas largimit t\u00eb mobiljeve e sendeve tuaja e t\u00eb familjes duhet b\u00ebr\u00eb mir\u00eb. N\u00ebse sht\u00ebpia q\u00eb po shisni \u00ebsht\u00eb private, keni mund\u00ebsi t\u00eb mira p\u00ebr t\u00eb liruar ambjentet e brendshme, t\u00eb pastroni dhe t\u00eb p\u00ebrgatiteni p\u00ebr t\u00eb l\u00ebvizur n\u00eb lokacion t\u00eb ri.<\/p>\n<p>N\u00eb \u00e7do rast falini ose dhurojini sendet e pap\u00ebrdorshme dhe p\u00ebrfshini t\u00eb gjith\u00eb familjen n\u00eb transferimin e sht\u00ebpis\u00eb.<\/p>\n<p><strong>\u00a0 Si mund ta b\u00ebj largimin sa m\u00eb t\u00eb leht\u00eb?<\/strong><\/p>\n<p>\u00bb Jini sa m\u00eb i organizuar q\u00eb mundeni kur paketoni pla\u00e7kat. Mobiljet, elektrosht\u00ebpiaket, veshjet, k\u00ebpuc\u00ebt, sendet personale, en\u00ebt e guzin\u00ebs, planifikoni l\u00ebvizjen m\u00eb par\u00eb, dhe siguroni utilitetet tek sht\u00ebpia e re.<\/p>\n<p style=\"text-align: left;\"><strong>Urime p\u00ebr sht\u00ebpin\u00eb e re!<\/strong><\/p>\n<p style=\"text-align: left;\">Ju kaluat p\u00ebrmes nj\u00eb procesi t\u00eb nd\u00ebrlikuar e plot mundime dhe emocione.<\/p>\n<p>\t\t\t\t\t\t\t\t\t\t\t\t<img decoding=\"async\" width=\"710\" height=\"379\" src=\"https:\/\/desrealestate.al\/wp-content\/uploads\/2021\/12\/house-1024x547.png\" alt=\"\" loading=\"lazy\" srcset=\"https:\/\/desrealestate.al\/wp-content\/uploads\/2021\/12\/house-1024x547.png 1024w, https:\/\/desrealestate.al\/wp-content\/uploads\/2021\/12\/house-300x160.png 300w, https:\/\/desrealestate.al\/wp-content\/uploads\/2021\/12\/house-768x410.png 768w, https:\/\/desrealestate.al\/wp-content\/uploads\/2021\/12\/house.png 1364w\" sizes=\"(max-width: 710px) 100vw, 710px\" \/>\t\t\t\t\t\t\t\t\t\t\t\t\t\t<\/p>\n<p>P\u00ebr t\u00eb mbrojtur veten dhe investimin tuaj, b\u00ebni k\u00ebto gj\u00ebra nd\u00ebrsa transferoheni:<\/p>\n<ol>\n<li>Ndryshoni bravat e dyerve dhe t\u00eb garazhit.<\/li>\n<li>Kontrolloni fik\u00ebset e zjarrit dhe detektor\u00ebt.<\/li>\n<li>Instaloni nj\u00eb sistem sigurie me kamera dhe sinjal alarmi.<\/li>\n<li>Takojini fqinj\u00ebt.<\/li>\n<\/ol>\n<p>Nd\u00ebrtoni nj\u00eb sens komuniteti duke i takuar fqinj\u00ebt dhe duke u \u00e7uar nj\u00eb dhurat\u00eb t\u00eb vog\u00ebl falenderimi p\u00ebr zhurm\u00ebn dhe rr\u00ebmuj\u00ebn q\u00eb krijuat me ardhjen n\u00eb sht\u00ebpin\u00eb e re.<\/p>\n<p>Kjo do t\u2018ju b\u00ebj t\u00eb shikoni se kujt do t\u2019ia besoni p\u00ebr t\u00eb hedhur nj\u00eb sy, kur ju nuk jeni n\u00eb sht\u00ebpi ose kur t\u2019ju duhet ndihm\u00eb.<\/p>\n","protected":false},"excerpt":{"rendered":"<p>Zhvendosja \u00ebsht\u00eb stresuese n\u00eb \u00e7do rast, brenda apo jasht\u00eb qytetit. Sapo ju mbyllni shitjen e sht\u00ebpis\u00eb, realiteti i paketimit, l\u00ebvizjes dhe ngritja e nj\u00eb sht\u00ebpie t\u00eb re \u00ebsht\u00eb d\u00ebrrmuese. Planifikimi i mir\u00eb mund ta b\u00ebj\u00eb m\u00eb pak stresuese dhe p\u00ebr k\u00ebt\u00eb ndiqni k\u00ebshillat: \u00a0 Fillimi. \u00bb\u00a0Kur ju e dini dit\u00ebn e largimit nga sht\u00ebpia q\u00eb [&hellip;]<\/p>\n","protected":false},"author":1,"featured_media":0,"parent":0,"menu_order":0,"comment_status":"closed","ping_status":"closed","template":"","meta":{"footnotes":""},"class_list":["post-46384","page","type-page","status-publish","hentry"],"yoast_head":"<!-- This site is optimized with the Yoast SEO Premium plugin v15.2 - https:\/\/yoast.com\/wordpress\/plugins\/seo\/ -->\n<title>Zhvendosja \u00ebsht\u00eb stresuese n\u00eb \u00e7do rast, brenda apo jasht\u00eb qytetit. - DES Real Estate<\/title>\n<meta name=\"robots\" content=\"index, follow, max-snippet:-1, max-image-preview:large, max-video-preview:-1\" \/>\n<link rel=\"canonical\" href=\"https:\/\/desrealestate.al\/zhvendosja-eshte-stresuese-ne-cdo-rast-brenda-apo-jashte-qytetit\/\" \/>\n<meta property=\"og:locale\" content=\"sq_AL\" \/>\n<meta property=\"og:type\" content=\"article\" \/>\n<meta property=\"og:title\" content=\"Zhvendosja \u00ebsht\u00eb stresuese n\u00eb \u00e7do rast, brenda apo jasht\u00eb qytetit. - DES Real Estate\" \/>\n<meta property=\"og:description\" content=\"Zhvendosja \u00ebsht\u00eb stresuese n\u00eb \u00e7do rast, brenda apo jasht\u00eb qytetit. Sapo ju mbyllni shitjen e sht\u00ebpis\u00eb, realiteti i paketimit, l\u00ebvizjes dhe ngritja e nj\u00eb sht\u00ebpie t\u00eb re \u00ebsht\u00eb d\u00ebrrmuese. Planifikimi i mir\u00eb mund ta b\u00ebj\u00eb m\u00eb pak stresuese dhe p\u00ebr k\u00ebt\u00eb ndiqni k\u00ebshillat: \u00a0 Fillimi. \u00bb\u00a0Kur ju e dini dit\u00ebn e largimit nga sht\u00ebpia q\u00eb [&hellip;]\" \/>\n<meta property=\"og:url\" content=\"https:\/\/desrealestate.al\/zhvendosja-eshte-stresuese-ne-cdo-rast-brenda-apo-jashte-qytetit\/\" \/>\n<meta property=\"og:site_name\" content=\"DES Real Estate\" \/>\n<meta property=\"article:publisher\" content=\"https:\/\/www.facebook.com\/DesRealEstate.al\/\" \/>\n<meta property=\"article:modified_time\" content=\"2021-12-13T10:58:18+00:00\" \/>\n<meta property=\"og:image\" content=\"https:\/\/desrealestate.al\/wp-content\/uploads\/2021\/12\/house-1024x547.png\" \/>\n<meta property=\"fb:app_id\" content=\"387924425682656\" \/>\n<meta name=\"twitter:card\" content=\"summary_large_image\" \/>\n<meta name=\"twitter:label1\" value=\"Written by\">\n\t<meta name=\"twitter:data1\" value=\"master\">\n\t<meta name=\"twitter:label2\" value=\"Est. reading time\">\n\t<meta name=\"twitter:data2\" value=\"5 minuta\">\n<script type=\"application\/ld+json\" class=\"yoast-schema-graph\">{\"@context\":\"https:\/\/schema.org\",\"@graph\":[{\"@type\":\"Organization\",\"@id\":\"https:\/\/desrealestate.al\/sq\/#organization\",\"name\":\"DES Real Estate\",\"url\":\"https:\/\/desrealestate.al\/sq\/\",\"sameAs\":[\"https:\/\/www.facebook.com\/DesRealEstate.al\/\",\"https:\/\/www.instagram.com\/desrealestate.al\/\"],\"logo\":{\"@type\":\"ImageObject\",\"@id\":\"https:\/\/desrealestate.al\/sq\/#logo\",\"inLanguage\":\"sq\",\"url\":\"https:\/\/desrealestate.al\/wp-content\/uploads\/2020\/05\/DES-Real-Estate-Logo-Vertikale.png\",\"width\":171,\"height\":115,\"caption\":\"DES Real Estate\"},\"image\":{\"@id\":\"https:\/\/desrealestate.al\/sq\/#logo\"}},{\"@type\":\"WebSite\",\"@id\":\"https:\/\/desrealestate.al\/sq\/#website\",\"url\":\"https:\/\/desrealestate.al\/sq\/\",\"name\":\"DES Real Estate\",\"description\":\"Sht\\u00ebpia \\u00ebsht\\u00eb e para\",\"publisher\":{\"@id\":\"https:\/\/desrealestate.al\/sq\/#organization\"},\"potentialAction\":[{\"@type\":\"SearchAction\",\"target\":\"https:\/\/desrealestate.al\/sq\/?s={search_term_string}\",\"query-input\":\"required name=search_term_string\"}],\"inLanguage\":\"sq\"},{\"@type\":\"ImageObject\",\"@id\":\"https:\/\/desrealestate.al\/zhvendosja-eshte-stresuese-ne-cdo-rast-brenda-apo-jashte-qytetit\/#primaryimage\",\"inLanguage\":\"sq\",\"url\":\"https:\/\/desrealestate.al\/wp-content\/uploads\/2021\/12\/house.png\",\"width\":1364,\"height\":728},{\"@type\":\"WebPage\",\"@id\":\"https:\/\/desrealestate.al\/zhvendosja-eshte-stresuese-ne-cdo-rast-brenda-apo-jashte-qytetit\/#webpage\",\"url\":\"https:\/\/desrealestate.al\/zhvendosja-eshte-stresuese-ne-cdo-rast-brenda-apo-jashte-qytetit\/\",\"name\":\"Zhvendosja \\u00ebsht\\u00eb stresuese n\\u00eb \\u00e7do rast, brenda apo jasht\\u00eb qytetit. - DES Real Estate\",\"isPartOf\":{\"@id\":\"https:\/\/desrealestate.al\/sq\/#website\"},\"primaryImageOfPage\":{\"@id\":\"https:\/\/desrealestate.al\/zhvendosja-eshte-stresuese-ne-cdo-rast-brenda-apo-jashte-qytetit\/#primaryimage\"},\"datePublished\":\"2021-12-07T13:31:04+00:00\",\"dateModified\":\"2021-12-13T10:58:18+00:00\",\"inLanguage\":\"sq\",\"potentialAction\":[{\"@type\":\"ReadAction\",\"target\":[\"https:\/\/desrealestate.al\/zhvendosja-eshte-stresuese-ne-cdo-rast-brenda-apo-jashte-qytetit\/\"]}]}]}<\/script>\n<!-- \/ Yoast SEO Premium plugin. -->","_links":{"self":[{"href":"https:\/\/desrealestate.al\/sq\/wp-json\/wp\/v2\/pages\/46384"}],"collection":[{"href":"https:\/\/desrealestate.al\/sq\/wp-json\/wp\/v2\/pages"}],"about":[{"href":"https:\/\/desrealestate.al\/sq\/wp-json\/wp\/v2\/types\/page"}],"author":[{"embeddable":true,"href":"https:\/\/desrealestate.al\/sq\/wp-json\/wp\/v2\/users\/1"}],"replies":[{"embeddable":true,"href":"https:\/\/desrealestate.al\/sq\/wp-json\/wp\/v2\/comments?post=46384"}],"version-history":[{"count":199,"href":"https:\/\/desrealestate.al\/sq\/wp-json\/wp\/v2\/pages\/46384\/revisions"}],"predecessor-version":[{"id":47308,"href":"https:\/\/desrealestate.al\/sq\/wp-json\/wp\/v2\/pages\/46384\/revisions\/47308"}],"wp:attachment":[{"href":"https:\/\/desrealestate.al\/sq\/wp-json\/wp\/v2\/media?parent=46384"}],"curies":[{"name":"wp","href":"https:\/\/api.w.org\/{rel}","templated":true}]}}